{"id":793,"date":"2014-05-17T11:10:00","date_gmt":"2014-05-17T10:10:00","guid":{"rendered":"http:\/\/localhost\/CSCP\/?page_id=793"},"modified":"2025-08-20T12:50:01","modified_gmt":"2025-08-20T11:50:01","slug":"equipements-et-apres-plongee","status":"publish","type":"page","link":"https:\/\/www.cscp-plongee.com\/?page_id=793","title":{"rendered":"Equipements et Apr\u00e8s plong\u00e9e"},"content":{"rendered":"<p><span style=\"font-family: 'arial black', 'avant garde'; color: #003300; font-size: 12pt;\">Le Club<\/span><\/p>\n<table style=\"border-collapse: collapse; width: 100%;\">\n<tbody>\n<tr>\n<td style=\"width: 25%;\"><a href=\"https:\/\/www.cscp-plongee.com\/wp-content\/uploads\/2024\/02\/notre-club.jpeg\" data-rel=\"lightbox-image-0\" data-rl_title=\"\" data-rl_caption=\"\" title=\"\"><img decoding=\"async\" class=\"wp-image-3535 aligncenter\" src=\"https:\/\/www.cscp-plongee.com\/wp-content\/uploads\/2024\/02\/notre-club-225x300.jpeg\" alt=\"\" width=\"155\" height=\"206\" srcset=\"https:\/\/www.cscp-plongee.com\/wp-content\/uploads\/2024\/02\/notre-club-225x300.jpeg 225w, https:\/\/www.cscp-plongee.com\/wp-content\/uploads\/2024\/02\/notre-club-768x1024.jpeg 768w, https:\/\/www.cscp-plongee.com\/wp-content\/uploads\/2024\/02\/notre-club-1152x1536.jpeg 1152w, https:\/\/www.cscp-plongee.com\/wp-content\/uploads\/2024\/02\/notre-club-750x1000.jpeg 750w, https:\/\/www.cscp-plongee.com\/wp-content\/uploads\/2024\/02\/notre-club.jpeg 1200w\" sizes=\"(max-width: 155px) 100vw, 155px\" \/><\/a><\/td>\n<td style=\"width: 25%;\"><a href=\"http:\/\/www.cscp-plongee.com\/wp-content\/uploads\/2020\/10\/IMG-20201017-WA0005.jpg\" data-rel=\"lightbox-image-1\" data-rl_title=\"\" data-rl_caption=\"\" title=\"\"><img fetchpriority=\"high\" decoding=\"async\" class=\"alignnone size-medium wp-image-3012\" src=\"http:\/\/www.cscp-plongee.com\/wp-content\/uploads\/2020\/10\/IMG-20201017-WA0005-300x225.jpg\" alt=\"\" width=\"300\" height=\"225\" srcset=\"https:\/\/www.cscp-plongee.com\/wp-content\/uploads\/2020\/10\/IMG-20201017-WA0005-300x225.jpg 300w, https:\/\/www.cscp-plongee.com\/wp-content\/uploads\/2020\/10\/IMG-20201017-WA0005-768x576.jpg 768w, https:\/\/www.cscp-plongee.com\/wp-content\/uploads\/2020\/10\/IMG-20201017-WA0005-750x563.jpg 750w, https:\/\/www.cscp-plongee.com\/wp-content\/uploads\/2020\/10\/IMG-20201017-WA0005.jpg 1024w\" sizes=\"(max-width: 300px) 100vw, 300px\" \/><\/a><\/td>\n<td style=\"width: 25%;\"><a href=\"http:\/\/www.cscp-plongee.com\/wp-content\/uploads\/2020\/10\/IMG-20201017-WA0010.jpg\" data-rel=\"lightbox-image-2\" data-rl_title=\"\" data-rl_caption=\"\" title=\"\"><img decoding=\"async\" class=\"alignnone size-medium wp-image-3017\" src=\"http:\/\/www.cscp-plongee.com\/wp-content\/uploads\/2020\/10\/IMG-20201017-WA0010-300x225.jpg\" alt=\"\" width=\"300\" height=\"225\" srcset=\"https:\/\/www.cscp-plongee.com\/wp-content\/uploads\/2020\/10\/IMG-20201017-WA0010-300x225.jpg 300w, https:\/\/www.cscp-plongee.com\/wp-content\/uploads\/2020\/10\/IMG-20201017-WA0010-768x576.jpg 768w, https:\/\/www.cscp-plongee.com\/wp-content\/uploads\/2020\/10\/IMG-20201017-WA0010-750x563.jpg 750w, https:\/\/www.cscp-plongee.com\/wp-content\/uploads\/2020\/10\/IMG-20201017-WA0010.jpg 1024w\" sizes=\"(max-width: 300px) 100vw, 300px\" \/><\/a><\/td>\n<\/tr>\n<tr>\n<td style=\"width: 25%;\"><\/td>\n<td style=\"width: 25%;\"><a href=\"http:\/\/www.cscp-plongee.com\/wp-content\/uploads\/2020\/10\/IMG-20201017-WA0004.jpg\" data-rel=\"lightbox-image-3\" data-rl_title=\"\" data-rl_caption=\"\" title=\"\"><img loading=\"lazy\" decoding=\"async\" class=\"alignnone size-medium wp-image-3011\" src=\"http:\/\/www.cscp-plongee.com\/wp-content\/uploads\/2020\/10\/IMG-20201017-WA0004-300x225.jpg\" alt=\"\" width=\"300\" height=\"225\" srcset=\"https:\/\/www.cscp-plongee.com\/wp-content\/uploads\/2020\/10\/IMG-20201017-WA0004-300x225.jpg 300w, https:\/\/www.cscp-plongee.com\/wp-content\/uploads\/2020\/10\/IMG-20201017-WA0004-768x576.jpg 768w, https:\/\/www.cscp-plongee.com\/wp-content\/uploads\/2020\/10\/IMG-20201017-WA0004-750x563.jpg 750w, https:\/\/www.cscp-plongee.com\/wp-content\/uploads\/2020\/10\/IMG-20201017-WA0004.jpg 1024w\" sizes=\"(max-width: 300px) 100vw, 300px\" \/><\/a><\/td>\n<td style=\"width: 25%;\"><a href=\"http:\/\/www.cscp-plongee.com\/wp-content\/uploads\/2020\/10\/IMG-20201017-WA0003.jpg\" data-rel=\"lightbox-image-4\" data-rl_title=\"\" data-rl_caption=\"\" title=\"\"><img loading=\"lazy\" decoding=\"async\" class=\"alignnone size-medium wp-image-3010\" src=\"http:\/\/www.cscp-plongee.com\/wp-content\/uploads\/2020\/10\/IMG-20201017-WA0003-300x225.jpg\" alt=\"\" width=\"300\" height=\"225\" srcset=\"https:\/\/www.cscp-plongee.com\/wp-content\/uploads\/2020\/10\/IMG-20201017-WA0003-300x225.jpg 300w, https:\/\/www.cscp-plongee.com\/wp-content\/uploads\/2020\/10\/IMG-20201017-WA0003-768x576.jpg 768w, https:\/\/www.cscp-plongee.com\/wp-content\/uploads\/2020\/10\/IMG-20201017-WA0003-750x563.jpg 750w, https:\/\/www.cscp-plongee.com\/wp-content\/uploads\/2020\/10\/IMG-20201017-WA0003.jpg 1024w\" sizes=\"(max-width: 300px) 100vw, 300px\" \/><\/a><\/td>\n<\/tr>\n<tr>\n<td style=\"width: 25%;\"><a href=\"http:\/\/www.cscp-plongee.com\/wp-content\/uploads\/2020\/10\/IMG-20201017-WA0008.jpg\" data-rel=\"lightbox-image-5\" data-rl_title=\"\" data-rl_caption=\"\" title=\"\"><img loading=\"lazy\" decoding=\"async\" class=\"alignnone size-medium wp-image-3015\" src=\"http:\/\/www.cscp-plongee.com\/wp-content\/uploads\/2020\/10\/IMG-20201017-WA0008-300x225.jpg\" alt=\"\" width=\"300\" height=\"225\" srcset=\"https:\/\/www.cscp-plongee.com\/wp-content\/uploads\/2020\/10\/IMG-20201017-WA0008-300x225.jpg 300w, https:\/\/www.cscp-plongee.com\/wp-content\/uploads\/2020\/10\/IMG-20201017-WA0008-768x576.jpg 768w, https:\/\/www.cscp-plongee.com\/wp-content\/uploads\/2020\/10\/IMG-20201017-WA0008-750x563.jpg 750w, https:\/\/www.cscp-plongee.com\/wp-content\/uploads\/2020\/10\/IMG-20201017-WA0008.jpg 1024w\" sizes=\"(max-width: 300px) 100vw, 300px\" \/><\/a><\/td>\n<td style=\"width: 25%;\"><a href=\"http:\/\/www.cscp-plongee.com\/wp-content\/uploads\/2020\/10\/IMG-20201017-WA0006.jpg\" data-rel=\"lightbox-image-6\" data-rl_title=\"\" data-rl_caption=\"\" title=\"\"><img loading=\"lazy\" decoding=\"async\" class=\"alignnone size-medium wp-image-3013\" src=\"http:\/\/www.cscp-plongee.com\/wp-content\/uploads\/2020\/10\/IMG-20201017-WA0006-300x225.jpg\" alt=\"\" width=\"300\" height=\"225\" srcset=\"https:\/\/www.cscp-plongee.com\/wp-content\/uploads\/2020\/10\/IMG-20201017-WA0006-300x225.jpg 300w, https:\/\/www.cscp-plongee.com\/wp-content\/uploads\/2020\/10\/IMG-20201017-WA0006-768x576.jpg 768w, https:\/\/www.cscp-plongee.com\/wp-content\/uploads\/2020\/10\/IMG-20201017-WA0006-750x563.jpg 750w, https:\/\/www.cscp-plongee.com\/wp-content\/uploads\/2020\/10\/IMG-20201017-WA0006.jpg 1024w\" sizes=\"(max-width: 300px) 100vw, 300px\" \/><\/a><\/td>\n<td style=\"width: 25%;\"><a href=\"http:\/\/www.cscp-plongee.com\/wp-content\/uploads\/2020\/10\/IMG-20201017-WA0007.jpg\" data-rel=\"lightbox-image-7\" data-rl_title=\"\" data-rl_caption=\"\" title=\"\"><img loading=\"lazy\" decoding=\"async\" class=\"alignnone size-medium wp-image-3014\" src=\"http:\/\/www.cscp-plongee.com\/wp-content\/uploads\/2020\/10\/IMG-20201017-WA0007-300x225.jpg\" alt=\"\" width=\"300\" height=\"225\" srcset=\"https:\/\/www.cscp-plongee.com\/wp-content\/uploads\/2020\/10\/IMG-20201017-WA0007-300x225.jpg 300w, https:\/\/www.cscp-plongee.com\/wp-content\/uploads\/2020\/10\/IMG-20201017-WA0007-768x576.jpg 768w, https:\/\/www.cscp-plongee.com\/wp-content\/uploads\/2020\/10\/IMG-20201017-WA0007-750x563.jpg 750w, https:\/\/www.cscp-plongee.com\/wp-content\/uploads\/2020\/10\/IMG-20201017-WA0007.jpg 1024w\" sizes=\"(max-width: 300px) 100vw, 300px\" \/><\/a><\/td>\n<\/tr>\n<\/tbody>\n<\/table>\n<p><span style=\"font-family: 'arial black', 'avant garde'; color: #003300; font-size: 12pt;\">Mat\u00e9riel s\u00e9curit\u00e9<\/span><\/p>\n<p><span style=\"font-family: 'book antiqua', palatino; font-size: 12pt;\">Ce mat\u00e9riel de s\u00e9curit\u00e9 correspond \u00e0 la r\u00e8glementation en vigueur de la FFESSM (ensemble oxyg\u00e8noth\u00e9rapie normobare, blocs de s\u00e9curit\u00e9 etc\u2026).<\/span><\/p>\n<p><span style=\"font-family: 'arial black', 'avant garde'; font-size: 12pt; color: #003300;\">Convivialit\u00e9 \u00a0<\/span><img loading=\"lazy\" decoding=\"async\" class=\"alignnone wp-image-2677\" src=\"http:\/\/www.cscp-plongee.com\/wp-content\/uploads\/2018\/07\/tipunch2.jpg\" alt=\"\" width=\"87\" height=\"67\" \/><\/p>\n<p><span style=\"font-family: 'book antiqua', palatino; font-size: 12pt;\">Bon, il est \u00e9vident que chaque plongeur se doit de se r\u00e9chauffer l\u2019esprit\u00a0(m\u00eame sous les tropiques !) .<\/span><\/p>\n<p style=\"text-align: justify;\"><span style=\"font-family: 'book antiqua', palatino; font-size: 12pt;\"> Les boissons locales \u00e0 base de jus de canne, de sucre, de citron et de fruits divers conviennent parfaitement \u00e0 l\u2019\u00e9tat du plongeur au sortir du bain apr\u00e8s une r\u00e9hydratation \u00e0 l\u2019eau fra\u00eeche obligatoire.<\/span><\/p>\n<p style=\"text-align: justify;\"><span style=\"font-family: 'book antiqua', palatino; font-size: 12pt;\"> Chaque membre du club peut nous faire partager son savoir-faire et son talent dans la confection de ces breuvages r\u00e9g\u00e9n\u00e9rants et d\u2019autres mets divers et vari\u00e9s\u2026.<\/span><\/p>\n<p style=\"text-align: center;\"><span style=\"color: #993300;\"><em><span style=\"font-family: 'book antiqua', palatino; font-size: 12pt;\">Remarque : L\u2019abus d\u2019alcool est dangereux pour la sant\u00e9, \u00e0 consommer avec mod\u00e9ration.<\/span><\/em><\/span><\/p>\n","protected":false},"excerpt":{"rendered":"<p>Le Club Mat\u00e9riel s\u00e9curit\u00e9 Ce mat\u00e9riel de s\u00e9curit\u00e9 correspond \u00e0 la r\u00e8glementation en vigueur de la FFESSM (ensemble oxyg\u00e8noth\u00e9rapie normobare, blocs de s\u00e9curit\u00e9 etc\u2026). Convivialit\u00e9 \u00a0 Bon, il est \u00e9vident que chaque plongeur se doit de se r\u00e9chauffer l\u2019esprit\u00a0(m\u00eame sous les tropiques !) . Les boissons locales \u00e0 base de jus de canne, de sucre, &hellip; <\/p>\n<p><a class=\"more-link btn\" href=\"https:\/\/www.cscp-plongee.com\/?page_id=793\">Lire la suite<\/a><\/p>\n","protected":false},"author":2,"featured_media":0,"parent":567,"menu_order":5,"comment_status":"closed","ping_status":"closed","template":"","meta":{"footnotes":""},"class_list":["post-793","page","type-page","status-publish","hentry","nodate","item-wrap"],"_links":{"self":[{"href":"https:\/\/www.cscp-plongee.com\/index.php?rest_route=\/wp\/v2\/pages\/793","targetHints":{"allow":["GET"]}}],"collection":[{"href":"https:\/\/www.cscp-plongee.com\/index.php?rest_route=\/wp\/v2\/pages"}],"about":[{"href":"https:\/\/www.cscp-plongee.com\/index.php?rest_route=\/wp\/v2\/types\/page"}],"author":[{"embeddable":true,"href":"https:\/\/www.cscp-plongee.com\/index.php?rest_route=\/wp\/v2\/users\/2"}],"replies":[{"embeddable":true,"href":"https:\/\/www.cscp-plongee.com\/index.php?rest_route=%2Fwp%2Fv2%2Fcomments&post=793"}],"version-history":[{"count":5,"href":"https:\/\/www.cscp-plongee.com\/index.php?rest_route=\/wp\/v2\/pages\/793\/revisions"}],"predecessor-version":[{"id":3581,"href":"https:\/\/www.cscp-plongee.com\/index.php?rest_route=\/wp\/v2\/pages\/793\/revisions\/3581"}],"up":[{"embeddable":true,"href":"https:\/\/www.cscp-plongee.com\/index.php?rest_route=\/wp\/v2\/pages\/567"}],"wp:attachment":[{"href":"https:\/\/www.cscp-plongee.com\/index.php?rest_route=%2Fwp%2Fv2%2Fmedia&parent=793"}],"curies":[{"name":"wp","href":"https:\/\/api.w.org\/{rel}","templated":true}]}}