{"id":791,"date":"2014-05-17T10:20:59","date_gmt":"2014-05-17T09:20:59","guid":{"rendered":"http:\/\/localhost\/CSCP\/?page_id=791"},"modified":"2025-12-01T23:36:00","modified_gmt":"2025-12-01T22:36:00","slug":"inscriptions","status":"publish","type":"page","link":"https:\/\/www.cscp-plongee.com\/?page_id=791","title":{"rendered":"Adh\u00e9sion au Club"},"content":{"rendered":"\t\t<div data-elementor-type=\"wp-page\" data-elementor-id=\"791\" class=\"elementor elementor-791\">\n\t\t\t\t\t\t<section class=\"elementor-section elementor-top-section elementor-element elementor-element-7cfdffa7 elementor-section-boxed elementor-section-height-default elementor-section-height-default\" data-id=\"7cfdffa7\" data-element_type=\"section\" data-e-type=\"section\">\n\t\t\t\t\t\t<div class=\"elementor-container elementor-column-gap-default\">\n\t\t\t\t\t<div class=\"elementor-column elementor-col-100 elementor-top-column elementor-element elementor-element-12581d3\" data-id=\"12581d3\" data-element_type=\"column\" data-e-type=\"column\">\n\t\t\t<div class=\"elementor-widget-wrap elementor-element-populated\">\n\t\t\t\t\t\t<div class=\"elementor-element elementor-element-428115c4 elementor-widget elementor-widget-text-editor\" data-id=\"428115c4\" data-element_type=\"widget\" data-e-type=\"widget\" data-widget_type=\"text-editor.default\">\n\t\t\t\t<div class=\"elementor-widget-container\">\n\t\t\t\t\t\t\t\t\t<p><span style=\"color: #003300; font-family: 'arial black', 'avant garde'; font-size: 12pt;\"><img decoding=\"async\" class=\"aligncenter wp-image-2700\" src=\"http:\/\/www.cscp-plongee.com\/wp-content\/uploads\/2018\/09\/ob-9e11e9-inscription.png\" alt=\"\" width=\"185\" height=\"165\"><\/span>Voici les fiches d&rsquo;inscriptions au Club pour la <strong><em>saison 2025-2026<\/em><\/strong>&nbsp;que vous pouvez t\u00e9l\u00e9charger en cliquant sur les liens \u00ab\u00a0t\u00e9l\u00e9chargez-moi\u00a0\u00bb.<\/p>\n<p>N&rsquo;oubliez pas de les apporter, lors de votre venue club, accompagn\u00e9e de votre certificat m\u00e9dical datant de moins de 3 mois.<\/p>\n<p>A tr\u00e8s bient\u00f4t.<\/p>\n<table class=\" alignleft\" style=\"width: 100%;\" width=\"510\">\n<tbody>\n<tr>\n<td style=\"width: 27.2%;\"><a href=\"https:\/\/www.cscp-plongee.com\/wp-content\/uploads\/2025\/09\/Fiche-dinscription-2025-2026_V2.pdf\" target=\"_blank\" rel=\"noopener noreferrer\"><img decoding=\"async\" class=\"aligncenter wp-image-1710\" src=\"http:\/\/www.cscp-plongee.com\/wp-content\/uploads\/2014\/09\/logo_pdf.png\" alt=\"\" width=\"36\" height=\"36\" srcset=\"https:\/\/www.cscp-plongee.com\/wp-content\/uploads\/2014\/09\/logo_pdf.png 255w, https:\/\/www.cscp-plongee.com\/wp-content\/uploads\/2014\/09\/logo_pdf-150x150.png 150w\" sizes=\"(max-width: 36px) 100vw, 36px\" \/><\/a>T\u00e9l\u00e9chargez-moi !!<\/td>\n<td style=\"width: 81.8666%;\">Remplissez la fiche d&rsquo;inscription et renvoyez la \u00e0 <a href=\"mailto:cscp.plongee@gmail.com\" target=\"_blank\" rel=\"noopener noreferrer\">cscp.plongee@gmail.com<\/a><br>ou<br>Apportez la nous, tout simplement, lors de votre venue au club&#8230;<\/td>\n<\/tr>\n<tr>\n<td style=\"width: 27.2%;\"><a href=\"https:\/\/www.cscp-plongee.com\/wp-content\/uploads\/2025\/09\/CACI-Juin-2025.pdf\" target=\"_blank\" rel=\"noopener noreferrer\"><img decoding=\"async\" class=\"aligncenter wp-image-1710\" src=\"http:\/\/www.cscp-plongee.com\/wp-content\/uploads\/2014\/09\/logo_pdf.png\" alt=\"\" width=\"45\" height=\"45\" srcset=\"https:\/\/www.cscp-plongee.com\/wp-content\/uploads\/2014\/09\/logo_pdf.png 255w, https:\/\/www.cscp-plongee.com\/wp-content\/uploads\/2014\/09\/logo_pdf-150x150.png 150w\" sizes=\"(max-width: 45px) 100vw, 45px\" \/><\/a>T\u00e9l\u00e9chargez-moi !!<\/td>\n<td style=\"width: 81.8666%;\">T\u00e9l\u00e9chargez le <strong>certificat m\u00e9dical<\/strong>, faites le remplir par votre m\u00e9decin et apportez le nous avec la fiche d&rsquo;inscription<\/td>\n<\/tr>\n<\/tbody>\n<\/table>\t\t\t\t\t\t\t\t<\/div>\n\t\t\t\t<\/div>\n\t\t\t\t\t<\/div>\n\t\t<\/div>\n\t\t\t\t\t<\/div>\n\t\t<\/section>\n\t\t\t\t<\/div>\n\t\t","protected":false},"excerpt":{"rendered":"<p>Voici les fiches d&rsquo;inscriptions au Club pour la saison 2025-2026&nbsp;que vous pouvez t\u00e9l\u00e9charger en cliquant sur les liens \u00ab\u00a0t\u00e9l\u00e9chargez-moi\u00a0\u00bb. N&rsquo;oubliez pas de les apporter, lors de votre venue club, accompagn\u00e9e de votre certificat m\u00e9dical datant de moins de 3 mois. A tr\u00e8s bient\u00f4t. T\u00e9l\u00e9chargez-moi !! Remplissez la fiche d&rsquo;inscription et renvoyez la \u00e0 cscp.plongee@gmail.comouApportez la &hellip; <\/p>\n<p><a class=\"more-link btn\" href=\"https:\/\/www.cscp-plongee.com\/?page_id=791\">Lire la suite<\/a><\/p>\n","protected":false},"author":2,"featured_media":0,"parent":567,"menu_order":8,"comment_status":"closed","ping_status":"closed","template":"","meta":{"footnotes":""},"class_list":["post-791","page","type-page","status-publish","hentry","nodate","item-wrap"],"_links":{"self":[{"href":"https:\/\/www.cscp-plongee.com\/index.php?rest_route=\/wp\/v2\/pages\/791","targetHints":{"allow":["GET"]}}],"collection":[{"href":"https:\/\/www.cscp-plongee.com\/index.php?rest_route=\/wp\/v2\/pages"}],"about":[{"href":"https:\/\/www.cscp-plongee.com\/index.php?rest_route=\/wp\/v2\/types\/page"}],"author":[{"embeddable":true,"href":"https:\/\/www.cscp-plongee.com\/index.php?rest_route=\/wp\/v2\/users\/2"}],"replies":[{"embeddable":true,"href":"https:\/\/www.cscp-plongee.com\/index.php?rest_route=%2Fwp%2Fv2%2Fcomments&post=791"}],"version-history":[{"count":28,"href":"https:\/\/www.cscp-plongee.com\/index.php?rest_route=\/wp\/v2\/pages\/791\/revisions"}],"predecessor-version":[{"id":3748,"href":"https:\/\/www.cscp-plongee.com\/index.php?rest_route=\/wp\/v2\/pages\/791\/revisions\/3748"}],"up":[{"embeddable":true,"href":"https:\/\/www.cscp-plongee.com\/index.php?rest_route=\/wp\/v2\/pages\/567"}],"wp:attachment":[{"href":"https:\/\/www.cscp-plongee.com\/index.php?rest_route=%2Fwp%2Fv2%2Fmedia&parent=791"}],"curies":[{"name":"wp","href":"https:\/\/api.w.org\/{rel}","templated":true}]}}