{"id":716,"date":"2014-05-09T18:07:38","date_gmt":"2014-05-09T17:07:38","guid":{"rendered":"http:\/\/localhost\/CSCP\/?page_id=716"},"modified":"2014-12-17T20:31:17","modified_gmt":"2014-12-17T19:31:17","slug":"case-pilote","status":"publish","type":"page","link":"https:\/\/www.cscp-plongee.com\/?page_id=716","title":{"rendered":"Case-Pilote"},"content":{"rendered":"<p>&nbsp;<\/p>\n<p><span style=\"color: #003300; font-size: 14pt;\"><strong><span style=\"font-family: 'comic sans ms', sans-serif;\">Cap enrag\u00e9<\/span><\/strong><\/span><\/p>\n<p>&nbsp;<\/p>\n\n\t\t<style type=\"text\/css\">\n\t\t\t#gallery-1 {\n\t\t\t\tmargin: auto;\n\t\t\t}\n\t\t\t#gallery-1 .gallery-item {\n\t\t\t\tfloat: left;\n\t\t\t\tmargin-top: 10px;\n\t\t\t\ttext-align: center;\n\t\t\t\twidth: 33%;\n\t\t\t}\n\t\t\t#gallery-1 img {\n\t\t\t\tborder: 2px solid #cfcfcf;\n\t\t\t}\n\t\t\t#gallery-1 .gallery-caption {\n\t\t\t\tmargin-left: 0;\n\t\t\t}\n\t\t\t\/* see gallery_shortcode() in wp-includes\/media.php *\/\n\t\t<\/style>\n\t\t<div id='gallery-1' class='gallery galleryid-716 gallery-columns-3 gallery-size-thumbnail'><dl class='gallery-item'>\n\t\t\t<dt class='gallery-icon landscape'>\n\t\t\t\t<a href='https:\/\/www.cscp-plongee.com\/wp-content\/uploads\/2014\/12\/PODactylopterus_volitans_01_maCapEnrage.jpg' title=\"\" data-rl_title=\"\" class=\"rl-gallery-link\" data-rl_caption=\"\" data-rel=\"lightbox-gallery-1\"><img decoding=\"async\" width=\"150\" height=\"150\" src=\"https:\/\/www.cscp-plongee.com\/wp-content\/uploads\/2014\/12\/PODactylopterus_volitans_01_maCapEnrage-150x150.jpg\" class=\"attachment-thumbnail size-thumbnail\" alt=\"\" \/><\/a>\n\t\t\t<\/dt><\/dl><dl class='gallery-item'>\n\t\t\t<dt class='gallery-icon landscape'>\n\t\t\t\t<a href='https:\/\/www.cscp-plongee.com\/wp-content\/uploads\/2014\/12\/POEpinephelus_marginatus_01_maCapEnrage.jpg' title=\"\" data-rl_title=\"\" class=\"rl-gallery-link\" data-rl_caption=\"\" data-rel=\"lightbox-gallery-1\"><img decoding=\"async\" width=\"150\" height=\"150\" src=\"https:\/\/www.cscp-plongee.com\/wp-content\/uploads\/2014\/12\/POEpinephelus_marginatus_01_maCapEnrage-150x150.jpg\" class=\"attachment-thumbnail size-thumbnail\" alt=\"\" \/><\/a>\n\t\t\t<\/dt><\/dl><dl class='gallery-item'>\n\t\t\t<dt class='gallery-icon landscape'>\n\t\t\t\t<a href='https:\/\/www.cscp-plongee.com\/wp-content\/uploads\/2014\/12\/MOLima_scabra_02_maCapEnrage.jpg' title=\"\" data-rl_title=\"\" class=\"rl-gallery-link\" data-rl_caption=\"\" data-rel=\"lightbox-gallery-1\"><img decoding=\"async\" width=\"150\" height=\"150\" src=\"https:\/\/www.cscp-plongee.com\/wp-content\/uploads\/2014\/12\/MOLima_scabra_02_maCapEnrage-150x150.jpg\" class=\"attachment-thumbnail size-thumbnail\" alt=\"\" \/><\/a>\n\t\t\t<\/dt><\/dl><br style=\"clear: both\" \/>\n\t\t<\/div>\n\n<p style=\"padding-left: 30px;\"><span style=\"font-family: 'book antiqua', palatino; font-size: 12pt;\"><span style=\"color: #800080;\"><strong>Zone d&rsquo;exploration<\/strong><\/span> : Surface \u00e0 25 m.<\/span><\/p>\n<p style=\"padding-left: 30px;\"><span style=\"font-family: 'book antiqua', palatino; font-size: 12pt;\"><span style=\"color: #800080;\"><strong>Type de fond<\/strong><\/span> : Tombant et plateau corallien. Un grand canyon au dessus du tombant.<\/span><\/p>\n<p style=\"padding-left: 30px;\"><span style=\"font-family: 'book antiqua', palatino; font-size: 12pt;\"><span style=\"color: #800080;\"><strong>Faune \/ flore<\/strong><\/span> : Eponges, corail, sardes, poissons coralliens et carnassiers.<\/span><\/p>\n<p style=\"padding-left: 30px;\"><span style=\"font-family: 'book antiqua', palatino; font-size: 12pt;\"><span style=\"color: #800080;\"><strong>Rencontres<\/strong> <\/span>: Tortues, langoustes, barracudas (tr\u00e8s gros et en couple parfois&#8230;), poulpes.<\/span><\/p>\n<p style=\"padding-left: 30px;\"><span style=\"font-family: 'book antiqua', palatino; font-size: 12pt;\"><strong><span style=\"color: #800080;\">Niveau minimum requis (FFESSM)<\/span><\/strong> : aucun.<\/span><\/p>\n<p style=\"padding-left: 30px;\"><span style=\"font-family: 'book antiqua', palatino; font-size: 12pt;\"><span style=\"color: #800080;\"><strong>Remarques utiles<\/strong><\/span> :<br \/>\nOn trouve dans ce lieu \u00e0 peu pr\u00e8s toutes les esp\u00e8ces animales et v\u00e9g\u00e9tales pr\u00e9sentes en Martinique. Lieu de plong\u00e9e privil\u00e9gi\u00e9 du club. Tr\u00e9s bien aussi pour les bapt\u00eames. <\/span><\/p>\n<hr \/>\n<p>&nbsp;<\/p>\n<p>&nbsp;<\/p>\n<p><span style=\"font-size: 14pt; color: #003300;\"><strong><span style=\"font-family: 'comic sans ms', sans-serif;\">\u00c9paves de Case Pilote<\/span><\/strong><\/span><\/p>\n<p>&nbsp;<\/p>\n<p style=\"padding-left: 30px;\"><span style=\"font-family: 'book antiqua', palatino; font-size: 12pt;\"><span style=\"color: #800080;\"><strong>Zone d&rsquo;exploration<\/strong><\/span> : 45 \u00e0 48 m.<\/span><\/p>\n<p style=\"padding-left: 30px;\"><span style=\"font-family: 'book antiqua', palatino; font-size: 12pt;\"><span style=\"color: #800080;\"><strong>Type de fond<\/strong><\/span> : Sable.<\/span><\/p>\n<p style=\"padding-left: 30px;\"><span style=\"font-family: 'book antiqua', palatino; font-size: 12pt;\"><span style=\"color: #800080;\"><strong>Faune \/ flore<\/strong><\/span> : Sarde, poissons anges, mombins.<\/span><\/p>\n<p style=\"padding-left: 30px;\"><span style=\"font-family: 'book antiqua', palatino; font-size: 12pt;\"><span style=\"color: #800080;\"><strong>Rencontres<\/strong> <\/span>: Barracuda.<\/span><\/p>\n<p style=\"padding-left: 30px;\"><span style=\"font-family: 'book antiqua', palatino; font-size: 12pt;\"><span style=\"color: #800080;\"><strong>Niveau minimum requis (FFESSM)<\/strong><\/span> : Niv.III<\/span><\/p>\n<p style=\"padding-left: 30px;\"><span style=\"font-family: 'book antiqua', palatino; font-size: 12pt;\"><strong><span style=\"color: #800080;\">Remarques utiles<\/span><\/strong> :<br \/>\n\u00c9paves post-cyclonique ( Renault 5, moto, reste de voilier).<\/span><\/p>\n<p>&nbsp;<\/p>\n<hr \/>\n<p>&nbsp;<\/p>\n<p>&nbsp;<\/p>\n<p><strong><span style=\"font-family: 'comic sans ms', sans-serif; font-size: 14pt; color: #003300;\">Pointe Batterie<\/span><\/strong><\/p>\n<p>&nbsp;<\/p>\n<p style=\"padding-left: 30px;\"><span style=\"font-family: 'book antiqua', palatino; font-size: 12pt;\"><span style=\"color: #800080;\"><strong>Zone d&rsquo;exploration<\/strong><\/span> : Surface \u00e0 6 m.<\/span><\/p>\n<p style=\"padding-left: 30px;\"><span style=\"font-family: 'book antiqua', palatino; font-size: 12pt;\"><span style=\"color: #800080;\"><strong>Type de fond<\/strong><\/span> : Petit plateau rocheux et corallien.<\/span><\/p>\n<p style=\"padding-left: 30px;\"><span style=\"font-family: 'book antiqua', palatino; font-size: 12pt;\"><span style=\"color: #800080;\"><strong>Faune \/ flore<\/strong><\/span> : \u00c9ponges, corail, poissons coralliens.<\/span><\/p>\n<p style=\"padding-left: 30px;\"><span style=\"font-family: 'book antiqua', palatino; font-size: 12pt;\"><span style=\"color: #800080;\"><strong>Rencontres<\/strong> <\/span>: langoustes, sardes.<\/span><\/p>\n<p style=\"padding-left: 30px;\"><span style=\"font-family: 'book antiqua', palatino; font-size: 12pt;\"><strong><span style=\"color: #800080;\">Niveau minimum requis (FFESSM)<\/span><\/strong> : aucun.<\/span><\/p>\n<p style=\"padding-left: 30px;\"><span style=\"font-family: 'book antiqua', palatino; font-size: 12pt;\"><span style=\"color: #800080;\"><strong>Remarques utiles<\/strong><\/span> :<br \/>\nPetite grotte int\u00e9rressante (accessible en apn\u00e9e). Des canons sont immerg\u00e9s dans 3 m\u00e8tres d&rsquo;eau, juste au pied de la pointe. Id\u00e9al pour un bapt\u00eame de plong\u00e9e.<\/span><\/p>\n<p>&nbsp;<\/p>\n<hr \/>\n<p>&nbsp;<\/p>\n<p>&nbsp;<\/p>\n<p><span style=\"font-family: 'comic sans ms', sans-serif; color: #003300; font-size: 14pt;\"><strong>La caye de Case-Pilote<\/strong><\/span><\/p>\n<p>&nbsp;<\/p>\n<p style=\"padding-left: 30px;\"><span style=\"font-family: 'book antiqua', palatino; font-size: 12pt;\"><strong><span style=\"color: #800080;\">Zone d&rsquo;exploration<\/span><\/strong> : 35m \u00e0 45m.<\/span><\/p>\n<p style=\"padding-left: 30px;\"><span style=\"font-family: 'book antiqua', palatino; font-size: 12pt;\"><span style=\"color: #800080;\"><strong>Type de fond<\/strong><\/span> : Patates, fond rocheux.<\/span><\/p>\n<p style=\"padding-left: 30px;\"><span style=\"font-family: 'book antiqua', palatino; font-size: 12pt;\"><span style=\"color: #800080;\"><strong>Faune \/ flore<\/strong><\/span> : Eponges, virgulaire, corail, madrepore, gorgones.<\/span><\/p>\n<p style=\"padding-left: 30px;\"><span style=\"font-family: 'book antiqua', palatino; font-size: 12pt;\"><span style=\"color: #800080;\"><strong>Rencontres<\/strong><\/span> : Tortues, raies, barracudas, capitaines, pagres.<\/span><\/p>\n<p style=\"padding-left: 30px;\"><span style=\"font-family: 'book antiqua', palatino; font-size: 12pt;\"><span style=\"color: #800080;\"><strong>Niveau minimum requis (FFESSM)<\/strong><\/span> : Niv.III<\/span><\/p>\n<p style=\"padding-left: 30px;\"><span style=\"font-family: 'book antiqua', palatino; font-size: 12pt;\"><span style=\"color: #800080;\"><strong>Remarques utiles<\/strong><\/span> :<br \/>\nLieu d&rsquo;exercice privil\u00e8gi\u00e9 pour la pr\u00e9paration Niv.III. Compte tenu de la profondeur, il n&rsquo;est pas rare de voir de \u00ab\u00a0gros\u00a0\u00bb sp\u00e9cimens.<\/span><\/p>\n<hr \/>\n<p>&nbsp;<\/p>\n<p>&nbsp;<\/p>\n<p><span style=\"font-size: 14pt; color: #003300;\"><strong><span style=\"font-family: 'comic sans ms', sans-serif;\">Trou Rouge<\/span><\/strong><\/span><\/p>\n<p>&nbsp;<\/p>\n<p style=\"padding-left: 30px;\"><span style=\"font-size: 12pt; font-family: 'book antiqua', palatino;\"><span style=\"color: #800080;\"><strong>Zone d&rsquo;exploration<\/strong><\/span> : Surface \u00e0 18 m.<\/span><\/p>\n<p style=\"padding-left: 30px;\"><span style=\"font-size: 12pt; font-family: 'book antiqua', palatino;\"><span style=\"color: #800080;\"><strong>Type de fond<\/strong><\/span> : Tombant et plateau.<\/span><\/p>\n<p style=\"padding-left: 30px;\"><span style=\"font-size: 12pt; font-family: 'book antiqua', palatino;\"><span style=\"color: #800080;\"><strong>Faune \/ flore<\/strong><\/span> : Eponges, corail, sardes, tazards, poissons de coraux, hippocampes.<\/span><\/p>\n<p style=\"padding-left: 30px;\"><span style=\"font-size: 12pt; font-family: 'book antiqua', palatino;\"><span style=\"color: #800080;\"><strong>Rencontres<\/strong> <\/span>: tortues, langoustes, barracudas.<\/span><\/p>\n<p style=\"padding-left: 30px;\"><span style=\"font-size: 12pt; font-family: 'book antiqua', palatino;\"><span style=\"color: #800080;\"><strong>Niveau minimum requis (FFESSM)<\/strong><\/span> : aucun.<\/span><\/p>\n<p style=\"padding-left: 30px;\"><span style=\"font-size: 12pt; font-family: 'book antiqua', palatino;\"><span style=\"color: #800080;\"><strong>Remarques utiles<\/strong><\/span> :<br \/>\nCe site doit son nom \u00e0 la couleur de la roche le surplonbant. Cette plong\u00e9e est magnifique car elle se d\u00e9roule dans de petites profondeurs et permet ainsi de voir toute les couleurs du fond. Petit courant possible. Peut se faire \u00e0 partir du bord au d\u00e9part de la digue de Case-Pilote.<\/span><\/p>\n<hr \/>\n<p>&nbsp;<\/p>\n<p>&nbsp;<\/p>\n<p><span style=\"font-size: 14pt;\"><strong><span style=\"color: #003300; font-family: 'comic sans ms', sans-serif;\">Pointe de V\u00e9tiver<\/span><\/strong><\/span><\/p>\n<p>&nbsp;<\/p>\n<p style=\"padding-left: 30px;\"><span style=\"font-size: 12pt; font-family: 'book antiqua', palatino;\"><span style=\"color: #800080;\"><strong>Zone d&rsquo;exploration<\/strong><\/span> : Surface \u00e0 15 m.<\/span><\/p>\n<p style=\"padding-left: 30px;\"><span style=\"font-size: 12pt; font-family: 'book antiqua', palatino;\"><strong><span style=\"color: #800080;\">Type de fond<\/span><\/strong> : Roche et sable.<\/span><\/p>\n<p style=\"padding-left: 30px;\"><span style=\"font-size: 12pt; font-family: 'book antiqua', palatino;\"><strong><span style=\"color: #800080;\">Faune \/ flore<\/span><\/strong> : \u00c9ponges, corail, sardes, poissons de coraux, hippocampes.<\/span><\/p>\n<p style=\"padding-left: 30px;\"><span style=\"font-size: 12pt; font-family: 'book antiqua', palatino;\"><span style=\"color: #800080;\"><strong>Rencontres<\/strong> <\/span>: Langoustes, barracudas.<\/span><\/p>\n<p style=\"padding-left: 30px;\"><span style=\"font-size: 12pt; font-family: 'book antiqua', palatino;\"><span style=\"color: #800080;\"><strong>Niveau minimum requis (FFESSM)<\/strong><\/span> : aucun.<\/span><\/p>\n<p style=\"padding-left: 30px;\"><span style=\"font-size: 12pt; font-family: 'book antiqua', palatino;\"><span style=\"color: #800080;\"><strong>Remarques utiles<\/strong><\/span> :<br \/>\nPetites profondeurs (jusqu&rsquo;\u00e0 14m). Tr\u00e8s lumineux par temps clair. Nombreuses gorgones. Petit courant possible \u00e0 l&rsquo;ext\u00e9rieur de la pointe. Site id\u00e9al pour bapt\u00eame et d\u00e9butant.<\/span><\/p>\n<p>&nbsp;<\/p>\n<hr \/>\n<p>&nbsp;<\/p>\n<p>&nbsp;<\/p>\n<p><span style=\"font-size: 14pt; color: #003300;\"><strong><span style=\"font-family: 'comic sans ms', sans-serif;\">Cayes de V\u00e9tiver<\/span><\/strong><\/span><\/p>\n<p>&nbsp;<\/p>\n<p style=\"padding-left: 30px;\"><span style=\"font-family: 'book antiqua', palatino; font-size: 12pt;\"><strong><span style=\"color: #800080;\">Zone d&rsquo;exploration<\/span><\/strong> : 17m \u00e0 45m.<\/span><\/p>\n<p style=\"padding-left: 30px;\"><span style=\"font-family: 'book antiqua', palatino; font-size: 12pt;\"><span style=\"color: #800080;\"><strong>Type de fond<\/strong><\/span> : Patates, plateaux coraliens.<\/span><\/p>\n<p style=\"padding-left: 30px;\"><span style=\"font-family: 'book antiqua', palatino; font-size: 12pt;\"><strong><span style=\"color: #800080;\">Faune \/ flore<\/span><\/strong> : \u00c9ponges, virgulaire, corail, madrepore, gorgones, sardes, tazards, barracudas.<\/span><\/p>\n<p style=\"padding-left: 30px;\"><span style=\"font-family: 'book antiqua', palatino; font-size: 12pt;\"><span style=\"color: #800080;\"><strong>Rencontres<\/strong> <\/span>: tortues, langoustes, capitaines, pagres, platax.<\/span><\/p>\n<p style=\"padding-left: 30px;\"><span style=\"font-family: 'book antiqua', palatino; font-size: 12pt;\"><strong><span style=\"color: #800080;\">Niveau minimum requis (FFESSM)<\/span><\/strong> : Niv II<\/span><\/p>\n<p style=\"padding-left: 30px;\"><span style=\"font-family: 'book antiqua', palatino; font-size: 12pt;\"><span style=\"color: #800080;\"><strong>Remarques utiles<\/strong><\/span> :<br \/>\nCette caye se compose de 2 parties. La premi\u00e8re est un plateau qui \u00e9volue entre 17 et 22 m\u00e8tres et la deuxi\u00e8me est un ensemble de patates qui se situe entre 25 et 45 m\u00e8tres. Situ\u00e9e \u00e0 environ 300 m\u00e8tres du bord. Courant fr\u00e9quent.<\/span><\/p>\n<p>&nbsp;<\/p>\n<p>&nbsp;<\/p>\n<hr \/>\n<p>&nbsp;<\/p>\n<p>&nbsp;<\/p>\n<p><span style=\"color: #003300;\"><strong><span style=\"font-family: 'comic sans ms', sans-serif; font-size: 14pt;\">Fond Bellemarre<\/span><\/strong><\/span><\/p>\n<p>&nbsp;<\/p>\n<p style=\"padding-left: 30px;\"><span style=\"font-family: 'book antiqua', palatino; font-size: 12pt; color: #800080;\"><strong>Zone d&rsquo;exploration<\/strong> : <span style=\"color: #000000;\">Surface \u00e0 15 m.<\/span><\/span><\/p>\n<p style=\"padding-left: 30px;\"><span style=\"font-family: 'book antiqua', palatino; font-size: 12pt;\"><span style=\"color: #800080;\"><strong>Type de fond<\/strong><\/span> : Roche et sable.<\/span><\/p>\n<p style=\"padding-left: 30px;\"><span style=\"font-family: 'book antiqua', palatino; font-size: 12pt;\"><strong><span style=\"color: #800080;\">Faune \/ flore<\/span> <\/strong>: \u00c9ponges, corail, sardes, tazards, poissons de coraux, hipocampes.<\/span><\/p>\n<p style=\"padding-left: 30px;\"><span style=\"font-family: 'book antiqua', palatino; font-size: 12pt;\"><span style=\"color: #800080;\"><strong>Rencontres<\/strong> <\/span>: Langoustes, barracudas.<\/span><\/p>\n<p style=\"padding-left: 30px;\"><span style=\"font-family: 'book antiqua', palatino; font-size: 12pt;\"><span style=\"color: #800080;\"><strong>Niveau minimum requis (FFESSM)<\/strong><\/span> : aucun.<\/span><\/p>\n<p style=\"padding-left: 30px;\"><span style=\"font-family: 'book antiqua', palatino; font-size: 12pt;\"><span style=\"color: #800080;\"><strong>Remarques utiles<\/strong><\/span> : Petites profondeurs. Tr\u00e8s lumineux par temps clair.<\/span><\/p>\n<p>&nbsp;<\/p>\n<p>&nbsp;<\/p>\n","protected":false},"excerpt":{"rendered":"<p>&nbsp; Cap enrag\u00e9 &nbsp; Zone d&rsquo;exploration : Surface \u00e0 25 m. Type de fond : Tombant et plateau corallien. Un grand canyon au dessus du tombant. Faune \/ flore : Eponges, corail, sardes, poissons coralliens et carnassiers. Rencontres : Tortues, langoustes, barracudas (tr\u00e8s gros et en couple parfois&#8230;), poulpes. Niveau minimum requis (FFESSM) : aucun. &hellip; <\/p>\n<p><a class=\"more-link btn\" href=\"https:\/\/www.cscp-plongee.com\/?page_id=716\">Lire la suite<\/a><\/p>\n","protected":false},"author":2,"featured_media":0,"parent":640,"menu_order":0,"comment_status":"closed","ping_status":"closed","template":"","meta":{"footnotes":""},"class_list":["post-716","page","type-page","status-publish","hentry","nodate","item-wrap"],"_links":{"self":[{"href":"https:\/\/www.cscp-plongee.com\/index.php?rest_route=\/wp\/v2\/pages\/716","targetHints":{"allow":["GET"]}}],"collection":[{"href":"https:\/\/www.cscp-plongee.com\/index.php?rest_route=\/wp\/v2\/pages"}],"about":[{"href":"https:\/\/www.cscp-plongee.com\/index.php?rest_route=\/wp\/v2\/types\/page"}],"author":[{"embeddable":true,"href":"https:\/\/www.cscp-plongee.com\/index.php?rest_route=\/wp\/v2\/users\/2"}],"replies":[{"embeddable":true,"href":"https:\/\/www.cscp-plongee.com\/index.php?rest_route=%2Fwp%2Fv2%2Fcomments&post=716"}],"version-history":[{"count":2,"href":"https:\/\/www.cscp-plongee.com\/index.php?rest_route=\/wp\/v2\/pages\/716\/revisions"}],"predecessor-version":[{"id":2059,"href":"https:\/\/www.cscp-plongee.com\/index.php?rest_route=\/wp\/v2\/pages\/716\/revisions\/2059"}],"up":[{"embeddable":true,"href":"https:\/\/www.cscp-plongee.com\/index.php?rest_route=\/wp\/v2\/pages\/640"}],"wp:attachment":[{"href":"https:\/\/www.cscp-plongee.com\/index.php?rest_route=%2Fwp%2Fv2%2Fmedia&parent=716"}],"curies":[{"name":"wp","href":"https:\/\/api.w.org\/{rel}","templated":true}]}}