{"id":710,"date":"2014-05-09T19:17:48","date_gmt":"2014-05-09T18:17:48","guid":{"rendered":"http:\/\/localhost\/CSCP\/?page_id=710"},"modified":"2014-12-17T20:23:14","modified_gmt":"2014-12-17T19:23:14","slug":"anses-darlets","status":"publish","type":"page","link":"https:\/\/www.cscp-plongee.com\/?page_id=710","title":{"rendered":"Anses d&rsquo;Arlets"},"content":{"rendered":"<p>&nbsp;<\/p>\n<p><span style=\"font-size: 14pt; color: #003300;\"><strong><span style=\"font-family: 'comic sans ms', sans-serif;\">Anse Dufour \/ Anse Noire<\/span><\/strong><\/span><\/p>\n<p>&nbsp;<\/p>\n<p style=\"padding-left: 30px;\"><span style=\"font-family: 'book antiqua', palatino; font-size: 12pt;\"><strong><span style=\"color: #800080;\">Zone d&rsquo;exploration<\/span><\/strong> : Surface \u00e0 25 m.<\/span><\/p>\n<p style=\"padding-left: 30px;\"><span style=\"font-family: 'book antiqua', palatino; font-size: 12pt;\"><span style=\"color: #800080;\"><strong>Type de fond<\/strong><\/span> : Tombant abrupt.<\/span><\/p>\n<p style=\"padding-left: 30px;\"><span style=\"font-family: 'book antiqua', palatino; font-size: 12pt;\"><span style=\"color: #800080;\"><strong>Faune \/ flore<\/strong><\/span> : \u00c9ponges, corail, sarde, tazards, poissons coralliens.<\/span><\/p>\n<p style=\"padding-left: 30px;\"><span style=\"font-family: 'book antiqua', palatino; font-size: 12pt;\"><span style=\"color: #800080;\"><strong>Rencontres<\/strong> <\/span>: Langoustes, barracudas.<\/span><\/p>\n<p style=\"padding-left: 30px;\"><span style=\"font-family: 'book antiqua', palatino; font-size: 12pt;\"><span style=\"color: #800080;\"><strong>Niveau minimum requis (FFESSM)<\/strong><\/span> : aucun.<\/span><\/p>\n<p style=\"padding-left: 30px;\"><span style=\"font-family: 'book antiqua', palatino; font-size: 12pt;\"><span style=\"color: #800080;\"><strong>Remarques utiles<\/strong><\/span> :<br \/>\nSur ce site, il y a un magnifique tombant \u00e0 la verticale entre 2 m\u00e8tres et 15 m\u00e8tres. Courant possible. Tr\u00e8s lumineux les jours de grande visibilit\u00e9.<\/span><\/p>\n<hr \/>\n<p><span style=\"font-family: 'comic sans ms', sans-serif; color: #003300; font-size: 14pt;\"><strong>Le Nahoon<\/strong><\/span><\/p>\n<p>&nbsp;<\/p>\n\n\t\t<style type=\"text\/css\">\n\t\t\t#gallery-1 {\n\t\t\t\tmargin: auto;\n\t\t\t}\n\t\t\t#gallery-1 .gallery-item {\n\t\t\t\tfloat: left;\n\t\t\t\tmargin-top: 10px;\n\t\t\t\ttext-align: center;\n\t\t\t\twidth: 33%;\n\t\t\t}\n\t\t\t#gallery-1 img {\n\t\t\t\tborder: 2px solid #cfcfcf;\n\t\t\t}\n\t\t\t#gallery-1 .gallery-caption {\n\t\t\t\tmargin-left: 0;\n\t\t\t}\n\t\t\t\/* see gallery_shortcode() in wp-includes\/media.php *\/\n\t\t<\/style>\n\t\t<div id='gallery-1' class='gallery galleryid-710 gallery-columns-3 gallery-size-thumbnail'><dl class='gallery-item'>\n\t\t\t<dt class='gallery-icon landscape'>\n\t\t\t\t<a href='https:\/\/www.cscp-plongee.com\/wp-content\/uploads\/2014\/12\/POPomacanthus_paru_01_34m_maLeNahoon.jpg' title=\"\" data-rl_title=\"\" class=\"rl-gallery-link\" data-rl_caption=\"\" data-rel=\"lightbox-gallery-1\"><img decoding=\"async\" width=\"150\" height=\"150\" src=\"https:\/\/www.cscp-plongee.com\/wp-content\/uploads\/2014\/12\/POPomacanthus_paru_01_34m_maLeNahoon-150x150.jpg\" class=\"attachment-thumbnail size-thumbnail\" alt=\"\" \/><\/a>\n\t\t\t<\/dt><\/dl><dl class='gallery-item'>\n\t\t\t<dt class='gallery-icon landscape'>\n\t\t\t\t<a href='https:\/\/www.cscp-plongee.com\/wp-content\/uploads\/2014\/12\/POCTorpedo_sp_01_35m_maLeNahoon.jpg' title=\"\" data-rl_title=\"\" class=\"rl-gallery-link\" data-rl_caption=\"\" data-rel=\"lightbox-gallery-1\"><img decoding=\"async\" width=\"150\" height=\"150\" src=\"https:\/\/www.cscp-plongee.com\/wp-content\/uploads\/2014\/12\/POCTorpedo_sp_01_35m_maLeNahoon-150x150.jpg\" class=\"attachment-thumbnail size-thumbnail\" alt=\"\" \/><\/a>\n\t\t\t<\/dt><\/dl><dl class='gallery-item'>\n\t\t\t<dt class='gallery-icon landscape'>\n\t\t\t\t<a href='https:\/\/www.cscp-plongee.com\/wp-content\/uploads\/2014\/12\/SPAplysina_cavernicola_02_35m_maLeNahoon.jpg' title=\"\" data-rl_title=\"\" class=\"rl-gallery-link\" data-rl_caption=\"\" data-rel=\"lightbox-gallery-1\"><img decoding=\"async\" width=\"150\" height=\"150\" src=\"https:\/\/www.cscp-plongee.com\/wp-content\/uploads\/2014\/12\/SPAplysina_cavernicola_02_35m_maLeNahoon-150x150.jpg\" class=\"attachment-thumbnail size-thumbnail\" alt=\"\" \/><\/a>\n\t\t\t<\/dt><\/dl><br style=\"clear: both\" \/>\n\t\t<\/div>\n\n<p style=\"padding-left: 30px;\"><span style=\"font-family: 'book antiqua', palatino; font-size: 12pt;\"><span style=\"color: #800080;\"><strong>Zone d&rsquo;exploration<\/strong><\/span> : 12 \u00e0 34 m.<\/span><\/p>\n<p style=\"padding-left: 30px;\"><span style=\"font-family: 'book antiqua', palatino; font-size: 12pt;\"><strong><span style=\"color: #800080;\">Type de fond<\/span> <\/strong>: Sable.<\/span><\/p>\n<p style=\"padding-left: 30px;\"><span style=\"font-family: 'book antiqua', palatino; font-size: 12pt;\"><span style=\"color: #800080;\"><strong>Faune \/ flore<\/strong><\/span> : Sarde, barracuda, tazard, poissons anges, araign\u00e9es de mer.<\/span><\/p>\n<p style=\"padding-left: 30px;\"><span style=\"font-family: 'book antiqua', palatino; font-size: 12pt;\"><span style=\"color: #800080;\"><strong>Rencontres<\/strong> <\/span>: Barracuda.<\/span><\/p>\n<p style=\"padding-left: 30px;\"><span style=\"font-family: 'book antiqua', palatino; font-size: 12pt;\"><span style=\"color: #800080;\"><strong>Niveau minimum requi (FFESSM)<\/strong><\/span> : Niv.II (confirm\u00e9).<\/span><\/p>\n<p style=\"padding-left: 30px; text-align: justify;\"><span style=\"font-family: 'book antiqua', palatino; font-size: 12pt;\"><span style=\"color: #800080;\"><strong>Remarques utiles<\/strong><\/span> :<br \/>\nLe Nahoon est le nom d&rsquo;un bateau qui a \u00e9t\u00e9 volontairement coul\u00e9 pour la plus grande joie des plongeurs. Ce navire est un vieux c\u00e2blier sur lequel ont \u00e9t\u00e9 pos\u00e9 3 m\u00e2ts.<\/span><br \/>\n<span style=\"font-family: 'book antiqua', palatino; font-size: 12pt;\"> Lors de son naufrage volontaire, il s&rsquo;est pos\u00e9 sur le fond par la poupe et s&rsquo;est repos\u00e9 sur la quille sans basculer, ce qui donne une magnifique \u00e9pave pos\u00e9e sur un fond de 34 m\u00e8tres avec des m\u00e2ts qui remonte \u00e0 12 m\u00e8tres.<\/span><\/p>\n<h3 style=\"padding-left: 30px;\"><a title=\"Histoire du Nahoon\" href=\"https:\/\/maquettecasepilote.files.wordpress.com\/2014\/05\/histoire-du-nahoon.pdf\" target=\"_blank\"><em><span style=\"font-family: 'book antiqua', palatino;\">Histoire du Nahoon<\/span><\/em><\/a><\/h3>\n<p>&nbsp;<\/p>\n<hr \/>\n<p><span style=\"font-size: 14pt; font-family: 'comic sans ms', sans-serif;\"><strong>Cap Salomon<\/strong><\/span><\/p>\n<p>&nbsp;<\/p>\n<p style=\"padding-left: 30px;\"><span style=\"font-family: 'book antiqua', palatino; font-size: 12pt;\"><span style=\"color: #800080;\"><strong>Zone d&rsquo;exploration<\/strong><\/span> : Surface \u00e0 35 m.<\/span><\/p>\n<p style=\"padding-left: 30px;\"><span style=\"font-family: 'book antiqua', palatino; font-size: 12pt;\"><strong><span style=\"color: #800080;\">Type de fond<\/span><\/strong> : Plateau coralien.<\/span><\/p>\n<p style=\"padding-left: 30px;\"><span style=\"font-family: 'book antiqua', palatino; font-size: 12pt;\"><span style=\"color: #800080;\"><strong>Faune \/ flore<\/strong><\/span> : Eponges, corail, sardes, poissons coraliens.<\/span><\/p>\n<p style=\"padding-left: 30px;\"><span style=\"font-family: 'book antiqua', palatino; font-size: 12pt;\"><span style=\"color: #800080;\"><strong>Rencontres<\/strong><\/span> : Langoustes, barracudas.<\/span><\/p>\n<p style=\"padding-left: 30px;\"><span style=\"font-family: 'book antiqua', palatino; font-size: 12pt;\"><strong><span style=\"color: #800080;\">Niveau minimum requis (FFESSM)<\/span><\/strong> : aucun.<\/span><\/p>\n<p style=\"padding-left: 30px;\"><span style=\"font-family: 'book antiqua', palatino; font-size: 12pt;\"><span style=\"color: #800080;\"><strong>Remarques utiles<\/strong><\/span> : Excellente visibilit\u00e9, courant possible.<\/span><\/p>\n<hr \/>\n<p><span style=\"color: #003300; font-size: 14pt; font-family: 'comic sans ms', sans-serif;\"><strong>Pointe L\u00e9zarde<\/strong><\/span><\/p>\n<p>&nbsp;<\/p>\n\n\t\t<style type=\"text\/css\">\n\t\t\t#gallery-2 {\n\t\t\t\tmargin: auto;\n\t\t\t}\n\t\t\t#gallery-2 .gallery-item {\n\t\t\t\tfloat: left;\n\t\t\t\tmargin-top: 10px;\n\t\t\t\ttext-align: center;\n\t\t\t\twidth: 50%;\n\t\t\t}\n\t\t\t#gallery-2 img {\n\t\t\t\tborder: 2px solid #cfcfcf;\n\t\t\t}\n\t\t\t#gallery-2 .gallery-caption {\n\t\t\t\tmargin-left: 0;\n\t\t\t}\n\t\t\t\/* see gallery_shortcode() in wp-includes\/media.php *\/\n\t\t<\/style>\n\t\t<div id='gallery-2' class='gallery galleryid-710 gallery-columns-2 gallery-size-thumbnail'><dl class='gallery-item'>\n\t\t\t<dt class='gallery-icon landscape'>\n\t\t\t\t<a href='https:\/\/www.cscp-plongee.com\/wp-content\/uploads\/2014\/12\/ANNotaulax_occidentalis_01_maPointeLezarde.jpg' title=\"\" data-rl_title=\"\" class=\"rl-gallery-link\" data-rl_caption=\"\" data-rel=\"lightbox-gallery-2\"><img loading=\"lazy\" decoding=\"async\" width=\"150\" height=\"150\" src=\"https:\/\/www.cscp-plongee.com\/wp-content\/uploads\/2014\/12\/ANNotaulax_occidentalis_01_maPointeLezarde-150x150.jpg\" class=\"attachment-thumbnail size-thumbnail\" alt=\"\" \/><\/a>\n\t\t\t<\/dt><\/dl><dl class='gallery-item'>\n\t\t\t<dt class='gallery-icon landscape'>\n\t\t\t\t<a href='https:\/\/www.cscp-plongee.com\/wp-content\/uploads\/2014\/12\/ANSpirobranchus_giganteus_05_maPointeLezarde.jpg' title=\"\" data-rl_title=\"\" class=\"rl-gallery-link\" data-rl_caption=\"\" data-rel=\"lightbox-gallery-2\"><img loading=\"lazy\" decoding=\"async\" width=\"150\" height=\"150\" src=\"https:\/\/www.cscp-plongee.com\/wp-content\/uploads\/2014\/12\/ANSpirobranchus_giganteus_05_maPointeLezarde-150x150.jpg\" class=\"attachment-thumbnail size-thumbnail\" alt=\"\" \/><\/a>\n\t\t\t<\/dt><\/dl><br style=\"clear: both\" \/>\n\t\t<\/div>\n\n<p style=\"padding-left: 30px;\"><span style=\"font-family: 'book antiqua', palatino; font-size: 12pt;\"><span style=\"color: #800080;\"><strong>Zone d&rsquo;exploration<\/strong><\/span> : Surface \u00e0 45 m.<\/span><\/p>\n<p style=\"padding-left: 30px;\"><span style=\"font-family: 'book antiqua', palatino; font-size: 12pt;\"><strong><span style=\"color: #800080;\">Type de fond<\/span><\/strong> : Tombant et plateau coralien.<\/span><\/p>\n<p style=\"padding-left: 30px;\"><span style=\"font-family: 'book antiqua', palatino; font-size: 12pt;\"><span style=\"color: #800080;\"><strong>Faune \/ flore<\/strong><\/span> : Eponges, corail, sardes.<\/span><\/p>\n<p style=\"padding-left: 30px;\"><span style=\"font-family: 'book antiqua', palatino; font-size: 12pt;\"><span style=\"color: #800080;\"><strong>Rencontres<\/strong><\/span> : Langoustes, barracudas.<\/span><\/p>\n<p style=\"padding-left: 30px;\"><span style=\"font-family: 'book antiqua', palatino; font-size: 12pt;\"><strong><span style=\"color: #800080;\">Niveau minimum requis (FFESSM)<\/span> <\/strong>: aucun.<\/span><\/p>\n<p style=\"padding-left: 30px;\"><span style=\"font-family: 'book antiqua', palatino; font-size: 12pt;\"><span style=\"color: #800080;\"><strong>Remarques utiles<\/strong><\/span> : Excellente visibilit\u00e9, courant possible.<\/span><\/p>\n<p>&nbsp;<\/p>\n<p>&nbsp;<\/p>\n<hr \/>\n<p>&nbsp;<\/p>\n<p>&nbsp;<\/p>\n<p><span style=\"font-family: 'comic sans ms', sans-serif; color: #003300; font-size: 14pt;\"><strong>Pointe Burgos<\/strong><\/span><\/p>\n<p>&nbsp;<\/p>\n\n\t\t<style type=\"text\/css\">\n\t\t\t#gallery-3 {\n\t\t\t\tmargin: auto;\n\t\t\t}\n\t\t\t#gallery-3 .gallery-item {\n\t\t\t\tfloat: left;\n\t\t\t\tmargin-top: 10px;\n\t\t\t\ttext-align: center;\n\t\t\t\twidth: 33%;\n\t\t\t}\n\t\t\t#gallery-3 img {\n\t\t\t\tborder: 2px solid #cfcfcf;\n\t\t\t}\n\t\t\t#gallery-3 .gallery-caption {\n\t\t\t\tmargin-left: 0;\n\t\t\t}\n\t\t\t\/* see gallery_shortcode() in wp-includes\/media.php *\/\n\t\t<\/style>\n\t\t<div id='gallery-3' class='gallery galleryid-710 gallery-columns-3 gallery-size-thumbnail'><dl class='gallery-item'>\n\t\t\t<dt class='gallery-icon portrait'>\n\t\t\t\t<a href='https:\/\/www.cscp-plongee.com\/wp-content\/uploads\/2014\/12\/TUPolycarpa_sp_01_maBurgos.jpg' title=\"\" data-rl_title=\"\" class=\"rl-gallery-link\" data-rl_caption=\"\" data-rel=\"lightbox-gallery-3\"><img loading=\"lazy\" decoding=\"async\" width=\"150\" height=\"150\" src=\"https:\/\/www.cscp-plongee.com\/wp-content\/uploads\/2014\/12\/TUPolycarpa_sp_01_maBurgos-150x150.jpg\" class=\"attachment-thumbnail size-thumbnail\" alt=\"\" \/><\/a>\n\t\t\t<\/dt><\/dl><dl class='gallery-item'>\n\t\t\t<dt class='gallery-icon landscape'>\n\t\t\t\t<a href='https:\/\/www.cscp-plongee.com\/wp-content\/uploads\/2014\/12\/POStegastes_partitus_01_maBurgos.jpg' title=\"\" data-rl_title=\"\" class=\"rl-gallery-link\" data-rl_caption=\"\" data-rel=\"lightbox-gallery-3\"><img loading=\"lazy\" decoding=\"async\" width=\"150\" height=\"150\" src=\"https:\/\/www.cscp-plongee.com\/wp-content\/uploads\/2014\/12\/POStegastes_partitus_01_maBurgos-150x150.jpg\" class=\"attachment-thumbnail size-thumbnail\" alt=\"\" \/><\/a>\n\t\t\t<\/dt><\/dl><dl class='gallery-item'>\n\t\t\t<dt class='gallery-icon landscape'>\n\t\t\t\t<a href='https:\/\/www.cscp-plongee.com\/wp-content\/uploads\/2014\/12\/POLactophrys_triqueter_02_maBurgos.jpg' title=\"\" data-rl_title=\"\" class=\"rl-gallery-link\" data-rl_caption=\"\" data-rel=\"lightbox-gallery-3\"><img loading=\"lazy\" decoding=\"async\" width=\"150\" height=\"150\" src=\"https:\/\/www.cscp-plongee.com\/wp-content\/uploads\/2014\/12\/POLactophrys_triqueter_02_maBurgos-150x150.jpg\" class=\"attachment-thumbnail size-thumbnail\" alt=\"\" \/><\/a>\n\t\t\t<\/dt><\/dl><br style=\"clear: both\" \/>\n\t\t<\/div>\n\n<p style=\"padding-left: 30px;\"><span style=\"font-family: 'book antiqua', palatino; font-size: 12pt;\"><strong><span style=\"color: #800080;\">Zone d&rsquo;exploration<\/span> <\/strong>: Surface \u00e0 60 m.<\/span><\/p>\n<p style=\"padding-left: 30px;\"><span style=\"font-family: 'book antiqua', palatino; font-size: 12pt;\"><strong><span style=\"color: #800080;\">Type de fond<\/span><\/strong> : Tombant et plateau corallien.<\/span><\/p>\n<p style=\"padding-left: 30px;\"><span style=\"font-family: 'book antiqua', palatino; font-size: 12pt;\"><strong><span style=\"color: #800080;\">Faune \/ flore<\/span><\/strong> : \u00c9ponges, corail, sardes, poissons coralliens.<\/span><\/p>\n<p style=\"padding-left: 30px;\"><span style=\"font-family: 'book antiqua', palatino; font-size: 12pt;\"><span style=\"color: #800080;\"><strong>Rencontres<\/strong><\/span> : Langoustes, barracudas, raies.<\/span><\/p>\n<p style=\"padding-left: 30px;\"><span style=\"font-family: 'book antiqua', palatino; font-size: 12pt;\"><strong><span style=\"color: #800080;\">Niveau minimum requis (FFESSM)<\/span><\/strong> : aucun.<\/span><\/p>\n<p style=\"padding-left: 30px;\"><span style=\"font-family: 'book antiqua', palatino; font-size: 12pt;\"><strong><span style=\"color: #800080;\">Remarques utiles<\/span><\/strong> : Excellente visibilit\u00e9, rencontre fr\u00e9quente de raies. <\/span><\/p>\n<hr \/>\n<p><span style=\"color: #003300; font-size: 14pt;\"><strong><span style=\"font-family: 'comic sans ms', sans-serif;\">Les Petites Jorasses<\/span><\/strong><\/span><\/p>\n<p>&nbsp;<\/p>\n<p style=\"padding-left: 30px;\"><span style=\"font-family: 'book antiqua', palatino; font-size: 12pt;\"><span style=\"color: #800080;\"><strong>Zone d&rsquo;exploration<\/strong><\/span> : Surface \u00e0 30 m.<\/span><\/p>\n<p style=\"padding-left: 30px;\"><span style=\"font-family: 'book antiqua', palatino; font-size: 12pt;\"><strong><span style=\"color: #800080;\">Type de fond<\/span><\/strong> : Tombant coralien.<\/span><\/p>\n<p style=\"padding-left: 30px;\"><span style=\"font-family: 'book antiqua', palatino; font-size: 12pt;\"><strong><span style=\"color: #800080;\">Faune \/ flore<\/span> <\/strong>: Eponges, corail, sardes.<\/span><\/p>\n<p style=\"padding-left: 30px;\"><span style=\"font-family: 'book antiqua', palatino; font-size: 12pt;\"><span style=\"color: #800080;\"><strong>Rencontres<\/strong><\/span> : Langoustes, barracudas, raies.<\/span><\/p>\n<p style=\"padding-left: 30px;\"><span style=\"font-family: 'book antiqua', palatino; font-size: 12pt;\"><strong><span style=\"color: #800080;\">Niveau minimum requis (FFESSM)<\/span><\/strong> : aucun.<\/span><\/p>\n<p style=\"padding-left: 30px;\"><span style=\"font-family: 'book antiqua', palatino; font-size: 12pt;\"><strong><span style=\"color: #800080;\">Remarques utiles<\/span><\/strong> : Excellente visibilit\u00e9.<\/span><\/p>\n<hr \/>\n<p><span style=\"font-family: 'comic sans ms', sans-serif; color: #003300; font-size: 14pt;\"><strong>Les grandes Jorasses<\/strong><\/span><\/p>\n<p>&nbsp;<\/p>\n<p style=\"padding-left: 30px;\"><span style=\"font-family: 'book antiqua', palatino; font-size: 12pt;\"><span style=\"color: #800080;\"><strong>Zone d&rsquo;exploration<\/strong><\/span> : 50 \u00e0 60 m.<\/span><\/p>\n<p style=\"padding-left: 30px;\"><span style=\"font-family: 'book antiqua', palatino; font-size: 12pt;\"><strong><span style=\"color: #800080;\">Type de fond<\/span><\/strong> : Grosses patates et canyons.<\/span><\/p>\n<p style=\"padding-left: 30px;\"><span style=\"font-family: 'book antiqua', palatino; font-size: 12pt;\"><strong><span style=\"color: #800080;\">Faune \/ flore<\/span><\/strong> : Virgulaire, sardes, tazards, raies pastenagues.<\/span><\/p>\n<p style=\"padding-left: 30px;\"><span style=\"font-family: 'book antiqua', palatino; font-size: 12pt;\"><span style=\"color: #800080;\"><strong>Rencontres<\/strong><\/span> : Barracudas.<\/span><\/p>\n<p style=\"padding-left: 30px;\"><span style=\"font-family: 'book antiqua', palatino; font-size: 12pt;\"><span style=\"color: #800080;\"><strong>Niveau FFESSM requis<\/strong> <\/span>: Niv.III (confirm\u00e9).<\/span><\/p>\n<p style=\"padding-left: 30px;\"><span style=\"font-family: 'book antiqua', palatino; font-size: 12pt;\"><span style=\"color: #800080;\"><strong>Remarques utiles<\/strong><\/span> :<br \/>\nC&rsquo;est une plong\u00e9e d\u00e9licate car profonde mais c&rsquo;est une plong\u00e9e unique car on y trouve \u00e0 coup s\u00fbr des raies pastenagues de grande envergures. <\/span><\/p>\n<p>&nbsp;<\/p>\n<p>&nbsp;<\/p>\n<p>&nbsp;<\/p>\n","protected":false},"excerpt":{"rendered":"<p>&nbsp; Anse Dufour \/ Anse Noire &nbsp; Zone d&rsquo;exploration : Surface \u00e0 25 m. Type de fond : Tombant abrupt. Faune \/ flore : \u00c9ponges, corail, sarde, tazards, poissons coralliens. Rencontres : Langoustes, barracudas. Niveau minimum requis (FFESSM) : aucun. Remarques utiles : Sur ce site, il y a un magnifique tombant \u00e0 la verticale &hellip; <\/p>\n<p><a class=\"more-link btn\" href=\"https:\/\/www.cscp-plongee.com\/?page_id=710\">Lire la suite<\/a><\/p>\n","protected":false},"author":2,"featured_media":0,"parent":640,"menu_order":0,"comment_status":"closed","ping_status":"closed","template":"","meta":{"footnotes":""},"class_list":["post-710","page","type-page","status-publish","hentry","nodate","item-wrap"],"_links":{"self":[{"href":"https:\/\/www.cscp-plongee.com\/index.php?rest_route=\/wp\/v2\/pages\/710","targetHints":{"allow":["GET"]}}],"collection":[{"href":"https:\/\/www.cscp-plongee.com\/index.php?rest_route=\/wp\/v2\/pages"}],"about":[{"href":"https:\/\/www.cscp-plongee.com\/index.php?rest_route=\/wp\/v2\/types\/page"}],"author":[{"embeddable":true,"href":"https:\/\/www.cscp-plongee.com\/index.php?rest_route=\/wp\/v2\/users\/2"}],"replies":[{"embeddable":true,"href":"https:\/\/www.cscp-plongee.com\/index.php?rest_route=%2Fwp%2Fv2%2Fcomments&post=710"}],"version-history":[{"count":3,"href":"https:\/\/www.cscp-plongee.com\/index.php?rest_route=\/wp\/v2\/pages\/710\/revisions"}],"predecessor-version":[{"id":2050,"href":"https:\/\/www.cscp-plongee.com\/index.php?rest_route=\/wp\/v2\/pages\/710\/revisions\/2050"}],"up":[{"embeddable":true,"href":"https:\/\/www.cscp-plongee.com\/index.php?rest_route=\/wp\/v2\/pages\/640"}],"wp:attachment":[{"href":"https:\/\/www.cscp-plongee.com\/index.php?rest_route=%2Fwp%2Fv2%2Fmedia&parent=710"}],"curies":[{"name":"wp","href":"https:\/\/api.w.org\/{rel}","templated":true}]}}