{"id":700,"date":"2014-05-09T17:05:54","date_gmt":"2014-05-09T16:05:54","guid":{"rendered":"http:\/\/localhost\/CSCP\/?page_id=700"},"modified":"2014-12-17T20:33:15","modified_gmt":"2014-12-17T19:33:15","slug":"le-diamantzone-dexploration-surface-a-60-m-type-de-fond-tombant-et-plateau-coralien-faune-flore-eponges-corail-sardes-tazards-baliste-noires-nombreux-rencontres-langoustes-barr","status":"publish","type":"page","link":"https:\/\/www.cscp-plongee.com\/?page_id=700","title":{"rendered":"Le Diamant"},"content":{"rendered":"<p>&nbsp;<\/p>\n<p><span style=\"font-size: 14pt; color: #003300;\"><strong><span style=\"font-family: 'comic sans ms', sans-serif;\">Le rocher du Diamant<\/span><\/strong><\/span><\/p>\n<p><a href=\"http:\/\/www.cscp-plongee.com\/?attachment_id=1738\"><img decoding=\"async\" class=\"alignleft wp-image-1738\" src=\"http:\/\/maquettecasepilote.files.wordpress.com\/2014\/05\/rocherdiamant.jpg\" alt=\"RocherDiamant\" width=\"148\" height=\"111\" \/><\/a><\/p>\n<p>&nbsp;<\/p>\n<p>&nbsp;<\/p>\n<p>&nbsp;<\/p>\n<p style=\"padding-left: 30px;\"><span style=\"font-family: 'book antiqua', palatino; font-size: 12pt;\"><span style=\"color: #800080;\"><strong>Zone d&rsquo;exploration<\/strong><\/span> : Surface \u00e0 60 m.<\/span><\/p>\n<p style=\"padding-left: 30px;\"><span style=\"font-family: 'book antiqua', palatino; font-size: 12pt;\"><span style=\"color: #800080;\"><strong>Type de fond<\/strong> <\/span>: Tombant et plateau corallien.<\/span><\/p>\n<p style=\"padding-left: 30px;\"><span style=\"font-family: 'book antiqua', palatino; font-size: 12pt;\"><span style=\"color: #800080;\"><strong>Faune \/ flore<\/strong> <\/span>: Eponges, corail, sardes, tazards, baliste noires nombreux.<\/span><\/p>\n<p style=\"padding-left: 30px;\"><span style=\"font-family: 'book antiqua', palatino; font-size: 12pt;\"><span style=\"color: #800080;\"><strong>Rencontres<\/strong> <\/span>: Langoustes, barracudas, raies, etc&#8230;<\/span><\/p>\n<p style=\"padding-left: 30px;\"><span style=\"font-family: 'book antiqua', palatino; font-size: 12pt;\"><span style=\"color: #800080;\"><strong>Niveau minimum requis (FFESSM)<\/strong><\/span> : aucun.<\/span><\/p>\n<p style=\"padding-left: 30px; text-align: justify;\"><span style=\"font-family: 'book antiqua', palatino; font-size: 12pt;\"><span style=\"color: #800080;\"><strong>Remarques utiles<\/strong><\/span> :<br \/>\nPlong\u00e9e d&rsquo;exception. Excellente visibilit\u00e9, cette plong\u00e9e se d\u00e9roule sur un rocher (le Diamant) situ\u00e9 \u00e0 environ 4 kilom\u00e8tres de la c\u00f4te. Vous pouvez y voir un magnifique tombant, une \u00e9norme faille qui le traverse, quelques grottes, ainsi qu&rsquo;une faune exceptionnellement riche. <\/span><\/p>\n<p>&nbsp;<\/p>\n<hr \/>\n<p>&nbsp;<\/p>\n<p><span style=\"color: #003300; font-size: 14pt;\"><strong><span style=\"font-family: 'comic sans ms', sans-serif;\">L&rsquo;arche du Diamant<\/span><\/strong><\/span><\/p>\n<p>&nbsp;<\/p>\n<p style=\"padding-left: 30px;\"><span style=\"font-family: 'book antiqua', palatino; font-size: 12pt;\"><span style=\"color: #800080;\"><strong>Zone d&rsquo;exploration<\/strong> <\/span>: Surface \u00e0 20 m.<\/span><\/p>\n<p style=\"padding-left: 30px;\"><span style=\"font-family: 'book antiqua', palatino; font-size: 12pt;\"><span style=\"color: #800080;\"><strong>Type de fond<\/strong><\/span> : Arche coralien.<\/span><\/p>\n<p style=\"padding-left: 30px;\"><span style=\"font-family: 'book antiqua', palatino; font-size: 12pt;\"><span style=\"color: #800080;\"><strong>Faune \/ flore<\/strong><\/span> : Eponges, corail, sardes, poisson coralliens, jeunes poissons carnassiers.<\/span><\/p>\n<p style=\"padding-left: 30px;\"><span style=\"font-family: 'book antiqua', palatino; font-size: 12pt;\"><span style=\"color: #800080;\"><strong>Rencontres<\/strong> <\/span>: Langoustes, barracudas, raies.<\/span><\/p>\n<p style=\"padding-left: 30px;\"><span style=\"font-family: 'book antiqua', palatino; font-size: 12pt;\"><strong><span style=\"color: #800080;\">Niveau minimum requis (FFESSM)<\/span><\/strong> : Niv I.<\/span><\/p>\n<p style=\"padding-left: 30px;\"><span style=\"font-family: 'book antiqua', palatino; font-size: 12pt;\"><span style=\"color: #800080;\"><strong>Remarques utiles<\/strong><\/span> :<br \/>\nSous l&rsquo;arche, on voit r\u00e9guli\u00e8rement des langoustes Br\u00e9siliennes.<\/span><\/p>\n<p>&nbsp;<\/p>\n","protected":false},"excerpt":{"rendered":"<p>&nbsp; Le rocher du Diamant &nbsp; &nbsp; &nbsp; Zone d&rsquo;exploration : Surface \u00e0 60 m. Type de fond : Tombant et plateau corallien. Faune \/ flore : Eponges, corail, sardes, tazards, baliste noires nombreux. Rencontres : Langoustes, barracudas, raies, etc&#8230; Niveau minimum requis (FFESSM) : aucun. Remarques utiles : Plong\u00e9e d&rsquo;exception. Excellente visibilit\u00e9, cette plong\u00e9e &hellip; <\/p>\n<p><a class=\"more-link btn\" href=\"https:\/\/www.cscp-plongee.com\/?page_id=700\">Lire la suite<\/a><\/p>\n","protected":false},"author":2,"featured_media":0,"parent":640,"menu_order":0,"comment_status":"closed","ping_status":"closed","template":"","meta":{"footnotes":""},"class_list":["post-700","page","type-page","status-publish","hentry","nodate","item-wrap"],"_links":{"self":[{"href":"https:\/\/www.cscp-plongee.com\/index.php?rest_route=\/wp\/v2\/pages\/700","targetHints":{"allow":["GET"]}}],"collection":[{"href":"https:\/\/www.cscp-plongee.com\/index.php?rest_route=\/wp\/v2\/pages"}],"about":[{"href":"https:\/\/www.cscp-plongee.com\/index.php?rest_route=\/wp\/v2\/types\/page"}],"author":[{"embeddable":true,"href":"https:\/\/www.cscp-plongee.com\/index.php?rest_route=\/wp\/v2\/users\/2"}],"replies":[{"embeddable":true,"href":"https:\/\/www.cscp-plongee.com\/index.php?rest_route=%2Fwp%2Fv2%2Fcomments&post=700"}],"version-history":[{"count":2,"href":"https:\/\/www.cscp-plongee.com\/index.php?rest_route=\/wp\/v2\/pages\/700\/revisions"}],"predecessor-version":[{"id":2061,"href":"https:\/\/www.cscp-plongee.com\/index.php?rest_route=\/wp\/v2\/pages\/700\/revisions\/2061"}],"up":[{"embeddable":true,"href":"https:\/\/www.cscp-plongee.com\/index.php?rest_route=\/wp\/v2\/pages\/640"}],"wp:attachment":[{"href":"https:\/\/www.cscp-plongee.com\/index.php?rest_route=%2Fwp%2Fv2%2Fmedia&parent=700"}],"curies":[{"name":"wp","href":"https:\/\/api.w.org\/{rel}","templated":true}]}}