{"id":697,"date":"2014-05-09T15:28:12","date_gmt":"2014-05-09T14:28:12","guid":{"rendered":"http:\/\/localhost\/CSCP\/?page_id=697"},"modified":"2014-05-09T15:28:12","modified_gmt":"2014-05-09T14:28:12","slug":"fort-de-france","status":"publish","type":"page","link":"https:\/\/www.cscp-plongee.com\/?page_id=697","title":{"rendered":"Fort-de-France"},"content":{"rendered":"<p>&nbsp;<\/p>\n<p><span style=\"color:#003300;font-size:14pt;\"><strong><span style=\"font-family:'comic sans ms', sans-serif;\">Pointe des N\u00e8gres<\/span><\/strong><\/span><\/p>\n<p>&nbsp;<\/p>\n<p style=\"padding-left:30px;\"><span style=\"font-family:'book antiqua', palatino;font-size:12pt;\"><span style=\"color:#800080;\"><strong>Zone d&rsquo;exploration<\/strong><\/span> : Surface \u00e0 25 m.<\/span><\/p>\n<p style=\"padding-left:30px;\"><span style=\"font-family:'book antiqua', palatino;font-size:12pt;\"><span style=\"color:#800080;\"><strong>Type de fond<\/strong><\/span> : Tombant en pente leg\u00e8re.<\/span><\/p>\n<p style=\"padding-left:30px;\"><span style=\"font-family:'book antiqua', palatino;font-size:12pt;\"><span style=\"color:#800080;\"><strong>Faune \/ flore<\/strong><\/span> : Eponges, corail, sardes.<\/span><\/p>\n<p style=\"padding-left:30px;\"><span style=\"font-family:'book antiqua', palatino;font-size:12pt;\"><span style=\"color:#800080;\"><strong>Rencontres<\/strong> <\/span>: Tortues, langoustes, barracudas.<\/span><\/p>\n<p style=\"padding-left:30px;\"><span style=\"font-family:'book antiqua', palatino;font-size:12pt;\"><strong><span style=\"color:#800080;\">Niveau minimum requis (FFESSM)<\/span><\/strong> : aucun.<\/span><\/p>\n<p style=\"padding-left:30px;\"><span style=\"font-family:'book antiqua', palatino;font-size:12pt;\"><span style=\"color:#800080;\"><strong>Remarques utiles<\/strong><\/span> : Visibilit\u00e9 variable, petit courant possible.<\/span><\/p>\n<p>&nbsp;<\/p>\n<p>&nbsp;<\/p>\n<hr \/>\n<p>&nbsp;<\/p>\n<p>&nbsp;<\/p>\n<p><span style=\"font-size:14pt;color:#003300;\"><strong><span style=\"font-family:'comic sans ms', sans-serif;\">L&rsquo;HYDRAVION<\/span><\/strong><\/span><\/p>\n<p>&nbsp;<\/p>\n<p style=\"padding-left:30px;\"><span style=\"font-family:'book antiqua', palatino;font-size:12pt;\"><span style=\"color:#800080;\"><strong>Zone d&rsquo;exploration<\/strong><\/span> : 30m.<\/span><\/p>\n<p style=\"padding-left:30px;\"><span style=\"font-family:'book antiqua', palatino;font-size:12pt;\"><strong><span style=\"color:#800080;\">Type de fond<\/span><\/strong> : Vase.<\/span><\/p>\n<p style=\"padding-left:30px;\"><span style=\"font-family:'book antiqua', palatino;font-size:12pt;\"><span style=\"color:#800080;\"><strong>Faune \/ flore<\/strong><\/span> : Eponges, virgulaires.<\/span><\/p>\n<p style=\"padding-left:30px;\"><span style=\"font-family:'book antiqua', palatino;font-size:12pt;\"><span style=\"color:#800080;\"><strong>Rencontres<\/strong> <\/span>: barracudas.<\/span><\/p>\n<p style=\"padding-left:30px;\"><span style=\"font-family:'book antiqua', palatino;font-size:12pt;\"><strong><span style=\"color:#800080;\">Niveau minimum requis (FFESSM)<\/span><\/strong> : Niv.II (confirm\u00e9).<\/span><\/p>\n<p style=\"padding-left:30px;text-align:justify;\"><span style=\"font-family:'book antiqua', palatino;font-size:12pt;\"><span style=\"color:#800080;\"><strong>Remarques utiles<\/strong><\/span> :<br \/>\nUne plong\u00e9e qui s&rsquo;effectue sur une \u00e9pave d&rsquo;hydravion pos\u00e9 sur le dos. Cet avion a coul\u00e9 pendant la 2\u00e8me guerre mondiale, dans la baie de Fort de France. Il s&rsquo;agirait d&rsquo;un Sikorsky de la Pan Air, faisant une ligne Cayenne\/Miami. Il est rest\u00e9 en tr\u00e8s bon \u00e9tat car la carlingue est en aluminium.<\/span><br \/>\n<em><span style=\"font-family:'book antiqua', palatino;font-size:12pt;\">Plong\u00e9e soumise \u00e0 une autorisation des affaires maritimes.<\/span><\/em><\/p>\n<p>&nbsp;<\/p>\n<p>&nbsp;<\/p>\n","protected":false},"excerpt":{"rendered":"<p>&nbsp; Pointe des N\u00e8gres &nbsp; Zone d&rsquo;exploration : Surface \u00e0 25 m. Type de fond : Tombant en pente leg\u00e8re. Faune \/ flore : Eponges, corail, sardes. Rencontres : Tortues, langoustes, barracudas. Niveau minimum requis (FFESSM) : aucun. Remarques utiles : Visibilit\u00e9 variable, petit courant possible. &nbsp; &nbsp; &nbsp; &nbsp; L&rsquo;HYDRAVION &nbsp; Zone d&rsquo;exploration : &hellip; <\/p>\n<p><a class=\"more-link btn\" href=\"https:\/\/www.cscp-plongee.com\/?page_id=697\">Lire la suite<\/a><\/p>\n","protected":false},"author":2,"featured_media":0,"parent":640,"menu_order":0,"comment_status":"closed","ping_status":"closed","template":"","meta":{"footnotes":""},"class_list":["post-697","page","type-page","status-publish","hentry","nodate","item-wrap"],"_links":{"self":[{"href":"https:\/\/www.cscp-plongee.com\/index.php?rest_route=\/wp\/v2\/pages\/697","targetHints":{"allow":["GET"]}}],"collection":[{"href":"https:\/\/www.cscp-plongee.com\/index.php?rest_route=\/wp\/v2\/pages"}],"about":[{"href":"https:\/\/www.cscp-plongee.com\/index.php?rest_route=\/wp\/v2\/types\/page"}],"author":[{"embeddable":true,"href":"https:\/\/www.cscp-plongee.com\/index.php?rest_route=\/wp\/v2\/users\/2"}],"replies":[{"embeddable":true,"href":"https:\/\/www.cscp-plongee.com\/index.php?rest_route=%2Fwp%2Fv2%2Fcomments&post=697"}],"version-history":[{"count":0,"href":"https:\/\/www.cscp-plongee.com\/index.php?rest_route=\/wp\/v2\/pages\/697\/revisions"}],"up":[{"embeddable":true,"href":"https:\/\/www.cscp-plongee.com\/index.php?rest_route=\/wp\/v2\/pages\/640"}],"wp:attachment":[{"href":"https:\/\/www.cscp-plongee.com\/index.php?rest_route=%2Fwp%2Fv2%2Fmedia&parent=697"}],"curies":[{"name":"wp","href":"https:\/\/api.w.org\/{rel}","templated":true}]}}