{"id":685,"date":"2014-05-09T15:07:01","date_gmt":"2014-05-09T14:07:01","guid":{"rendered":"http:\/\/localhost\/CSCP\/?page_id=685"},"modified":"2014-12-17T20:25:52","modified_gmt":"2014-12-17T19:25:52","slug":"bellefontaine","status":"publish","type":"page","link":"https:\/\/www.cscp-plongee.com\/?page_id=685","title":{"rendered":"Bellefontaine"},"content":{"rendered":"<p>&nbsp;<\/p>\n<p><span style=\"color: #003300;\"><strong><span style=\"font-family: 'comic sans ms', sans-serif; font-size: 14pt;\">Fond Boucher<\/span><\/strong><\/span><\/p>\n<p>&nbsp;<\/p>\n\n\t\t<style type=\"text\/css\">\n\t\t\t#gallery-1 {\n\t\t\t\tmargin: auto;\n\t\t\t}\n\t\t\t#gallery-1 .gallery-item {\n\t\t\t\tfloat: left;\n\t\t\t\tmargin-top: 10px;\n\t\t\t\ttext-align: center;\n\t\t\t\twidth: 33%;\n\t\t\t}\n\t\t\t#gallery-1 img {\n\t\t\t\tborder: 2px solid #cfcfcf;\n\t\t\t}\n\t\t\t#gallery-1 .gallery-caption {\n\t\t\t\tmargin-left: 0;\n\t\t\t}\n\t\t\t\/* see gallery_shortcode() in wp-includes\/media.php *\/\n\t\t<\/style>\n\t\t<div id='gallery-1' class='gallery galleryid-685 gallery-columns-3 gallery-size-thumbnail'><dl class='gallery-item'>\n\t\t\t<dt class='gallery-icon landscape'>\n\t\t\t\t<a href='https:\/\/www.cscp-plongee.com\/wp-content\/uploads\/2014\/12\/P1020157_FondBoucher.jpg' title=\"\" data-rl_title=\"\" class=\"rl-gallery-link\" data-rl_caption=\"\" data-rel=\"lightbox-gallery-1\"><img decoding=\"async\" width=\"150\" height=\"150\" src=\"https:\/\/www.cscp-plongee.com\/wp-content\/uploads\/2014\/12\/P1020157_FondBoucher-150x150.jpg\" class=\"attachment-thumbnail size-thumbnail\" alt=\"\" \/><\/a>\n\t\t\t<\/dt><\/dl><dl class='gallery-item'>\n\t\t\t<dt class='gallery-icon portrait'>\n\t\t\t\t<a href='https:\/\/www.cscp-plongee.com\/wp-content\/uploads\/2014\/12\/POMyrichthys_breviceps_01_maFondBoucher.jpg' title=\"\" data-rl_title=\"\" class=\"rl-gallery-link\" data-rl_caption=\"\" data-rel=\"lightbox-gallery-1\"><img decoding=\"async\" width=\"150\" height=\"150\" src=\"https:\/\/www.cscp-plongee.com\/wp-content\/uploads\/2014\/12\/POMyrichthys_breviceps_01_maFondBoucher-150x150.jpg\" class=\"attachment-thumbnail size-thumbnail\" alt=\"\" \/><\/a>\n\t\t\t<\/dt><\/dl><dl class='gallery-item'>\n\t\t\t<dt class='gallery-icon portrait'>\n\t\t\t\t<a href='https:\/\/www.cscp-plongee.com\/wp-content\/uploads\/2014\/12\/MOSpondylus_varius_01_maFondBoucher.jpg' title=\"\" data-rl_title=\"\" class=\"rl-gallery-link\" data-rl_caption=\"\" data-rel=\"lightbox-gallery-1\"><img decoding=\"async\" width=\"150\" height=\"150\" src=\"https:\/\/www.cscp-plongee.com\/wp-content\/uploads\/2014\/12\/MOSpondylus_varius_01_maFondBoucher-150x150.jpg\" class=\"attachment-thumbnail size-thumbnail\" alt=\"\" \/><\/a>\n\t\t\t<\/dt><\/dl><br style=\"clear: both\" \/>\n\t\t<\/div>\n\n<hr \/>\n<p>&nbsp;<\/p>\n<p><span style=\"font-family: 'book antiqua', palatino; font-size: 12pt;\"><span style=\"color: #800080;\"><strong>Zone d&rsquo;exploration<\/strong><\/span> : Surface \u00e0 22 m.<\/span><\/p>\n<p><span style=\"font-family: 'book antiqua', palatino; font-size: 12pt;\"><span style=\"color: #800080;\"><strong>Type de fond<\/strong><\/span> : Tombant en pente l\u00e9g\u00e8re.<\/span><\/p>\n<p><span style=\"font-family: 'book antiqua', palatino; font-size: 12pt;\"><span style=\"color: #800080;\"><strong>Faune \/ flore<\/strong><\/span> : Eponges, corail, sardes, poissons coralliens.<\/span><\/p>\n<p><span style=\"font-family: 'book antiqua', palatino; font-size: 12pt;\"><span style=\"color: #800080;\"><strong>Rencontres<\/strong> <\/span>: Tortues fr\u00e9quentes, langoustes, barracudas.<\/span><\/p>\n<p><span style=\"font-family: 'book antiqua', palatino; font-size: 12pt;\"><strong><span style=\"color: #800080;\">Niveau minimum requis (FFESSM)<\/span> <\/strong>: aucun.<\/span><\/p>\n<p style=\"text-align: justify;\"><span style=\"font-family: 'book antiqua', palatino; font-size: 12pt;\"><span style=\"color: #800080;\"><strong>Remarques utiles<\/strong><\/span> :<br \/>\nVisibilit\u00e9 variable, petit courant possible. Une petite arche pr\u00e9s du mouillage, sympa pour les bapt\u00e8mes. Une petite grotte \u00e0 10m o\u00f9 il y a toujours des langoustes.<\/span><\/p>\n<p>&nbsp;<\/p>\n","protected":false},"excerpt":{"rendered":"<p>&nbsp; Fond Boucher &nbsp; &nbsp; Zone d&rsquo;exploration : Surface \u00e0 22 m. Type de fond : Tombant en pente l\u00e9g\u00e8re. Faune \/ flore : Eponges, corail, sardes, poissons coralliens. Rencontres : Tortues fr\u00e9quentes, langoustes, barracudas. Niveau minimum requis (FFESSM) : aucun. Remarques utiles : Visibilit\u00e9 variable, petit courant possible. Une petite arche pr\u00e9s du mouillage, &hellip; <\/p>\n<p><a class=\"more-link btn\" href=\"https:\/\/www.cscp-plongee.com\/?page_id=685\">Lire la suite<\/a><\/p>\n","protected":false},"author":2,"featured_media":0,"parent":640,"menu_order":0,"comment_status":"closed","ping_status":"closed","template":"","meta":{"footnotes":""},"class_list":["post-685","page","type-page","status-publish","hentry","nodate","item-wrap"],"_links":{"self":[{"href":"https:\/\/www.cscp-plongee.com\/index.php?rest_route=\/wp\/v2\/pages\/685","targetHints":{"allow":["GET"]}}],"collection":[{"href":"https:\/\/www.cscp-plongee.com\/index.php?rest_route=\/wp\/v2\/pages"}],"about":[{"href":"https:\/\/www.cscp-plongee.com\/index.php?rest_route=\/wp\/v2\/types\/page"}],"author":[{"embeddable":true,"href":"https:\/\/www.cscp-plongee.com\/index.php?rest_route=\/wp\/v2\/users\/2"}],"replies":[{"embeddable":true,"href":"https:\/\/www.cscp-plongee.com\/index.php?rest_route=%2Fwp%2Fv2%2Fcomments&post=685"}],"version-history":[{"count":1,"href":"https:\/\/www.cscp-plongee.com\/index.php?rest_route=\/wp\/v2\/pages\/685\/revisions"}],"predecessor-version":[{"id":2055,"href":"https:\/\/www.cscp-plongee.com\/index.php?rest_route=\/wp\/v2\/pages\/685\/revisions\/2055"}],"up":[{"embeddable":true,"href":"https:\/\/www.cscp-plongee.com\/index.php?rest_route=\/wp\/v2\/pages\/640"}],"wp:attachment":[{"href":"https:\/\/www.cscp-plongee.com\/index.php?rest_route=%2Fwp%2Fv2%2Fmedia&parent=685"}],"curies":[{"name":"wp","href":"https:\/\/api.w.org\/{rel}","templated":true}]}}