{"id":659,"date":"2014-05-09T04:36:33","date_gmt":"2014-05-09T03:36:33","guid":{"rendered":"http:\/\/localhost\/CSCP\/?page_id=659"},"modified":"2014-12-17T20:35:46","modified_gmt":"2014-12-17T19:35:46","slug":"le-precheur","status":"publish","type":"page","link":"https:\/\/www.cscp-plongee.com\/?page_id=659","title":{"rendered":"Le Pr\u00eacheur"},"content":{"rendered":"<p><a name=\"hautdepage\"><\/a><\/p>\n<p><strong><span style=\"font-family: 'comic sans ms', sans-serif; font-size: 14pt; color: #003300;\">LA PERLE<\/span><\/strong><\/p>\n<p style=\"padding-left: 30px;\"><a href=\"http:\/\/www.cscp-plongee.com\/?attachment_id=1726\"><img decoding=\"async\" class=\"alignleft wp-image-1726\" src=\"http:\/\/maquettecasepilote.files.wordpress.com\/2014\/05\/laperle.png\" alt=\"laperle\" width=\"124\" height=\"97\" \/><\/a><\/p>\n<p style=\"padding-left: 30px;\"><strong><span style=\"color: #800080;\">Zone d&rsquo;exploration<\/span><\/strong> : Surface \u00e0 60 m.<\/p>\n<p style=\"padding-left: 30px;\"><strong><span style=\"color: #800080;\">Type de fond<\/span><\/strong> : Tombants coralliens, fonds rocheux.<\/p>\n<p style=\"padding-left: 30px;\"><span style=\"color: #800080;\"><strong>Faune \/ flore corallienne<\/strong>\u00a0<\/span>: Eponges, corail, virgulaire, gorgones, petits poissons coralliens et petits carnassiers.<\/p>\n<p style=\"padding-left: 30px;\"><strong><span style=\"color: #800080;\">Rencontres<\/span> <\/strong>: M\u00e9rous, sardes, poissons p\u00e9lagiens, tortues, raies, langoustes, barracudas.<\/p>\n<p style=\"padding-left: 30px;\"><strong><span style=\"color: #800080;\">Niveau minimum FFESSM requis<\/span><\/strong> : Niv.I (confirm\u00e9).<\/p>\n<p style=\"padding-left: 30px;\"><strong><span style=\"color: #800080;\">Remarques utiles<\/span> <\/strong>:<br \/>\nC&rsquo;est l&rsquo;une des plus belles plong\u00e9es de l&rsquo;\u00eele. C&rsquo;est un rocher qui est \u00e0 environ \u00e0 1 mile de la c\u00f4te. Au cours de la plong\u00e9e, on peut en faire le tour. Grande visibilit\u00e9. Courant fr\u00e9quent.<\/p>\n<hr \/>\n<p><strong><span style=\"font-family: 'comic sans ms', sans-serif; font-size: 14pt; color: #003300;\">LE SOUS-MARIN<\/span><\/strong><\/p>\n<p><a href=\"http:\/\/www.cscp-plongee.com\/?attachment_id=1728\"><img decoding=\"async\" class=\"alignleft wp-image-1728\" src=\"http:\/\/maquettecasepilote.files.wordpress.com\/2014\/05\/sous-marin.jpg\" alt=\"Sous-Marin\" width=\"141\" height=\"105\" \/><\/a><\/p>\n<p>&nbsp;<\/p>\n<p>&nbsp;<\/p>\n<p>&nbsp;<\/p>\n<p style=\"padding-left: 30px;\"><span style=\"color: #800080;\"><strong>Zone d&rsquo;exploration<\/strong><\/span> : Surface \u00e0 25m.<\/p>\n<p style=\"padding-left: 30px;\"><strong><span style=\"color: #800080;\">Type de fond<\/span><\/strong> : Caye \u00e0 fleur d&rsquo;eau.<\/p>\n<p style=\"padding-left: 30px;\"><span style=\"color: #800080;\"><strong>Faune \/ flore<\/strong><\/span> : Eponges, corail, virgulaire, sarde, carangues.<\/p>\n<p style=\"padding-left: 30px;\"><span style=\"color: #800080;\"><strong>Rencontres<\/strong> <\/span>: Tortues, langoustes, barracudas.<\/p>\n<p style=\"padding-left: 30px;\"><strong><span style=\"color: #800080;\">Niveau minimum requis (FFESSM)<\/span><\/strong> : Niv.I.<\/p>\n<p style=\"padding-left: 30px;\"><span style=\"color: #800080;\"><strong>Remarques utiles :<br \/>\n<\/strong><\/span> Les grottes y sont nombreuses et abritent une grande vari\u00e9t\u00e9 de poissons coralliens. Un boyau d&rsquo;une trentaine de m\u00e8tres de long et 4m\u00e8tres de diam\u00e8tre, ouvert des 2 c\u00f4t\u00e9s.<\/p>\n<hr \/>\n<p>&nbsp;<\/p>\n<p><strong><span style=\"font-family: 'comic sans ms', sans-serif; font-size: 14pt; color: #003300;\">LA CITADELLE<\/span><\/strong><\/p>\n<p>&nbsp;<\/p>\n<p style=\"padding-left: 30px;\"><span style=\"color: #800080;\"><strong>Zone d&rsquo;exploration<\/strong> <\/span>: 7 \u00e0 35m.<\/p>\n<p style=\"padding-left: 30px;\"><strong><span style=\"color: #800080;\">Type de fond<\/span><\/strong> : Plateau corallien.<\/p>\n<p style=\"padding-left: 30px;\"><span style=\"color: #800080;\"><strong>Faune \/ flore<\/strong><\/span> : Eponges, virgulaire, corail, gorgones, gorrette, sarde, tazard.<\/p>\n<p style=\"padding-left: 30px;\"><strong><span style=\"color: #800080;\">Rencontres<\/span> <\/strong>: Tortues, langoustes, barracudas, capitaines.<\/p>\n<p style=\"padding-left: 30px;\"><span style=\"color: #800080;\"><strong>Niveau minimum requis (FFESSM)<\/strong><\/span> : Niv.I<\/p>\n<p style=\"padding-left: 30px;\"><span style=\"color: #800080;\"><strong>Remarques utiles :<\/strong><\/span><br \/>\nCette plong\u00e9e est situ\u00e9e un peu au nord du ponton des Abymes (Pr\u00eacheur). Il n&rsquo;est pas rare lors de cette plong\u00e9e de croiser des individus imposants comme le poisson Capitaine et la Tortue.<\/p>\n<hr \/>\n<p>&nbsp;<\/p>\n<p><span style=\"font-family: 'comic sans ms', sans-serif; color: #003300; font-size: 14pt;\"><strong>POINTE LAMARE<\/strong><\/span><\/p>\n\n\t\t<style type=\"text\/css\">\n\t\t\t#gallery-1 {\n\t\t\t\tmargin: auto;\n\t\t\t}\n\t\t\t#gallery-1 .gallery-item {\n\t\t\t\tfloat: left;\n\t\t\t\tmargin-top: 10px;\n\t\t\t\ttext-align: center;\n\t\t\t\twidth: 33%;\n\t\t\t}\n\t\t\t#gallery-1 img {\n\t\t\t\tborder: 2px solid #cfcfcf;\n\t\t\t}\n\t\t\t#gallery-1 .gallery-caption {\n\t\t\t\tmargin-left: 0;\n\t\t\t}\n\t\t\t\/* see gallery_shortcode() in wp-includes\/media.php *\/\n\t\t<\/style>\n\t\t<div id='gallery-1' class='gallery galleryid-659 gallery-columns-3 gallery-size-thumbnail'><dl class='gallery-item'>\n\t\t\t<dt class='gallery-icon landscape'>\n\t\t\t\t<a href='https:\/\/www.cscp-plongee.com\/wp-content\/uploads\/2014\/09\/pointe-lamare-e1410095173431.jpg' title=\"\" data-rl_title=\"\" class=\"rl-gallery-link\" data-rl_caption=\"\" data-rel=\"lightbox-gallery-1\"><img decoding=\"async\" width=\"140\" height=\"102\" src=\"https:\/\/www.cscp-plongee.com\/wp-content\/uploads\/2014\/09\/pointe-lamare-e1410095173431.jpg\" class=\"attachment-thumbnail size-thumbnail\" alt=\"\" \/><\/a>\n\t\t\t<\/dt><\/dl>\n\t\t\t<br style='clear: both' \/>\n\t\t<\/div>\n\n<p style=\"padding-left: 30px;\"><strong><span style=\"color: #800080;\">Zone d&rsquo;exploration<\/span><\/strong> : 20 \u00e0 50m.<\/p>\n<p style=\"padding-left: 30px;\"><span style=\"color: #800080;\"><strong>Type de fond<\/strong> <\/span>: Tombant.<\/p>\n<p style=\"padding-left: 30px;\"><span style=\"color: #800080;\"><strong>Faune \/ flore<\/strong><\/span> : Eponges, corail, virgulaire, sarde, poissons coralliens.<\/p>\n<p style=\"padding-left: 30px;\"><span style=\"color: #800080;\"><strong>Rencontres<\/strong> <\/span>: Tortues, langoustes, barracudas.<\/p>\n<p style=\"padding-left: 30px;\"><span style=\"color: #800080;\"><strong>Niveau minimum requis (FFESSM)<\/strong><\/span> : Niv.II.<\/p>\n<p style=\"padding-left: 30px;\"><strong><span style=\"color: #800080;\">Remarques utiles<\/span> <\/strong>:<br \/>\nCourant fr\u00e9quent, visibilit\u00e9 variable selon la saison.<\/p>\n<hr \/>\n<p><span style=\"font-size: 14pt; color: #003300;\"><strong><span style=\"font-family: 'comic sans ms', sans-serif;\">Canyons de BABODY<\/span><\/strong><\/span><\/p>\n\n\t\t<style type=\"text\/css\">\n\t\t\t#gallery-2 {\n\t\t\t\tmargin: auto;\n\t\t\t}\n\t\t\t#gallery-2 .gallery-item {\n\t\t\t\tfloat: left;\n\t\t\t\tmargin-top: 10px;\n\t\t\t\ttext-align: center;\n\t\t\t\twidth: 33%;\n\t\t\t}\n\t\t\t#gallery-2 img {\n\t\t\t\tborder: 2px solid #cfcfcf;\n\t\t\t}\n\t\t\t#gallery-2 .gallery-caption {\n\t\t\t\tmargin-left: 0;\n\t\t\t}\n\t\t\t\/* see gallery_shortcode() in wp-includes\/media.php *\/\n\t\t<\/style>\n\t\t<div id='gallery-2' class='gallery galleryid-659 gallery-columns-3 gallery-size-thumbnail'><dl class='gallery-item'>\n\t\t\t<dt class='gallery-icon portrait'>\n\t\t\t\t<a href='https:\/\/www.cscp-plongee.com\/wp-content\/uploads\/2014\/09\/babody-e1410095240137.jpg' title=\"\" data-rl_title=\"\" class=\"rl-gallery-link\" data-rl_caption=\"\" data-rel=\"lightbox-gallery-2\"><img loading=\"lazy\" decoding=\"async\" width=\"90\" height=\"135\" src=\"https:\/\/www.cscp-plongee.com\/wp-content\/uploads\/2014\/09\/babody-e1410095240137.jpg\" class=\"attachment-thumbnail size-thumbnail\" alt=\"\" \/><\/a>\n\t\t\t<\/dt><\/dl>\n\t\t\t<br style='clear: both' \/>\n\t\t<\/div>\n\n<p style=\"padding-left: 30px;\"><span style=\"color: #800080;\"><strong>Zone d&rsquo;exploration<\/strong><\/span> : 15 \u00e0 50m.<\/p>\n<p style=\"padding-left: 30px;\"><span style=\"color: #800080;\"><strong>Type de fond<\/strong> <\/span>: Tombant, grands canyons.<\/p>\n<p style=\"padding-left: 30px;\"><strong><span style=\"color: #800080;\">Faune \/ flore<\/span><\/strong> : Eponges, corail, virgulaire, sardes.<\/p>\n<p style=\"padding-left: 30px;\"><span style=\"color: #800080;\"><strong>Rencontres<\/strong> <\/span>: tortues, barracudas.<\/p>\n<p style=\"padding-left: 30px;\"><strong><span style=\"color: #800080;\">Niveau minimum requis(FFESSM<\/span><\/strong>) : Niv.II.<\/p>\n<p style=\"padding-left: 30px;\"><span style=\"color: #800080;\"><strong>Remarques utiles :<\/strong><\/span><br \/>\nDes coul\u00e9es de lave de la Montagne Pel\u00e9e ont gliss\u00e9 dans l&rsquo;eau formant ainsi des canyons naturels de chaque c\u00f4t\u00e9 d&rsquo;un grand canyon principal allant de 15m jusqu&rsquo;\u00e0 plus de 50 m\u00e8tres. Ambiance magique pour les profondes. Un plateau \u00e0 15 m riche en barracudas.<\/p>\n<p>&nbsp;<\/p>\n<hr \/>\n<p><span style=\"color: #003300; font-family: 'comic sans ms', sans-serif; font-size: 14pt;\"><strong>RIVIERE CLAIRE<\/strong><\/span><\/p>\n<p>&nbsp;<\/p>\n<p style=\"padding-left: 30px;\"><span style=\"color: #800080;\"><strong>Zone d&rsquo;exploration<\/strong><\/span> : 10 \u00e0 30 m.<\/p>\n<p style=\"padding-left: 30px;\"><strong><span style=\"color: #800080;\">Type de fond<\/span> <\/strong>: Tombant et petit plateau corallien.<\/p>\n<p style=\"padding-left: 30px;\"><strong><span style=\"color: #800080;\">Faune \/ flore<\/span> <\/strong>: Eponges, corail, virgulaires, sardes.<\/p>\n<p style=\"padding-left: 30px;\"><span style=\"color: #800080;\"><strong>Rencontres<\/strong> <\/span>: Tortues, langoustes, barracudas.<\/p>\n<p style=\"padding-left: 30px;\"><strong><span style=\"color: #800080;\">Niveau minimum requis (FFESSM)<\/span> <\/strong>: Niv.I.<\/p>\n<p style=\"padding-left: 30px;\"><span style=\"color: #800080;\"><strong>Remarques utiles<\/strong><\/span> : Plong\u00e9e qui peut se faire en partant du bord.<\/p>\n<hr \/>\n<p>&nbsp;<\/p>\n<p><span style=\"color: #003300; font-family: 'comic sans ms', sans-serif; font-size: 14pt;\"><strong>TROU BLEU<\/strong><\/span><\/p>\n<p>&nbsp;<\/p>\n<p style=\"padding-left: 30px;\"><span style=\"color: #800080;\"><strong>Zone d&rsquo;exploration<\/strong> <\/span>: 20 \u00e0 60 m.<\/p>\n<p style=\"padding-left: 30px;\"><span style=\"color: #800080;\"><strong>Type de fond<\/strong><\/span> : Tombant de 20 \u00e0 45 m\u00e8tres. Patates \u00e0 60 m\u00e8tres.<\/p>\n<p style=\"padding-left: 30px;\"><span style=\"color: #800080;\"><strong>Faune \/ flore<\/strong> <\/span>: Eponges, corail, virgulaires, sarde.<\/p>\n<p style=\"padding-left: 30px;\"><strong><span style=\"color: #800080;\">Rencontres<\/span> <\/strong>: Langoustes, barracudas.<\/p>\n<p style=\"padding-left: 30px;\"><span style=\"color: #800080;\"><strong>Niveau minimum requis (FFESSM)<\/strong> <\/span>: Niv.II.<\/p>\n<p style=\"padding-left: 30px;\"><strong><span style=\"color: #800080;\">Remarques utiles<\/span><\/strong> : Tr\u00e8s belle plong\u00e9e. Diversit\u00e9 du paysage.<\/p>\n<p><a href=\"#hautdepage\">Retour vers le haut<\/a><\/p>\n","protected":false},"excerpt":{"rendered":"<p>LA PERLE Zone d&rsquo;exploration : Surface \u00e0 60 m. Type de fond : Tombants coralliens, fonds rocheux. Faune \/ flore corallienne\u00a0: Eponges, corail, virgulaire, gorgones, petits poissons coralliens et petits carnassiers. Rencontres : M\u00e9rous, sardes, poissons p\u00e9lagiens, tortues, raies, langoustes, barracudas. Niveau minimum FFESSM requis : Niv.I (confirm\u00e9). Remarques utiles : C&rsquo;est l&rsquo;une des plus &hellip; <\/p>\n<p><a class=\"more-link btn\" href=\"https:\/\/www.cscp-plongee.com\/?page_id=659\">Lire la suite<\/a><\/p>\n","protected":false},"author":2,"featured_media":0,"parent":640,"menu_order":0,"comment_status":"closed","ping_status":"closed","template":"","meta":{"footnotes":""},"class_list":["post-659","page","type-page","status-publish","hentry","nodate","item-wrap"],"_links":{"self":[{"href":"https:\/\/www.cscp-plongee.com\/index.php?rest_route=\/wp\/v2\/pages\/659","targetHints":{"allow":["GET"]}}],"collection":[{"href":"https:\/\/www.cscp-plongee.com\/index.php?rest_route=\/wp\/v2\/pages"}],"about":[{"href":"https:\/\/www.cscp-plongee.com\/index.php?rest_route=\/wp\/v2\/types\/page"}],"author":[{"embeddable":true,"href":"https:\/\/www.cscp-plongee.com\/index.php?rest_route=\/wp\/v2\/users\/2"}],"replies":[{"embeddable":true,"href":"https:\/\/www.cscp-plongee.com\/index.php?rest_route=%2Fwp%2Fv2%2Fcomments&post=659"}],"version-history":[{"count":2,"href":"https:\/\/www.cscp-plongee.com\/index.php?rest_route=\/wp\/v2\/pages\/659\/revisions"}],"predecessor-version":[{"id":2063,"href":"https:\/\/www.cscp-plongee.com\/index.php?rest_route=\/wp\/v2\/pages\/659\/revisions\/2063"}],"up":[{"embeddable":true,"href":"https:\/\/www.cscp-plongee.com\/index.php?rest_route=\/wp\/v2\/pages\/640"}],"wp:attachment":[{"href":"https:\/\/www.cscp-plongee.com\/index.php?rest_route=%2Fwp%2Fv2%2Fmedia&parent=659"}],"curies":[{"name":"wp","href":"https:\/\/api.w.org\/{rel}","templated":true}]}}