{"id":640,"date":"2014-05-09T01:45:32","date_gmt":"2014-05-09T00:45:32","guid":{"rendered":"http:\/\/localhost\/CSCP\/?page_id=640"},"modified":"2014-12-15T02:23:41","modified_gmt":"2014-12-15T01:23:41","slug":"les-sites","status":"publish","type":"page","link":"https:\/\/www.cscp-plongee.com\/?page_id=640","title":{"rendered":"Les sites"},"content":{"rendered":"<p><a name=\"hautdepage\"><\/a><br \/>\n<span style=\"color: #003300;\"><strong><span style=\"font-family: 'book antiqua', palatino; font-size: 14pt;\">Nos sites de plong\u00e9e<br \/>\n<\/span><\/strong><strong><span style=\"font-family: 'book antiqua', palatino;\">C\u00f4te cara\u00efbe (du nord au sud)<\/span><\/strong><strong><span style=\"font-family: 'book antiqua', palatino; font-size: 14pt;\"><br \/>\n<\/span><\/strong><\/span><\/p>\n<p>&nbsp;<\/p>\n<p style=\"text-align: justify;\"><span style=\"font-family: 'book antiqua', palatino; font-size: 12pt;\">Cette rubrique d\u00e9j\u00e0 bien fournie est en cours de d\u00e9veloppement ; Si vous poss\u00e9dez des informations ou des photos sur les sites r\u00e9f\u00e9renc\u00e9s, ou si vous connaissez d\u2019autres sites sympas, merci de contacter le <a href=\"mailto:mcortole@free.fr\">WEBMASTER<\/a> !<\/span><\/p>\n<p>&nbsp;<\/p>\n<table class=\" aligncenter\" style=\"height: 68px; width: 190px;\" width=\"244\">\n<tbody>\n<tr>\n<td style=\"text-align: center;\"><span style=\"font-family: 'book antiqua', palatino; font-size: 12pt;\">Carte des Sites<\/span><\/td>\n<td><a href=\"http:\/\/www.cscp-plongee.com\/wp-content\/uploads\/2014\/09\/matinik3.gif\" target=\"_blank\" data-rel=\"lightbox-image-0\" data-rl_title=\"\" data-rl_caption=\"\" title=\"\"><img decoding=\"async\" class=\"aligncenter wp-image-1715 size-full\" src=\"http:\/\/maquettecasepilote.files.wordpress.com\/2014\/09\/carte.jpg\" alt=\"carte\" width=\"74\" height=\"57\" \/><\/a><\/td>\n<\/tr>\n<\/tbody>\n<\/table>\n<p>&nbsp;<\/p>\n<table border=\"1\" width=\"61%\" align=\"center\">\n<tbody>\n<tr>\n<td width=\"34%\">\n<div align=\"center\"><em><strong><span style=\"color: #003300; font-family: 'book antiqua', palatino; font-size: 14pt;\">Commune<\/span><\/strong><\/em><\/div>\n<\/td>\n<td width=\"66%\">\n<div align=\"center\"><em><strong><span style=\"font-family: 'book antiqua', palatino; font-size: 14pt; color: #003300;\">Site<\/span><\/strong><\/em><\/div>\n<\/td>\n<\/tr>\n<tr>\n<td width=\"34%\">\n<div align=\"center\"><a title=\"Le Pr\u00eacheur\" href=\"http:\/\/www.cscp-plongee.com\/?page_id=659\" target=\"_blank\"><span style=\"color: #990000; font-family: 'book antiqua', palatino; font-size: 12pt;\">Le pr\u00eacheur<\/span><\/a><\/div>\n<\/td>\n<td width=\"66%\">\n<div align=\"center\"><span style=\"font-family: 'book antiqua', palatino; font-size: 12pt;\">La Perle<\/span><\/div>\n<\/td>\n<\/tr>\n<tr>\n<td width=\"34%\">\n<div align=\"center\"><span style=\"color: #990000; font-family: 'book antiqua', palatino; font-size: 12pt;\">\u00ab\u00a0<\/span><\/div>\n<\/td>\n<td width=\"66%\">\n<div align=\"center\"><span style=\"font-size: 12pt; font-family: 'book antiqua', palatino;\">Le Sous-Marin<\/span><\/div>\n<\/td>\n<\/tr>\n<tr>\n<td width=\"34%\">\n<div align=\"center\"><span style=\"color: #990000; font-family: 'book antiqua', palatino; font-size: 12pt;\">\u00ab\u00a0<\/span><\/div>\n<\/td>\n<td width=\"66%\">\n<div align=\"center\"><span style=\"font-size: 12pt; font-family: 'book antiqua', palatino;\">La Citadelle<\/span><\/div>\n<\/td>\n<\/tr>\n<tr>\n<td width=\"34%\">\n<div align=\"center\"><span style=\"color: #990000; font-family: 'book antiqua', palatino; font-size: 12pt;\">\u00ab\u00a0<\/span><\/div>\n<\/td>\n<td width=\"66%\">\n<div align=\"center\"><span style=\"font-size: 12pt; font-family: 'book antiqua', palatino;\">Pointe Lamarre<\/span><\/div>\n<\/td>\n<\/tr>\n<tr>\n<td width=\"34%\">\n<div align=\"center\"><span style=\"color: #990000; font-family: 'book antiqua', palatino; font-size: 12pt;\">\u00ab\u00a0<\/span><\/div>\n<\/td>\n<td width=\"66%\">\n<div align=\"center\"><span style=\"font-size: 12pt; font-family: 'book antiqua', palatino;\">Babody<\/span><\/div>\n<\/td>\n<\/tr>\n<tr>\n<td width=\"34%\">\n<div align=\"center\"><span style=\"color: #990000; font-family: 'book antiqua', palatino; font-size: 12pt;\">\u00ab\u00a0<\/span><\/div>\n<\/td>\n<td width=\"66%\">\n<div align=\"center\"><span style=\"font-size: 12pt; font-family: 'book antiqua', palatino;\">Rivi\u00e8re Claire<\/span><\/div>\n<\/td>\n<\/tr>\n<tr>\n<td width=\"34%\">\n<div align=\"center\"><span style=\"color: #990000; font-family: 'book antiqua', palatino; font-size: 12pt;\">\u00ab\u00a0<\/span><\/div>\n<\/td>\n<td width=\"66%\">\n<div align=\"center\"><span style=\"font-size: 12pt; font-family: 'book antiqua', palatino;\">Trou Bleu<\/span><\/div>\n<\/td>\n<\/tr>\n<tr>\n<td width=\"34%\" height=\"27\">\n<div align=\"center\"><a title=\"Saint-Pierre\" href=\"http:\/\/www.cscp-plongee.com\/?page_id=680\" target=\"_blank\"><span style=\"color: #990000; font-family: 'book antiqua', palatino; font-size: 12pt;\">Saint-Pierre<\/span><\/a><\/div>\n<\/td>\n<td width=\"66%\" height=\"27\">\n<div align=\"center\"><span style=\"font-size: 12pt; font-family: 'book antiqua', palatino;\"><a href=\"http:\/\/www.cscp-plongee.com\/?page_id=1757 \" target=\"_blank\">Epaves de la baie de Saint-Pierre<\/a><\/span><\/div>\n<\/td>\n<\/tr>\n<tr>\n<td width=\"34%\">\n<div align=\"center\"><a title=\"Bellefontaine\" href=\"http:\/\/www.cscp-plongee.com\/?page_id=685\" target=\"_blank\"><span style=\"color: #990000; font-family: 'book antiqua', palatino; font-size: 12pt;\">Bellefontaine<\/span><\/a><\/div>\n<\/td>\n<td width=\"66%\">\n<div align=\"center\"><span style=\"font-family: 'book antiqua', palatino; font-size: 12pt;\">Fond Boucher<\/span><\/div>\n<\/td>\n<\/tr>\n<tr>\n<td width=\"34%\">\n<div align=\"center\"><a title=\"Case-Pilote\" href=\"http:\/\/www.cscp-plongee.com\/?page_id=716\" target=\"_blank\"><span style=\"color: #990000; font-family: 'book antiqua', palatino; font-size: 12pt;\">Case-Pilote<\/span><\/a><\/div>\n<\/td>\n<td width=\"66%\">\n<div align=\"center\"><span style=\"font-size: 12pt; font-family: 'book antiqua', palatino;\">Cap Enrag\u00e9<\/span><\/div>\n<\/td>\n<\/tr>\n<tr>\n<td width=\"34%\">\n<div align=\"center\"><span style=\"color: #990000; font-family: 'book antiqua', palatino; font-size: 12pt;\">\u00ab\u00a0<\/span><\/div>\n<\/td>\n<td width=\"66%\">\n<div align=\"center\"><span style=\"font-size: 12pt; font-family: 'book antiqua', palatino;\">Epaves de Case Pilote<\/span><\/div>\n<\/td>\n<\/tr>\n<tr>\n<td width=\"34%\">\n<div align=\"center\"><span style=\"color: #990000; font-family: 'book antiqua', palatino; font-size: 12pt;\">\u00ab\u00a0<\/span><\/div>\n<\/td>\n<td width=\"66%\">\n<div align=\"center\"><span style=\"font-size: 12pt; font-family: 'book antiqua', palatino;\">Pointe Batterie<\/span><\/div>\n<\/td>\n<\/tr>\n<tr>\n<td width=\"34%\">\n<div align=\"center\"><span style=\"color: #990000; font-family: 'book antiqua', palatino; font-size: 12pt;\">\u00ab\u00a0<\/span><\/div>\n<\/td>\n<td width=\"66%\">\n<div align=\"center\"><span style=\"font-size: 12pt; font-family: 'book antiqua', palatino;\">Caye de Case Pilote<\/span><\/div>\n<\/td>\n<\/tr>\n<tr>\n<td width=\"34%\">\n<div align=\"center\"><span style=\"color: #990000; font-family: 'book antiqua', palatino; font-size: 12pt;\">\u00ab\u00a0<\/span><\/div>\n<\/td>\n<td width=\"66%\">\n<div align=\"center\"><span style=\"font-size: 12pt; font-family: 'book antiqua', palatino;\">Trou Rouge<\/span><\/div>\n<\/td>\n<\/tr>\n<tr>\n<td width=\"34%\">\n<div align=\"center\"><span style=\"color: #990000; font-family: 'book antiqua', palatino; font-size: 12pt;\">\u00ab\u00a0<\/span><\/div>\n<\/td>\n<td width=\"66%\">\n<div align=\"center\"><span style=\"font-size: 12pt; font-family: 'book antiqua', palatino;\">Pointe de V\u00e9tiver<\/span><\/div>\n<\/td>\n<\/tr>\n<tr>\n<td width=\"34%\">\n<div align=\"center\"><span style=\"color: #990000; font-family: 'book antiqua', palatino; font-size: 12pt;\">\u00ab\u00a0<\/span><\/div>\n<\/td>\n<td width=\"66%\">\n<div align=\"center\"><span style=\"font-size: 12pt; font-family: 'book antiqua', palatino;\">Cayes de Vetiver<\/span><\/div>\n<\/td>\n<\/tr>\n<tr>\n<td width=\"34%\">\n<div align=\"center\"><span style=\"color: #990000; font-family: 'book antiqua', palatino; font-size: 12pt;\">\u00ab\u00a0<\/span><\/div>\n<\/td>\n<td width=\"66%\">\n<div align=\"center\"><span style=\"font-size: 12pt; font-family: 'book antiqua', palatino;\">Fond Bellemarre<\/span><\/div>\n<\/td>\n<\/tr>\n<tr>\n<td width=\"34%\">\n<div align=\"center\"><a title=\"Schoelcher\" href=\"http:\/\/www.cscp-plongee.com\/?page_id=694\" target=\"_blank\"><span style=\"color: #990000; font-family: 'book antiqua', palatino; font-size: 12pt;\">Schoelcher<\/span><\/a><\/div>\n<\/td>\n<td width=\"66%\">\n<div align=\"center\"><span style=\"font-size: 12pt; font-family: 'book antiqua', palatino;\">Le Lady V<\/span><\/div>\n<\/td>\n<\/tr>\n<tr>\n<td width=\"34%\">\n<div align=\"center\"><a title=\"Fort-de-France\" href=\"http:\/\/www.cscp-plongee.com\/?page_id=697\" target=\"_blank\"><span style=\"color: #990000; font-family: 'book antiqua', palatino; font-size: 12pt;\">Fort de France<\/span><\/a><\/div>\n<\/td>\n<td width=\"66%\">\n<div align=\"center\"><span style=\"font-size: 12pt; font-family: 'book antiqua', palatino;\">Pointe des N\u00e8gres<\/span><\/div>\n<\/td>\n<\/tr>\n<tr>\n<td width=\"34%\">\n<div align=\"center\"><span style=\"color: #990000; font-family: 'book antiqua', palatino; font-size: 12pt;\">\u00ab\u00a0<\/span><\/div>\n<\/td>\n<td width=\"66%\">\n<div align=\"center\"><span style=\"font-size: 12pt; font-family: 'book antiqua', palatino;\">L&rsquo;hydravion<\/span><\/div>\n<\/td>\n<\/tr>\n<tr>\n<td width=\"34%\">\n<div align=\"center\"><a title=\"Anses d\u2019Arlets\" href=\"http:\/\/www.cscp-plongee.com\/?page_id=710\" target=\"_blank\"><span style=\"color: #990000; font-family: 'book antiqua', palatino; font-size: 12pt;\">Anses d&rsquo;Arlets<\/span><\/a><\/div>\n<\/td>\n<td width=\"66%\">\n<div align=\"center\"><span style=\"font-size: 12pt; font-family: 'book antiqua', palatino;\">Anse Dufour \/ Anse Noire<\/span><\/div>\n<\/td>\n<\/tr>\n<tr>\n<td width=\"34%\">\n<div align=\"center\"><span style=\"color: #990000; font-family: 'book antiqua', palatino; font-size: 12pt;\">\u00ab\u00a0<\/span><\/div>\n<\/td>\n<td width=\"66%\">\n<div align=\"center\"><span style=\"font-size: 12pt; font-family: 'book antiqua', palatino;\">Le Nahoon<\/span><\/div>\n<\/td>\n<\/tr>\n<tr>\n<td width=\"34%\" height=\"2\">\n<div align=\"center\"><span style=\"color: #990000; font-family: 'book antiqua', palatino; font-size: 12pt;\">\u00ab\u00a0<\/span><\/div>\n<\/td>\n<td width=\"66%\" height=\"2\">\n<div align=\"center\"><span style=\"font-size: 12pt; font-family: 'book antiqua', palatino;\">Cap Salomon<\/span><\/div>\n<\/td>\n<\/tr>\n<tr>\n<td width=\"34%\" height=\"2\">\n<div align=\"center\"><span style=\"color: #990000; font-family: 'book antiqua', palatino; font-size: 12pt;\">\u00ab\u00a0<\/span><\/div>\n<\/td>\n<td width=\"66%\" height=\"2\">\n<div align=\"center\"><span style=\"font-size: 12pt; font-family: 'book antiqua', palatino;\">Pointe L\u00e9zarde<\/span><\/div>\n<\/td>\n<\/tr>\n<tr>\n<td width=\"34%\" height=\"2\">\n<div align=\"center\"><span style=\"color: #990000; font-family: 'book antiqua', palatino; font-size: 12pt;\">\u00ab\u00a0<\/span><\/div>\n<\/td>\n<td width=\"66%\" height=\"2\">\n<div align=\"center\"><span style=\"font-size: 12pt; font-family: 'book antiqua', palatino;\">Pointe Burgos<\/span><\/div>\n<\/td>\n<\/tr>\n<tr>\n<td width=\"34%\" height=\"2\">\n<div align=\"center\"><span style=\"color: #990000; font-family: 'book antiqua', palatino; font-size: 12pt;\">\u00ab\u00a0<\/span><\/div>\n<\/td>\n<td width=\"66%\" height=\"2\">\n<div align=\"center\"><span style=\"font-size: 12pt; font-family: 'book antiqua', palatino;\">Les Petites Jorasses<\/span><\/div>\n<\/td>\n<\/tr>\n<tr>\n<td width=\"34%\" height=\"2\">\n<div align=\"center\"><span style=\"color: #990000; font-family: 'book antiqua', palatino; font-size: 12pt;\">\u00ab\u00a0<\/span><\/div>\n<\/td>\n<td width=\"66%\" height=\"2\">\n<div align=\"center\"><span style=\"font-size: 12pt; font-family: 'book antiqua', palatino;\">Les Grandes Jorasses<\/span><\/div>\n<\/td>\n<\/tr>\n<tr>\n<td width=\"34%\" height=\"2\">\n<div align=\"center\"><a title=\"Le Diamant\" href=\"http:\/\/www.cscp-plongee.com\/?page_id=700\" target=\"_blank\"><span style=\"color: #990000; font-family: 'book antiqua', palatino; font-size: 12pt;\">Le Diamant<\/span><\/a><\/div>\n<\/td>\n<td width=\"66%\" height=\"2\">\n<div align=\"center\"><span style=\"font-size: 12pt; font-family: 'book antiqua', palatino;\">Le rocher du Diamant<\/span><\/div>\n<\/td>\n<\/tr>\n<tr>\n<td width=\"34%\" height=\"2\">\n<div align=\"center\"><span style=\"color: #990000; font-family: 'book antiqua', palatino; font-size: 12pt;\">\u00ab\u00a0<\/span><\/div>\n<\/td>\n<td width=\"66%\" height=\"2\">\n<div align=\"center\"><span style=\"font-size: 12pt; font-family: 'book antiqua', palatino;\">L&rsquo;arche du Diamant<\/span><\/div>\n<\/td>\n<\/tr>\n<\/tbody>\n<\/table>\n<p><a href=\"#hautdepage\">Retour vers le haut<\/a><\/p>\n","protected":false},"excerpt":{"rendered":"<p>Nos sites de plong\u00e9e C\u00f4te cara\u00efbe (du nord au sud) &nbsp; Cette rubrique d\u00e9j\u00e0 bien fournie est en cours de d\u00e9veloppement ; Si vous poss\u00e9dez des informations ou des photos sur les sites r\u00e9f\u00e9renc\u00e9s, ou si vous connaissez d\u2019autres sites sympas, merci de contacter le WEBMASTER ! &nbsp; Carte des Sites &nbsp; Commune Site Le &hellip; <\/p>\n<p><a class=\"more-link btn\" href=\"https:\/\/www.cscp-plongee.com\/?page_id=640\">Lire la suite<\/a><\/p>\n","protected":false},"author":2,"featured_media":0,"parent":0,"menu_order":4,"comment_status":"closed","ping_status":"closed","template":"","meta":{"footnotes":""},"class_list":["post-640","page","type-page","status-publish","hentry","nodate","item-wrap"],"_links":{"self":[{"href":"https:\/\/www.cscp-plongee.com\/index.php?rest_route=\/wp\/v2\/pages\/640","targetHints":{"allow":["GET"]}}],"collection":[{"href":"https:\/\/www.cscp-plongee.com\/index.php?rest_route=\/wp\/v2\/pages"}],"about":[{"href":"https:\/\/www.cscp-plongee.com\/index.php?rest_route=\/wp\/v2\/types\/page"}],"author":[{"embeddable":true,"href":"https:\/\/www.cscp-plongee.com\/index.php?rest_route=\/wp\/v2\/users\/2"}],"replies":[{"embeddable":true,"href":"https:\/\/www.cscp-plongee.com\/index.php?rest_route=%2Fwp%2Fv2%2Fcomments&post=640"}],"version-history":[{"count":2,"href":"https:\/\/www.cscp-plongee.com\/index.php?rest_route=\/wp\/v2\/pages\/640\/revisions"}],"predecessor-version":[{"id":2010,"href":"https:\/\/www.cscp-plongee.com\/index.php?rest_route=\/wp\/v2\/pages\/640\/revisions\/2010"}],"wp:attachment":[{"href":"https:\/\/www.cscp-plongee.com\/index.php?rest_route=%2Fwp%2Fv2%2Fmedia&parent=640"}],"curies":[{"name":"wp","href":"https:\/\/api.w.org\/{rel}","templated":true}]}}