{"id":567,"date":"2014-05-07T21:24:34","date_gmt":"2014-05-07T20:24:34","guid":{"rendered":"http:\/\/localhost\/CSCP\/?page_id=567"},"modified":"2024-04-02T12:32:19","modified_gmt":"2024-04-02T11:32:19","slug":"le-cscp","status":"publish","type":"page","link":"https:\/\/www.cscp-plongee.com\/?page_id=567","title":{"rendered":"Le CSCP"},"content":{"rendered":"\t\t<div data-elementor-type=\"wp-page\" data-elementor-id=\"567\" class=\"elementor elementor-567\">\n\t\t\t\t\t\t<section class=\"elementor-section elementor-top-section elementor-element elementor-element-57fbb94a elementor-section-boxed elementor-section-height-default elementor-section-height-default\" data-id=\"57fbb94a\" data-element_type=\"section\" data-e-type=\"section\">\n\t\t\t\t\t\t<div class=\"elementor-container elementor-column-gap-default\">\n\t\t\t\t\t<div class=\"elementor-column elementor-col-100 elementor-top-column elementor-element elementor-element-5e78a637\" data-id=\"5e78a637\" data-element_type=\"column\" data-e-type=\"column\">\n\t\t\t<div class=\"elementor-widget-wrap elementor-element-populated\">\n\t\t\t\t\t\t<div class=\"elementor-element elementor-element-9a99362 elementor-widget elementor-widget-text-editor\" data-id=\"9a99362\" data-element_type=\"widget\" data-e-type=\"widget\" data-widget_type=\"text-editor.default\">\n\t\t\t\t<div class=\"elementor-widget-container\">\n\t\t\t\t\t\t\t\t\t<p style=\"text-align: center;\"><span style=\"font-weight: bold; font-family: helvetica; font-size: 13.3333px; text-align: center;\"><em>Bienvenue au CSCP,\u00a0club associatif fond\u00e9 en 1985 et affili\u00e9 \u00e0 la FFESSM.<\/em><\/span><\/p>\t\t\t\t\t\t\t\t<\/div>\n\t\t\t\t<\/div>\n\t\t\t\t<div class=\"elementor-element elementor-element-74ad6c2 elementor-widget-divider--view-line elementor-widget elementor-widget-divider\" data-id=\"74ad6c2\" data-element_type=\"widget\" data-e-type=\"widget\" data-widget_type=\"divider.default\">\n\t\t\t\t<div class=\"elementor-widget-container\">\n\t\t\t\t\t\t\t<div class=\"elementor-divider\">\n\t\t\t<span class=\"elementor-divider-separator\">\n\t\t\t\t\t\t<\/span>\n\t\t<\/div>\n\t\t\t\t\t\t<\/div>\n\t\t\t\t<\/div>\n\t\t\t\t<section class=\"elementor-section elementor-inner-section elementor-element elementor-element-bc3e70d elementor-section-boxed elementor-section-height-default elementor-section-height-default\" data-id=\"bc3e70d\" data-element_type=\"section\" data-e-type=\"section\">\n\t\t\t\t\t\t<div class=\"elementor-container elementor-column-gap-default\">\n\t\t\t\t\t<div class=\"elementor-column elementor-col-66 elementor-inner-column elementor-element elementor-element-4c33d22\" data-id=\"4c33d22\" data-element_type=\"column\" data-e-type=\"column\">\n\t\t\t<div class=\"elementor-widget-wrap elementor-element-populated\">\n\t\t\t\t\t\t<div class=\"elementor-element elementor-element-44d86c5 elementor-widget elementor-widget-image\" data-id=\"44d86c5\" data-element_type=\"widget\" data-e-type=\"widget\" data-widget_type=\"image.default\">\n\t\t\t\t<div class=\"elementor-widget-container\">\n\t\t\t\t\t\t\t\t\t\t\t\t\t\t\t<img fetchpriority=\"high\" decoding=\"async\" width=\"750\" height=\"563\" src=\"https:\/\/www.cscp-plongee.com\/wp-content\/uploads\/2023\/03\/case_pilote_vue.jpg\" class=\"attachment-large size-large wp-image-3393\" alt=\"case-pilote_port\" srcset=\"https:\/\/www.cscp-plongee.com\/wp-content\/uploads\/2023\/03\/case_pilote_vue.jpg 800w, https:\/\/www.cscp-plongee.com\/wp-content\/uploads\/2023\/03\/case_pilote_vue-300x225.jpg 300w, https:\/\/www.cscp-plongee.com\/wp-content\/uploads\/2023\/03\/case_pilote_vue-768x576.jpg 768w, https:\/\/www.cscp-plongee.com\/wp-content\/uploads\/2023\/03\/case_pilote_vue-750x563.jpg 750w\" sizes=\"(max-width: 750px) 100vw, 750px\" \/>\t\t\t\t\t\t\t\t\t\t\t\t\t\t\t<\/div>\n\t\t\t\t<\/div>\n\t\t\t\t\t<\/div>\n\t\t<\/div>\n\t\t\t\t<div class=\"elementor-column elementor-col-33 elementor-inner-column elementor-element elementor-element-016ad0f\" data-id=\"016ad0f\" data-element_type=\"column\" data-e-type=\"column\">\n\t\t\t<div class=\"elementor-widget-wrap elementor-element-populated\">\n\t\t\t\t\t\t<div class=\"elementor-element elementor-element-ab51c9e elementor-widget elementor-widget-text-editor\" data-id=\"ab51c9e\" data-element_type=\"widget\" data-e-type=\"widget\" data-widget_type=\"text-editor.default\">\n\t\t\t\t<div class=\"elementor-widget-container\">\n\t\t\t\t\t\t\t\t\t<p style=\"text-align: left; padding-left: 40px;\"><span style=\"font-family: 'book antiqua', palatino; text-align: center;\">Situ\u00e9 \u00e0 case Pilote, le club rayonne sur la c\u00f4te ouest de la Martinique depuis bient\u00f4t 40 ans.<\/span><\/p>\t\t\t\t\t\t\t\t<\/div>\n\t\t\t\t<\/div>\n\t\t\t\t\t<\/div>\n\t\t<\/div>\n\t\t\t\t\t<\/div>\n\t\t<\/section>\n\t\t\t\t<div class=\"elementor-element elementor-element-5845f97 elementor-widget-divider--view-line elementor-widget elementor-widget-divider\" data-id=\"5845f97\" data-element_type=\"widget\" data-e-type=\"widget\" data-widget_type=\"divider.default\">\n\t\t\t\t<div class=\"elementor-widget-container\">\n\t\t\t\t\t\t\t<div class=\"elementor-divider\">\n\t\t\t<span class=\"elementor-divider-separator\">\n\t\t\t\t\t\t<\/span>\n\t\t<\/div>\n\t\t\t\t\t\t<\/div>\n\t\t\t\t<\/div>\n\t\t\t\t\t<\/div>\n\t\t<\/div>\n\t\t\t\t\t<\/div>\n\t\t<\/section>\n\t\t\t\t<\/div>\n\t\t","protected":false},"excerpt":{"rendered":"<p>Bienvenue au CSCP,\u00a0club associatif fond\u00e9 en 1985 et affili\u00e9 \u00e0 la FFESSM. Situ\u00e9 \u00e0 case Pilote, le club rayonne sur la c\u00f4te ouest de la Martinique depuis bient\u00f4t 40 ans.<\/p>\n","protected":false},"author":2,"featured_media":0,"parent":0,"menu_order":2,"comment_status":"closed","ping_status":"closed","template":"","meta":{"footnotes":""},"class_list":["post-567","page","type-page","status-publish","hentry","nodate","item-wrap"],"_links":{"self":[{"href":"https:\/\/www.cscp-plongee.com\/index.php?rest_route=\/wp\/v2\/pages\/567","targetHints":{"allow":["GET"]}}],"collection":[{"href":"https:\/\/www.cscp-plongee.com\/index.php?rest_route=\/wp\/v2\/pages"}],"about":[{"href":"https:\/\/www.cscp-plongee.com\/index.php?rest_route=\/wp\/v2\/types\/page"}],"author":[{"embeddable":true,"href":"https:\/\/www.cscp-plongee.com\/index.php?rest_route=\/wp\/v2\/users\/2"}],"replies":[{"embeddable":true,"href":"https:\/\/www.cscp-plongee.com\/index.php?rest_route=%2Fwp%2Fv2%2Fcomments&post=567"}],"version-history":[{"count":9,"href":"https:\/\/www.cscp-plongee.com\/index.php?rest_route=\/wp\/v2\/pages\/567\/revisions"}],"predecessor-version":[{"id":3562,"href":"https:\/\/www.cscp-plongee.com\/index.php?rest_route=\/wp\/v2\/pages\/567\/revisions\/3562"}],"wp:attachment":[{"href":"https:\/\/www.cscp-plongee.com\/index.php?rest_route=%2Fwp%2Fv2%2Fmedia&parent=567"}],"curies":[{"name":"wp","href":"https:\/\/api.w.org\/{rel}","templated":true}]}}