{"id":456,"date":"2014-04-30T03:25:19","date_gmt":"2014-04-30T02:25:19","guid":{"rendered":"http:\/\/localhost\/CSCP\/?page_id=456"},"modified":"2016-06-18T23:51:30","modified_gmt":"2016-06-18T22:51:30","slug":"biologie","status":"publish","type":"page","link":"https:\/\/www.cscp-plongee.com\/?page_id=456","title":{"rendered":"Biologie"},"content":{"rendered":"<p><span style=\"color: #003300; background-color: #ffffff; font-family: 'book antiqua', palatino; font-size: 12pt;\">Journal de la BIO du CSCP<\/span><\/p>\n<p>&nbsp;<\/p>\n<p style=\"text-align: center;\"><span style=\"color: #800080; font-family: 'book antiqua', palatino; font-size: 12pt;\">Quand on aime la BIO&#8230;&#8230;&#8230;<\/span><\/p>\n<hr \/>\n<p><span style=\"font-family: 'book antiqua', palatino; font-size: 12pt;\">Le monde du silence vous fascine ? Vous avez envie de mieux le conna\u00eetre, de le prot\u00e9ger ?<\/span><\/p>\n<p style=\"text-align: justify;\"><span style=\"font-family: 'book antiqua', palatino; font-size: 12pt;\">Quand, on aime la bio, on aime son prochain. On apprend \u00e0 le connaitre, \u00e0 se rendre compte que l&rsquo;on n&rsquo;est pas seul, que nous sommes des millions, des milliards. Nous sommes un tout, issu de presque rien et pourtant si fragile.<\/span><br \/>\n<span style=\"font-family: 'book antiqua', palatino; font-size: 12pt;\"> Quand on aime la bio, on prend le temps de contempler la plus belle chose au monde : la vie.<\/span><\/p>\n<p><span style=\"font-family: 'book antiqua', palatino; font-size: 12pt;\">Alain Charpentier et Mathias Moussard vous invitent tous les 2 mois \u00e0 lire le petit journal de la bio du CSCP .<\/span><\/p>\n<p><span style=\"font-family: 'book antiqua', palatino; font-size: 12pt;\">Pour y acc\u00e9der cliquez sur chacun des liens ci-dessous<\/span><\/p>\n<p>&nbsp;<\/p>\n<p><a href=\"http:\/\/www.cscp-plongee.com\/wp-content\/uploads\/2013\/11\/journal-bio-cscp-n1-mai-2011.pdf\" target=\"_blank\"><img decoding=\"async\" class=\"alignnone wp-image-1871\" src=\"http:\/\/www.cscp-plongee.com\/wp-content\/uploads\/2014\/09\/journal_clr-tr.gif?w=296\" alt=\"journal_clr-tr\" width=\"54\" height=\"55\" \/><\/a><a href=\"http:\/\/www.cscp-plongee.com\/wp-content\/uploads\/2013\/11\/journal-bio-cscp-n2-juin-2011.pdf\" target=\"_blank\">\u00a0<\/a><a href=\"http:\/\/www.cscp-plongee.com\/wp-content\/uploads\/2013\/11\/journal-bio-cscp-n2-juin-2011.pdf\" target=\"_blank\"><img decoding=\"async\" class=\"alignnone wp-image-1872\" src=\"http:\/\/www.cscp-plongee.com\/wp-content\/uploads\/2014\/09\/journal1-tr.gif?w=114\" alt=\"journal1-tr\" width=\"52\" height=\"46\" \/><\/a> <a href=\"http:\/\/www.cscp-plongee.com\/wp-content\/uploads\/2013\/11\/journal-de-la-bio-n3.pdf\" target=\"_blank\"><img decoding=\"async\" class=\"alignnone wp-image-1873\" src=\"http:\/\/www.cscp-plongee.com\/wp-content\/uploads\/2014\/09\/logo_journal-tr.gif?w=136\" alt=\"logo_journal-tr\" width=\"52\" height=\"57\" \/><\/a><a href=\"http:\/\/www.cscp-plongee.com\/wp-content\/uploads\/2014\/09\/journal-cscp-n4-12-2011.pdf\"><img loading=\"lazy\" decoding=\"async\" class=\"alignnone wp-image-1871\" src=\"http:\/\/www.cscp-plongee.com\/wp-content\/uploads\/2014\/09\/journal_clr-tr.gif?w=296\" alt=\"journal_clr-tr\" width=\"52\" height=\"53\" \/><\/a><a href=\"http:\/\/www.cscp-plongee.com\/wp-content\/uploads\/2014\/09\/journal-bio-cscp-5-fev2012.pdf\" target=\"_blank\"><img decoding=\"async\" class=\"alignnone wp-image-1872\" src=\"http:\/\/www.cscp-plongee.com\/wp-content\/uploads\/2014\/09\/journal1-tr.gif?w=114\" alt=\"journal1-tr\" width=\"52\" height=\"46\" \/><\/a><a href=\"http:\/\/www.cscp-plongee.com\/wp-content\/uploads\/2014\/09\/journal-n6-cscp-bio-mars-2012.pdf\" target=\"_blank\"><img decoding=\"async\" class=\"alignnone wp-image-1873\" src=\"http:\/\/www.cscp-plongee.com\/wp-content\/uploads\/2014\/09\/logo_journal-tr.gif?w=136\" alt=\"logo_journal-tr\" width=\"52\" height=\"57\" \/><\/a><a href=\"http:\/\/www.cscp-plongee.com\/wp-content\/uploads\/2014\/09\/journal-cscp-nc2b07-juin-2012.pdf\" target=\"_blank\"><img loading=\"lazy\" decoding=\"async\" class=\"alignnone wp-image-1871\" src=\"http:\/\/www.cscp-plongee.com\/wp-content\/uploads\/2014\/09\/journal_clr-tr.gif?w=296\" alt=\"journal_clr-tr\" width=\"52\" height=\"53\" \/><\/a><a href=\"http:\/\/www.cscp-plongee.com\/wp-content\/uploads\/2014\/09\/journal-bio-8.pdf\"><img decoding=\"async\" class=\"alignnone wp-image-1872\" src=\"http:\/\/www.cscp-plongee.com\/wp-content\/uploads\/2014\/09\/journal1-tr.gif?w=114\" alt=\"journal1-tr\" width=\"52\" height=\"46\" \/><\/a><a href=\"http:\/\/www.cscp-plongee.com\/wp-content\/uploads\/2014\/09\/journal-bio-cscp-9b.pdf\" target=\"_blank\"><img decoding=\"async\" class=\"alignnone wp-image-1873\" src=\"http:\/\/www.cscp-plongee.com\/wp-content\/uploads\/2014\/09\/logo_journal-tr.gif?w=136\" alt=\"logo_journal-tr\" width=\"52\" height=\"57\" \/><\/a><\/p>\n<p><span style=\"font-family: 'book antiqua', palatino; font-size: 12pt;\">Bonne lecture&#8230;.<\/span><\/p>\n<p>&nbsp;<\/p>\n<p><span style=\"font-family: 'book antiqua', palatino; font-size: 12pt;\">En savoir plus sur les esp\u00e8ces subaquatiques, rendez-vous chez <a href=\"http:\/\/www.doris.ffessm.fr\" target=\"_blank\">Doris<\/a>\u00a0ou <a href=\"http:\/\/fran.cornu.free.fr\/index.php\" target=\"_blank\">Sous la mer<\/a><\/span><\/p>\n<p><span style=\"font-family: 'book antiqua', palatino; font-size: 12pt;\">Vous souhaitez participer \u00e0 l&rsquo;observation des c\u00e9tac\u00e9s, contactez l&rsquo;<a href=\"http:\/\/localhost\/CSCP\/wp-content\/uploads\/2014\/04\/OCETAM-1.pdf\" target=\"_blank\">OCETAM<\/a><\/span><\/p>\n<p><span style=\"font-family: 'book antiqua', palatino; font-size: 12pt;\">\u00a0<\/span><\/p>\n","protected":false},"excerpt":{"rendered":"<p>Journal de la BIO du CSCP &nbsp; Quand on aime la BIO&#8230;&#8230;&#8230; Le monde du silence vous fascine ? Vous avez envie de mieux le conna\u00eetre, de le prot\u00e9ger ? Quand, on aime la bio, on aime son prochain. On apprend \u00e0 le connaitre, \u00e0 se rendre compte que l&rsquo;on n&rsquo;est pas seul, que nous &hellip; <\/p>\n<p><a class=\"more-link btn\" href=\"https:\/\/www.cscp-plongee.com\/?page_id=456\">Lire la suite<\/a><\/p>\n","protected":false},"author":2,"featured_media":0,"parent":598,"menu_order":7,"comment_status":"closed","ping_status":"closed","template":"","meta":{"footnotes":""},"class_list":["post-456","page","type-page","status-publish","hentry","nodate","item-wrap"],"_links":{"self":[{"href":"https:\/\/www.cscp-plongee.com\/index.php?rest_route=\/wp\/v2\/pages\/456","targetHints":{"allow":["GET"]}}],"collection":[{"href":"https:\/\/www.cscp-plongee.com\/index.php?rest_route=\/wp\/v2\/pages"}],"about":[{"href":"https:\/\/www.cscp-plongee.com\/index.php?rest_route=\/wp\/v2\/types\/page"}],"author":[{"embeddable":true,"href":"https:\/\/www.cscp-plongee.com\/index.php?rest_route=\/wp\/v2\/users\/2"}],"replies":[{"embeddable":true,"href":"https:\/\/www.cscp-plongee.com\/index.php?rest_route=%2Fwp%2Fv2%2Fcomments&post=456"}],"version-history":[{"count":12,"href":"https:\/\/www.cscp-plongee.com\/index.php?rest_route=\/wp\/v2\/pages\/456\/revisions"}],"predecessor-version":[{"id":2341,"href":"https:\/\/www.cscp-plongee.com\/index.php?rest_route=\/wp\/v2\/pages\/456\/revisions\/2341"}],"up":[{"embeddable":true,"href":"https:\/\/www.cscp-plongee.com\/index.php?rest_route=\/wp\/v2\/pages\/598"}],"wp:attachment":[{"href":"https:\/\/www.cscp-plongee.com\/index.php?rest_route=%2Fwp%2Fv2%2Fmedia&parent=456"}],"curies":[{"name":"wp","href":"https:\/\/api.w.org\/{rel}","templated":true}]}}