{"id":404,"date":"2014-04-29T02:35:43","date_gmt":"2014-04-29T01:35:43","guid":{"rendered":"http:\/\/localhost\/CSCP\/?page_id=404"},"modified":"2025-08-20T12:16:55","modified_gmt":"2025-08-20T11:16:55","slug":"plongee-enfant","status":"publish","type":"page","link":"https:\/\/www.cscp-plongee.com\/?page_id=404","title":{"rendered":"Plong\u00e9e enfant"},"content":{"rendered":"<p><span style=\"font-family: 'comic sans ms', sans-serif; font-size: 12pt;\"><em><strong><span style=\"color: #003300;\">Conditions de pratique :<\/span><\/strong><\/em><\/span><\/p>\n<p>Le C.S.C.P accueille les enfants \u00e0 partir de 8 ans.<\/p>\n<p>Le bapt\u00eame de plong\u00e9e se fait sur petits fonds.<\/p>\n<p>L&rsquo;autorisation parentale est obligatoire.<\/p>\n<p>Si l&rsquo;enfant d\u00e9sire poursuivre la plong\u00e9e :<\/p>\n<ul>\n<li style=\"text-align: justify;\">Entre 8 et 12 ans, il doit passer une visite m\u00e9dicale initiale chez un O.R.L. qui le soumettra \u00e0 un audiogramme et \u00e0 un tympanogramme. Ces deux examens sont obligatoires. Il doit \u00e9galement passer une visite m\u00e9dicale g\u00e9n\u00e9rale effectu\u00e9e par un sp\u00e9cialiste de m\u00e9decine hyperbare ou un m\u00e9decin agr\u00e9\u00e9 par la F\u00e9d\u00e9ration Fran\u00e7aise d&rsquo;Etudes et de Sports Sous-Marins (FFESSM). Cette seconde visite m\u00e9dicale doit \u00eatre renouvel\u00e9e tout les ans.<\/li>\n<li style=\"text-align: justify;\"><span style=\"text-align: justify;\">A partir de 12 ans, l&rsquo;enfant doit passer une visite m\u00e9dicale effectu\u00e9e par un sp\u00e9cialiste de m\u00e9decine hyperbare ou un m\u00e9decin agr\u00e9\u00e9 par la FFESSM. La visite ORL n&rsquo;est pas obligatoire, mais fortement conseill\u00e9e.<\/span><\/li>\n<li><span style=\"text-align: justify;\">Dans tous les cas, l&rsquo;autorisation parentale est obligatoire.<\/span><\/li>\n<\/ul>\n<p style=\"text-align: justify;\"><span style=\"font-family: 'comic sans ms', sans-serif; font-size: 12pt;\"><em><strong><span style=\"color: #003300;\">L&rsquo;activit\u00e9 des enfants :<\/span><\/strong><\/em><\/span><\/p>\n<ul>\n<li style=\"text-align: justify;\">Les plong\u00e9es sont adapt\u00e9es \u00e0 l&rsquo;\u00e2ge et \u00e0 la capacit\u00e9 des enfants (faible profondeur et dur\u00e9e limit\u00e9e). Elles sont ax\u00e9es sur la d\u00e9couverte de l&rsquo;environnement, de la faune et de la flore.<\/li>\n<li style=\"text-align: justify;\">Une formation minimale pour permettre la pratique en toute s\u00e9curit\u00e9 est dispens\u00e9e.<\/li>\n<li style=\"text-align: justify;\">Le mat\u00e9riel utilis\u00e9 est adapt\u00e9 \u00e0 la morphologie des enfants: petites bouteilles, gilets et d\u00e9tendeurs adapt\u00e9s.<\/li>\n<li style=\"text-align: justify;\">L&rsquo;enfant plonge seul avec son moniteur, jusqu&rsquo;\u00e0 ce qu&rsquo;il montre des capacit\u00e9s \u00e0 \u00e9voluer en palanqu\u00e9e.<\/li>\n<li style=\"text-align: justify;\">De 8 \u00e0 12 ans, l&rsquo;enfant peut passer des brevets f\u00e9d\u00e9raux et des qualifications sp\u00e9cifiques: Plongeur de Bronze, d&rsquo;Argent et d&rsquo;Or et qualifications Gilet, Bateau 1 &amp; 2, Palanqu\u00e9e.<\/li>\n<li style=\"text-align: justify;\">A 12 ans, l&rsquo;enfant atteint l&rsquo;\u00e2ge requis pour obtenir le niveau I de plongeur et accord parental.<\/li>\n<\/ul>\n<p style=\"text-align: center;\">\n","protected":false},"excerpt":{"rendered":"<p>Conditions de pratique : Le C.S.C.P accueille les enfants \u00e0 partir de 8 ans. Le bapt\u00eame de plong\u00e9e se fait sur petits fonds. L&rsquo;autorisation parentale est obligatoire. Si l&rsquo;enfant d\u00e9sire poursuivre la plong\u00e9e : Entre 8 et 12 ans, il doit passer une visite m\u00e9dicale initiale chez un O.R.L. qui le soumettra \u00e0 un audiogramme &hellip; <\/p>\n<p><a class=\"more-link btn\" href=\"https:\/\/www.cscp-plongee.com\/?page_id=404\">Lire la suite<\/a><\/p>\n","protected":false},"author":2,"featured_media":0,"parent":598,"menu_order":4,"comment_status":"closed","ping_status":"closed","template":"","meta":{"footnotes":""},"class_list":["post-404","page","type-page","status-publish","hentry","nodate","item-wrap"],"_links":{"self":[{"href":"https:\/\/www.cscp-plongee.com\/index.php?rest_route=\/wp\/v2\/pages\/404","targetHints":{"allow":["GET"]}}],"collection":[{"href":"https:\/\/www.cscp-plongee.com\/index.php?rest_route=\/wp\/v2\/pages"}],"about":[{"href":"https:\/\/www.cscp-plongee.com\/index.php?rest_route=\/wp\/v2\/types\/page"}],"author":[{"embeddable":true,"href":"https:\/\/www.cscp-plongee.com\/index.php?rest_route=\/wp\/v2\/users\/2"}],"replies":[{"embeddable":true,"href":"https:\/\/www.cscp-plongee.com\/index.php?rest_route=%2Fwp%2Fv2%2Fcomments&post=404"}],"version-history":[{"count":1,"href":"https:\/\/www.cscp-plongee.com\/index.php?rest_route=\/wp\/v2\/pages\/404\/revisions"}],"predecessor-version":[{"id":3579,"href":"https:\/\/www.cscp-plongee.com\/index.php?rest_route=\/wp\/v2\/pages\/404\/revisions\/3579"}],"up":[{"embeddable":true,"href":"https:\/\/www.cscp-plongee.com\/index.php?rest_route=\/wp\/v2\/pages\/598"}],"wp:attachment":[{"href":"https:\/\/www.cscp-plongee.com\/index.php?rest_route=%2Fwp%2Fv2%2Fmedia&parent=404"}],"curies":[{"name":"wp","href":"https:\/\/api.w.org\/{rel}","templated":true}]}}