{"id":399,"date":"2014-04-29T02:23:30","date_gmt":"2014-04-29T01:23:30","guid":{"rendered":"http:\/\/localhost\/CSCP\/?page_id=399"},"modified":"2018-11-03T15:06:28","modified_gmt":"2018-11-03T14:06:28","slug":"les-brevets","status":"publish","type":"page","link":"https:\/\/www.cscp-plongee.com\/?page_id=399","title":{"rendered":"Les Brevets"},"content":{"rendered":"<p><img decoding=\"async\" class=\"aligncenter wp-image-1867\" src=\"http:\/\/www.cscp-plongee.com\/wp-content\/uploads\/2014\/09\/ffessm_mtq.gif\" alt=\"ffessm_mtq\" width=\"149\" height=\"121\" \/><br \/>\n<span style=\"font-family: 'book antiqua', palatino; font-size: 12pt;\">Les diff\u00e9rents niveaux de plongeurs que l&rsquo;on peut pr\u00e9parer au CSCP sont les brevets d\u00e9livr\u00e9s par la FFESSM<\/span><\/p>\n<p><span style=\"font-family: 'book antiqua', palatino; font-size: 12pt;\">\u00a0<\/span><\/p>\n<p style=\"text-align: center;\"><em><strong>Formations techniques<\/strong><\/em><br \/>\n<a title=\"FFESSM - MFT\" href=\"https:\/\/ffessm.fr\/pages_manuel.asp\" target=\"_blank\" rel=\"noopener\">Manuel de formation technique<\/a><\/p>\n<p><span style=\"color: #ff0000;\">NB: Dans le cadre de la plong\u00e9e sportive, la profondeur maximale admise est de 60 m\u00e8tres&#8230;<\/span><\/p>\n<p style=\"text-align: center;\">Les dates de stages et d&rsquo;examens sont consultables sur le site de la <strong><a href=\"https:\/\/www.ctrmartinique.com\/\" target=\"_blank\" rel=\"noopener\">CTR <\/a><\/strong>ou au C.S.C.P<\/p>\n<p>&nbsp;<\/p>\n","protected":false},"excerpt":{"rendered":"<p>Les diff\u00e9rents niveaux de plongeurs que l&rsquo;on peut pr\u00e9parer au CSCP sont les brevets d\u00e9livr\u00e9s par la FFESSM \u00a0 Formations techniques Manuel de formation technique NB: Dans le cadre de la plong\u00e9e sportive, la profondeur maximale admise est de 60 m\u00e8tres&#8230; Les dates de stages et d&rsquo;examens sont consultables sur le site de la CTR &hellip; <\/p>\n<p><a class=\"more-link btn\" href=\"https:\/\/www.cscp-plongee.com\/?page_id=399\">Lire la suite<\/a><\/p>\n","protected":false},"author":2,"featured_media":0,"parent":598,"menu_order":3,"comment_status":"closed","ping_status":"closed","template":"","meta":{"footnotes":""},"class_list":["post-399","page","type-page","status-publish","hentry","nodate","item-wrap"],"_links":{"self":[{"href":"https:\/\/www.cscp-plongee.com\/index.php?rest_route=\/wp\/v2\/pages\/399","targetHints":{"allow":["GET"]}}],"collection":[{"href":"https:\/\/www.cscp-plongee.com\/index.php?rest_route=\/wp\/v2\/pages"}],"about":[{"href":"https:\/\/www.cscp-plongee.com\/index.php?rest_route=\/wp\/v2\/types\/page"}],"author":[{"embeddable":true,"href":"https:\/\/www.cscp-plongee.com\/index.php?rest_route=\/wp\/v2\/users\/2"}],"replies":[{"embeddable":true,"href":"https:\/\/www.cscp-plongee.com\/index.php?rest_route=%2Fwp%2Fv2%2Fcomments&post=399"}],"version-history":[{"count":3,"href":"https:\/\/www.cscp-plongee.com\/index.php?rest_route=\/wp\/v2\/pages\/399\/revisions"}],"predecessor-version":[{"id":2730,"href":"https:\/\/www.cscp-plongee.com\/index.php?rest_route=\/wp\/v2\/pages\/399\/revisions\/2730"}],"up":[{"embeddable":true,"href":"https:\/\/www.cscp-plongee.com\/index.php?rest_route=\/wp\/v2\/pages\/598"}],"wp:attachment":[{"href":"https:\/\/www.cscp-plongee.com\/index.php?rest_route=%2Fwp%2Fv2%2Fmedia&parent=399"}],"curies":[{"name":"wp","href":"https:\/\/api.w.org\/{rel}","templated":true}]}}