{"id":389,"date":"2014-04-29T01:15:26","date_gmt":"2014-04-29T00:15:26","guid":{"rendered":"http:\/\/localhost\/CSCP\/?page_id=389"},"modified":"2025-08-20T12:05:57","modified_gmt":"2025-08-20T11:05:57","slug":"baptemes","status":"publish","type":"page","link":"https:\/\/www.cscp-plongee.com\/?page_id=389","title":{"rendered":"Les Bapt\u00e8mes"},"content":{"rendered":"<p><em><strong><span style=\"color: #003300;\">Le bapt\u00eame de plong\u00e9e que vous effectuerez au CSCP se d\u00e9roulera sur un fond de 3 \u00e0 6 m\u00e8tres. Sa dur\u00e9e est de 20 \u00e0 30 minutes.<\/span><\/strong><\/em><\/p>\n<p style=\"text-align: justify;\">Lors de ce bapt\u00eame, vous serez enti\u00e8rement assist\u00e9 par un moniteur qui vous aidera \u00e0 trouver votre \u00e9quilibre (le plongeur \u00e9volue dans les trois dimensions) et \u00e0 prendre connaissance des rudiments de la plong\u00e9e (savoir \u00e9quilibrer les<a href=\"https:\/\/maquettecasepilote.files.wordpress.com\/2014\/04\/bapteme-galeria-27092003-nathalie.jpg\" data-rel=\"lightbox-image-0\" data-rl_title=\"\" data-rl_caption=\"\" title=\"\"><img decoding=\"async\" class=\"alignright wp-image-1741\" src=\"http:\/\/maquettecasepilote.files.wordpress.com\/2014\/04\/bapteme-galeria-27092003-nathalie.jpg?w=788\" alt=\"Bapteme-Galeria- 27092003-Nathalie\" width=\"156\" height=\"117\" \/><\/a> oreilles , palmer, etc&#8230;). Il vous fera \u00e9galement d\u00e9couvrir quelques curiosit\u00e9s sous-marines qui ne manqueront pas de vous \u00e9tonner ! Enfin, il aura \u00e0 coeur de vous communiquer sa passion&#8230;<\/p>\n<p style=\"text-align: justify;\">La plupart des bapt\u00eames se font \u00e0 Cap enrag\u00e9, Trou Rouge ou Fond Boucher. Vous pourrez y d\u00e9couvrir la flore et la faune des petits fonds coraliens.<\/p>\n<p>Pour le bapt\u00eame de plong\u00e9e, il n&rsquo;est pas exig\u00e9 de certificat m\u00e9dical. Les enfants mineurs doivent pr\u00e9senter une autorisation du responsable l\u00e9gal. Tout le mat\u00e9riel est fourni par le club.<\/p>\n<p>Le prix du bapt\u00eame est de 40,00 \u20ac.<\/p>\n<p>Pour plus de renseignement contactez nous , ou \u00e9crivez-nous <img alt=\"\" \/><img decoding=\"async\" class=\"alignnone wp-image-1864\" src=\"http:\/\/www.cscp-plongee.com\/wp-content\/uploads\/2014\/09\/animmel.gif\" alt=\"animmel\" width=\"59\" height=\"52\" \/><\/p>\n","protected":false},"excerpt":{"rendered":"<p>Le bapt\u00eame de plong\u00e9e que vous effectuerez au CSCP se d\u00e9roulera sur un fond de 3 \u00e0 6 m\u00e8tres. Sa dur\u00e9e est de 20 \u00e0 30 minutes. Lors de ce bapt\u00eame, vous serez enti\u00e8rement assist\u00e9 par un moniteur qui vous aidera \u00e0 trouver votre \u00e9quilibre (le plongeur \u00e9volue dans les trois dimensions) et \u00e0 prendre &hellip; <\/p>\n<p><a class=\"more-link btn\" href=\"https:\/\/www.cscp-plongee.com\/?page_id=389\">Lire la suite<\/a><\/p>\n","protected":false},"author":2,"featured_media":0,"parent":598,"menu_order":2,"comment_status":"closed","ping_status":"closed","template":"","meta":{"footnotes":""},"class_list":["post-389","page","type-page","status-publish","hentry","nodate","item-wrap"],"_links":{"self":[{"href":"https:\/\/www.cscp-plongee.com\/index.php?rest_route=\/wp\/v2\/pages\/389","targetHints":{"allow":["GET"]}}],"collection":[{"href":"https:\/\/www.cscp-plongee.com\/index.php?rest_route=\/wp\/v2\/pages"}],"about":[{"href":"https:\/\/www.cscp-plongee.com\/index.php?rest_route=\/wp\/v2\/types\/page"}],"author":[{"embeddable":true,"href":"https:\/\/www.cscp-plongee.com\/index.php?rest_route=\/wp\/v2\/users\/2"}],"replies":[{"embeddable":true,"href":"https:\/\/www.cscp-plongee.com\/index.php?rest_route=%2Fwp%2Fv2%2Fcomments&post=389"}],"version-history":[{"count":1,"href":"https:\/\/www.cscp-plongee.com\/index.php?rest_route=\/wp\/v2\/pages\/389\/revisions"}],"predecessor-version":[{"id":3577,"href":"https:\/\/www.cscp-plongee.com\/index.php?rest_route=\/wp\/v2\/pages\/389\/revisions\/3577"}],"up":[{"embeddable":true,"href":"https:\/\/www.cscp-plongee.com\/index.php?rest_route=\/wp\/v2\/pages\/598"}],"wp:attachment":[{"href":"https:\/\/www.cscp-plongee.com\/index.php?rest_route=%2Fwp%2Fv2%2Fmedia&parent=389"}],"curies":[{"name":"wp","href":"https:\/\/api.w.org\/{rel}","templated":true}]}}