{"id":3710,"date":"2025-09-21T18:12:21","date_gmt":"2025-09-21T17:12:21","guid":{"rendered":"https:\/\/www.cscp-plongee.com\/?page_id=3710"},"modified":"2025-09-21T18:35:54","modified_gmt":"2025-09-21T17:35:54","slug":"bienvenue-test","status":"publish","type":"page","link":"https:\/\/www.cscp-plongee.com\/?page_id=3710","title":{"rendered":"Bienvenue nouvel adh\u00e9rent"},"content":{"rendered":"\n<p><\/p>\n\n\n\n<div class=\"wp-block-media-text is-stacked-on-mobile\" style=\"grid-template-columns:43% auto\"><figure class=\"wp-block-media-text__media\"><img fetchpriority=\"high\" decoding=\"async\" width=\"768\" height=\"1024\" src=\"https:\/\/www.cscp-plongee.com\/wp-content\/uploads\/2024\/02\/notre-club-768x1024.jpeg\" alt=\"\" class=\"wp-image-3535 size-full\" srcset=\"https:\/\/www.cscp-plongee.com\/wp-content\/uploads\/2024\/02\/notre-club-768x1024.jpeg 768w, https:\/\/www.cscp-plongee.com\/wp-content\/uploads\/2024\/02\/notre-club-225x300.jpeg 225w, https:\/\/www.cscp-plongee.com\/wp-content\/uploads\/2024\/02\/notre-club-1152x1536.jpeg 1152w, https:\/\/www.cscp-plongee.com\/wp-content\/uploads\/2024\/02\/notre-club-750x1000.jpeg 750w, https:\/\/www.cscp-plongee.com\/wp-content\/uploads\/2024\/02\/notre-club.jpeg 1200w\" sizes=\"(max-width: 768px) 100vw, 768px\" \/><\/figure><div class=\"wp-block-media-text__content\">\n<h2 class=\"wp-block-heading\"><strong>Bonjour<\/strong><\/h2>\n\n\n\n<p><\/p>\n\n\n\n<p>Le Club Subaquatique de Case-Pilote est un club associatif affili\u00e9 \u00e0 la FFESSM.<\/p>\n\n\n\n<p>Certaines offres de plong\u00e9es peuvent n\u00e9cessiter la pr\u00e9sentation :<br>&#8211; d\u2019un CACI (Certificat m\u00e9dical d&rsquo;Absence de Contre-Indication \u00e0 la plong\u00e9e) de moins d\u20191 an, <br><br>&#8211; d\u2019une licence en cours et de cotiser au club.<\/p>\n\n\n\n<p>Bonne journ\u00e9e<br>Le CSCP Plong\u00e9e<\/p>\n\n\n\n<p><\/p>\n<\/div><\/div>\n\n\n<div class=\"wp-block-image\">\n<figure class=\"aligncenter size-full is-resized\"><a href=\"https:\/\/public.zuurit.com\/cscp-plongee\/booking\"><img decoding=\"async\" width=\"352\" height=\"64\" src=\"https:\/\/www.cscp-plongee.com\/wp-content\/uploads\/2025\/09\/button_confirmer-votre-demande.png\" alt=\"\" class=\"wp-image-3729\" style=\"width:362px;height:auto\" srcset=\"https:\/\/www.cscp-plongee.com\/wp-content\/uploads\/2025\/09\/button_confirmer-votre-demande.png 352w, https:\/\/www.cscp-plongee.com\/wp-content\/uploads\/2025\/09\/button_confirmer-votre-demande-300x55.png 300w\" sizes=\"(max-width: 352px) 100vw, 352px\" \/><\/a><\/figure>\n<\/div>\n\n\n<p><\/p>\n","protected":false},"excerpt":{"rendered":"<p>Bonjour Le Club Subaquatique de Case-Pilote est un club associatif affili\u00e9 \u00e0 la FFESSM. Certaines offres de plong\u00e9es peuvent n\u00e9cessiter la pr\u00e9sentation :&#8211; d\u2019un CACI (Certificat m\u00e9dical d&rsquo;Absence de Contre-Indication \u00e0 la plong\u00e9e) de moins d\u20191 an, &#8211; d\u2019une licence en cours et de cotiser au club. Bonne journ\u00e9eLe CSCP Plong\u00e9e<\/p>\n","protected":false},"author":1,"featured_media":0,"parent":0,"menu_order":0,"comment_status":"closed","ping_status":"closed","template":"","meta":{"footnotes":""},"class_list":["post-3710","page","type-page","status-publish","hentry","nodate","item-wrap"],"_links":{"self":[{"href":"https:\/\/www.cscp-plongee.com\/index.php?rest_route=\/wp\/v2\/pages\/3710","targetHints":{"allow":["GET"]}}],"collection":[{"href":"https:\/\/www.cscp-plongee.com\/index.php?rest_route=\/wp\/v2\/pages"}],"about":[{"href":"https:\/\/www.cscp-plongee.com\/index.php?rest_route=\/wp\/v2\/types\/page"}],"author":[{"embeddable":true,"href":"https:\/\/www.cscp-plongee.com\/index.php?rest_route=\/wp\/v2\/users\/1"}],"replies":[{"embeddable":true,"href":"https:\/\/www.cscp-plongee.com\/index.php?rest_route=%2Fwp%2Fv2%2Fcomments&post=3710"}],"version-history":[{"count":12,"href":"https:\/\/www.cscp-plongee.com\/index.php?rest_route=\/wp\/v2\/pages\/3710\/revisions"}],"predecessor-version":[{"id":3730,"href":"https:\/\/www.cscp-plongee.com\/index.php?rest_route=\/wp\/v2\/pages\/3710\/revisions\/3730"}],"wp:attachment":[{"href":"https:\/\/www.cscp-plongee.com\/index.php?rest_route=%2Fwp%2Fv2%2Fmedia&parent=3710"}],"curies":[{"name":"wp","href":"https:\/\/api.w.org\/{rel}","templated":true}]}}