{"id":3195,"date":"2021-10-21T03:58:51","date_gmt":"2021-10-21T02:58:51","guid":{"rendered":"http:\/\/www.cscp-plongee.com\/?page_id=3195"},"modified":"2025-11-08T13:15:16","modified_gmt":"2025-11-08T12:15:16","slug":"tarifs","status":"publish","type":"page","link":"https:\/\/www.cscp-plongee.com\/?page_id=3195","title":{"rendered":"Tarifs"},"content":{"rendered":"<p style=\"text-align: center;\"><span style=\"font-family: 'comic sans ms', sans-serif; background-color: #c0c0c0;\">TARIFS au 1er Septembre 2025<\/span><\/p>\n<p style=\"text-align: center;\"><span style=\"font-family: 'comic sans ms', sans-serif; font-size: 8pt;\"><strong>R\u00e9serv\u00e9s uniquement \u00e0 nos adh\u00e9rents \u00e0 jour de leur cotisation, en dehors du bapt\u00eame<br \/><\/strong><\/span><span style=\"font-size: 7pt;\">(C.S.C.P. n\u00b00102015 FFESSM &#8211; F\u00e9d\u00e9ration Fran\u00e7aise d&rsquo;Etudes et de Sports Sous-Marins)<\/span><\/p>\n<p style=\"text-align: center;\"><span style=\"color: #000080; font-size: 12pt;\"><em><strong><span style=\"font-family: 'book antiqua', palatino;\">Nous acceptons les ch\u00e8ques vacances<br \/><\/span><\/strong><\/em><\/span><span style=\"font-family: 'book antiqua', palatino; font-size: 8pt;\">(<a href=\"http:\/\/localhost\/CSCP\/wp-content\/uploads\/2014\/05\/logo_ancv5b15d1.png\" data-rel=\"lightbox-image-0\" data-rl_title=\"\" data-rl_caption=\"\" title=\"\">un mode de paiement diff\u00e8rent pour vous faciliter l&rsquo;acc\u00e8s \u00e0 nos prestations)<\/a><\/span><\/p>\n<p style=\"text-align: center;\"><a href=\"https:\/\/www.cscp-plongee.com\/wp-content\/uploads\/2025\/11\/ANCV-connect.png\" data-rel=\"lightbox-image-1\" data-rl_title=\"\" data-rl_caption=\"\" title=\"\"><img decoding=\"async\" class=\"alignnone size-medium wp-image-3740\" src=\"https:\/\/www.cscp-plongee.com\/wp-content\/uploads\/2025\/11\/ANCV-connect-300x90.png\" alt=\"\" width=\"300\" height=\"90\" srcset=\"https:\/\/www.cscp-plongee.com\/wp-content\/uploads\/2025\/11\/ANCV-connect-300x90.png 300w, https:\/\/www.cscp-plongee.com\/wp-content\/uploads\/2025\/11\/ANCV-connect.png 405w\" sizes=\"(max-width: 300px) 100vw, 300px\" \/><\/a><\/p>\n<div style=\"text-align: center;\" align=\"center\"><a href=\"https:\/\/www.cscp-plongee.com\/wp-content\/uploads\/2025\/11\/CSCP-tarifs-septembre-2025-V4.pdf\" class=\"pdfemb-viewer\" style=\"\" data-width=\"max\" data-height=\"max\" data-toolbar=\"bottom\" data-toolbar-fixed=\"off\">CSCP-tarifs septembre 2025<\/a><\/div>\n<div align=\"center\">\u00a0<\/div>\n<div align=\"center\">\u00a0<\/div>\n<div style=\"text-align: center;\" align=\"center\">\u00a0<\/div>\n\n\n<p><\/p>\n","protected":false},"excerpt":{"rendered":"<p>TARIFS au 1er Septembre 2025 R\u00e9serv\u00e9s uniquement \u00e0 nos adh\u00e9rents \u00e0 jour de leur cotisation, en dehors du bapt\u00eame(C.S.C.P. n\u00b00102015 FFESSM &#8211; F\u00e9d\u00e9ration Fran\u00e7aise d&rsquo;Etudes et de Sports Sous-Marins) Nous acceptons les ch\u00e8ques vacances(un mode de paiement diff\u00e8rent pour vous faciliter l&rsquo;acc\u00e8s \u00e0 nos prestations) \u00a0 \u00a0 \u00a0<\/p>\n","protected":false},"author":2,"featured_media":0,"parent":567,"menu_order":9,"comment_status":"closed","ping_status":"closed","template":"","meta":{"footnotes":""},"class_list":["post-3195","page","type-page","status-publish","hentry","nodate","item-wrap"],"_links":{"self":[{"href":"https:\/\/www.cscp-plongee.com\/index.php?rest_route=\/wp\/v2\/pages\/3195","targetHints":{"allow":["GET"]}}],"collection":[{"href":"https:\/\/www.cscp-plongee.com\/index.php?rest_route=\/wp\/v2\/pages"}],"about":[{"href":"https:\/\/www.cscp-plongee.com\/index.php?rest_route=\/wp\/v2\/types\/page"}],"author":[{"embeddable":true,"href":"https:\/\/www.cscp-plongee.com\/index.php?rest_route=\/wp\/v2\/users\/2"}],"replies":[{"embeddable":true,"href":"https:\/\/www.cscp-plongee.com\/index.php?rest_route=%2Fwp%2Fv2%2Fcomments&post=3195"}],"version-history":[{"count":19,"href":"https:\/\/www.cscp-plongee.com\/index.php?rest_route=\/wp\/v2\/pages\/3195\/revisions"}],"predecessor-version":[{"id":3744,"href":"https:\/\/www.cscp-plongee.com\/index.php?rest_route=\/wp\/v2\/pages\/3195\/revisions\/3744"}],"up":[{"embeddable":true,"href":"https:\/\/www.cscp-plongee.com\/index.php?rest_route=\/wp\/v2\/pages\/567"}],"wp:attachment":[{"href":"https:\/\/www.cscp-plongee.com\/index.php?rest_route=%2Fwp%2Fv2%2Fmedia&parent=3195"}],"curies":[{"name":"wp","href":"https:\/\/api.w.org\/{rel}","templated":true}]}}