{"id":263,"date":"2014-03-22T23:20:00","date_gmt":"2014-03-22T22:20:00","guid":{"rendered":"http:\/\/localhost\/CSCP\/?page_id=150"},"modified":"2024-04-02T12:27:39","modified_gmt":"2024-04-02T11:27:39","slug":"contacts-2","status":"publish","type":"page","link":"https:\/\/www.cscp-plongee.com\/?page_id=263","title":{"rendered":"Contacts"},"content":{"rendered":"<h2>\u00a03 fa\u00e7ons de nous joindre<\/h2>\n<p><strong><a href=\"https:\/\/www.cscp-plongee.com\/wp-content\/uploads\/2024\/02\/notre-club.jpeg\" data-rel=\"lightbox-image-0\" data-rl_title=\"\" data-rl_caption=\"\" title=\"\"><img decoding=\"async\" class=\" wp-image-3535 alignleft\" src=\"https:\/\/www.cscp-plongee.com\/wp-content\/uploads\/2024\/02\/notre-club-225x300.jpeg\" alt=\"\" width=\"192\" height=\"256\" srcset=\"https:\/\/www.cscp-plongee.com\/wp-content\/uploads\/2024\/02\/notre-club-225x300.jpeg 225w, https:\/\/www.cscp-plongee.com\/wp-content\/uploads\/2024\/02\/notre-club-768x1024.jpeg 768w, https:\/\/www.cscp-plongee.com\/wp-content\/uploads\/2024\/02\/notre-club-1152x1536.jpeg 1152w, https:\/\/www.cscp-plongee.com\/wp-content\/uploads\/2024\/02\/notre-club-750x1000.jpeg 750w, https:\/\/www.cscp-plongee.com\/wp-content\/uploads\/2024\/02\/notre-club.jpeg 1200w\" sizes=\"(max-width: 192px) 100vw, 192px\" \/><\/a><\/strong><\/p>\n<p><strong>En venant nous voir sur place<\/strong><\/p>\n<p><span style=\"font-size: revert;\">Club subaquatique de case-pilote &#8211; Port de case-pilote &#8211; 97222<\/span><\/p>\n<p style=\"text-align: justify;\">\n<p style=\"text-align: justify;\">Case-Pilote est \u00e0 8 Kilom\u00e8tres de Fort de France en prenant la route du Nord, direction Saint-Pierre ( le long de la c\u00f4te Cara\u00efbe). En Arrivant au bourg de Case Pilote, tourner \u00e0 gauche pour aller vers le port de p\u00eache. Le club se trouve juste \u00e0 l\u2019entr\u00e9e du port, tout de suite \u00e0 gauche apr\u00e8s le petit pont (b\u00e2timent Volvo-Penta).<\/p>\n<p style=\"text-align: justify;\">Si vous \u00eates perdus, n\u2019h\u00e9sitez pas \u00e0 demander aux habitants ou aux p\u00eacheurs un peu d\u2019aide, ils nous connaissent bien !<\/p>\n<p><iframe style=\"font-size: 12px;\" src=\"https:\/\/maps.google.fr\/maps?f=q&amp;source=s_q&amp;hl=fr&amp;geocode=&amp;q=case%20pilote&amp;sll=43.54076,5.021819&amp;sspn=1.640546,2.8125&amp;ie=UTF8&amp;hnear=Case-Pilote,%20Saint-Pierre,%20Martinique&amp;ll=14.6431,-61.1375&amp;spn=0.008553,0.010986&amp;t=m&amp;z=14&amp;output=embed\" width=\"425\" height=\"350\" frameborder=\"0\" marginwidth=\"0\" marginheight=\"0\" scrolling=\"no\"><\/iframe><\/p>\n<div><small><a href=\"https:\/\/maps.google.fr\/maps?f=q&amp;source=s_q&amp;hl=fr&amp;geocode=&amp;q=case%20pilote&amp;sll=43.54076,5.021819&amp;sspn=1.640546,2.8125&amp;ie=UTF8&amp;hnear=Case-Pilote,%20Saint-Pierre,%20Martinique&amp;ll=14.6431,-61.1375&amp;spn=0.008553,0.010986&amp;t=m&amp;z=14&amp;source=embed\">View Larger Map<\/a><\/small><\/div>\n<p><strong>Par t\u00e9l\u00e9phone<\/strong><\/p>\n<p>T\u00e9l\u00e9phone du pr\u00e9sident: 06 96 81 15 86<\/p>\n<p><strong>Par mail<\/strong><\/p>\n\n<div class=\"wpcf7 no-js\" id=\"wpcf7-f2430-o1\" lang=\"fr-FR\" dir=\"ltr\" data-wpcf7-id=\"2430\">\n<div class=\"screen-reader-response\"><p role=\"status\" aria-live=\"polite\" aria-atomic=\"true\"><\/p> <ul><\/ul><\/div>\n<form action=\"\/index.php?rest_route=%2Fwp%2Fv2%2Fpages%2F263#wpcf7-f2430-o1\" method=\"post\" class=\"wpcf7-form init\" aria-label=\"Formulaire de contact\" novalidate=\"novalidate\" data-status=\"init\">\n<fieldset class=\"hidden-fields-container\"><input type=\"hidden\" name=\"_wpcf7\" value=\"2430\" \/><input type=\"hidden\" name=\"_wpcf7_version\" value=\"6.1.5\" \/><input type=\"hidden\" name=\"_wpcf7_locale\" value=\"fr_FR\" \/><input type=\"hidden\" name=\"_wpcf7_unit_tag\" value=\"wpcf7-f2430-o1\" \/><input type=\"hidden\" name=\"_wpcf7_container_post\" value=\"0\" \/><input type=\"hidden\" name=\"_wpcf7_posted_data_hash\" value=\"\" \/><input type=\"hidden\" name=\"_wpcf7_recaptcha_response\" value=\"\" \/>\n<\/fieldset>\n<p><label> Votre nom (obligatoire)<br \/>\n<span class=\"wpcf7-form-control-wrap\" data-name=\"your-name\"><input size=\"40\" maxlength=\"400\" class=\"wpcf7-form-control wpcf7-text wpcf7-validates-as-required\" aria-required=\"true\" aria-invalid=\"false\" value=\"\" type=\"text\" name=\"your-name\" \/><\/span> <\/label>\n<\/p>\n<p><label> Votre e-mail (obligatoire)<br \/>\n<span class=\"wpcf7-form-control-wrap\" data-name=\"your-email\"><input size=\"40\" maxlength=\"400\" class=\"wpcf7-form-control wpcf7-email wpcf7-validates-as-required wpcf7-text wpcf7-validates-as-email\" aria-required=\"true\" aria-invalid=\"false\" value=\"\" type=\"email\" name=\"your-email\" \/><\/span> <\/label>\n<\/p>\n<p><label> Sujet (obligatoire)<br \/>\n<span class=\"wpcf7-form-control-wrap\" data-name=\"your-subject\"><input size=\"40\" maxlength=\"400\" class=\"wpcf7-form-control wpcf7-text\" aria-invalid=\"false\" value=\"\" type=\"text\" name=\"your-subject\" \/><\/span> <\/label>\n<\/p>\n<p><label> Votre message<br \/>\n<span class=\"wpcf7-form-control-wrap\" data-name=\"your-message\"><textarea cols=\"40\" rows=\"10\" maxlength=\"2000\" class=\"wpcf7-form-control wpcf7-textarea\" aria-invalid=\"false\" name=\"your-message\"><\/textarea><\/span> <\/label>\n<\/p>\n<p><input class=\"wpcf7-form-control wpcf7-submit has-spinner\" type=\"submit\" value=\"Envoyer\" \/>\n<\/p><p style=\"display: none !important;\" class=\"akismet-fields-container\" data-prefix=\"_wpcf7_ak_\"><label>&#916;<textarea name=\"_wpcf7_ak_hp_textarea\" cols=\"45\" rows=\"8\" maxlength=\"100\"><\/textarea><\/label><input type=\"hidden\" id=\"ak_js_1\" name=\"_wpcf7_ak_js\" value=\"202\"\/><script>document.getElementById( \"ak_js_1\" ).setAttribute( \"value\", ( new Date() ).getTime() );<\/script><\/p><div class=\"wpcf7-response-output\" aria-hidden=\"true\"><\/div>\n<\/form>\n<\/div>\n\n<p><a style=\"font-size: 12px;\" href=\"http:\/\/maquettecasepilote.wordpress.com\/wp-admin\/post.php?post=48&amp;action=edit\">Modifier<\/a><\/p>\n","protected":false},"excerpt":{"rendered":"<p>\u00a03 fa\u00e7ons de nous joindre En venant nous voir sur place Club subaquatique de case-pilote &#8211; Port de case-pilote &#8211; 97222 Case-Pilote est \u00e0 8 Kilom\u00e8tres de Fort de France en prenant la route du Nord, direction Saint-Pierre ( le long de la c\u00f4te Cara\u00efbe). En Arrivant au bourg de Case Pilote, tourner \u00e0 gauche &hellip; <\/p>\n<p><a class=\"more-link btn\" href=\"https:\/\/www.cscp-plongee.com\/?page_id=263\">Lire la suite<\/a><\/p>\n","protected":false},"author":2,"featured_media":0,"parent":0,"menu_order":6,"comment_status":"closed","ping_status":"closed","template":"","meta":{"footnotes":""},"class_list":["post-263","page","type-page","status-publish","hentry","nodate","item-wrap"],"_links":{"self":[{"href":"https:\/\/www.cscp-plongee.com\/index.php?rest_route=\/wp\/v2\/pages\/263","targetHints":{"allow":["GET"]}}],"collection":[{"href":"https:\/\/www.cscp-plongee.com\/index.php?rest_route=\/wp\/v2\/pages"}],"about":[{"href":"https:\/\/www.cscp-plongee.com\/index.php?rest_route=\/wp\/v2\/types\/page"}],"author":[{"embeddable":true,"href":"https:\/\/www.cscp-plongee.com\/index.php?rest_route=\/wp\/v2\/users\/2"}],"replies":[{"embeddable":true,"href":"https:\/\/www.cscp-plongee.com\/index.php?rest_route=%2Fwp%2Fv2%2Fcomments&post=263"}],"version-history":[{"count":12,"href":"https:\/\/www.cscp-plongee.com\/index.php?rest_route=\/wp\/v2\/pages\/263\/revisions"}],"predecessor-version":[{"id":3559,"href":"https:\/\/www.cscp-plongee.com\/index.php?rest_route=\/wp\/v2\/pages\/263\/revisions\/3559"}],"wp:attachment":[{"href":"https:\/\/www.cscp-plongee.com\/index.php?rest_route=%2Fwp%2Fv2%2Fmedia&parent=263"}],"curies":[{"name":"wp","href":"https:\/\/api.w.org\/{rel}","templated":true}]}}