{"id":261,"date":"2014-03-22T20:58:15","date_gmt":"2014-03-22T19:58:15","guid":{"rendered":"http:\/\/localhost\/CSCP\/?page_id=87"},"modified":"2021-05-09T22:17:06","modified_gmt":"2021-05-09T21:17:06","slug":"historique","status":"publish","type":"page","link":"https:\/\/www.cscp-plongee.com\/?page_id=261","title":{"rendered":"Historique"},"content":{"rendered":"<h2><strong><span style=\"color: #008080;\">L\u00e0, il va falloir lire un peu !..<\/span><\/strong><\/h2>\n<p style=\"text-align: justify;\">Le club \u00e0 \u00e9t\u00e9 cr\u00e9\u00e9 le 28 ao\u00fbt 1985, date de sa parution au journal officiel. Son affiliation \u00e0 la FFESSM \u00e0 \u00e9t\u00e9 faite sous le num\u00e9ro 0102015. Il est agr\u00e9\u00e9 par le minist\u00e8re de la jeunesse et des sports (N\u00b0 9728793).<\/p>\n\n\t\t<style type=\"text\/css\">\n\t\t\t#gallery-1 {\n\t\t\t\tmargin: auto;\n\t\t\t}\n\t\t\t#gallery-1 .gallery-item {\n\t\t\t\tfloat: left;\n\t\t\t\tmargin-top: 10px;\n\t\t\t\ttext-align: center;\n\t\t\t\twidth: 25%;\n\t\t\t}\n\t\t\t#gallery-1 img {\n\t\t\t\tborder: 2px solid #cfcfcf;\n\t\t\t}\n\t\t\t#gallery-1 .gallery-caption {\n\t\t\t\tmargin-left: 0;\n\t\t\t}\n\t\t\t\/* see gallery_shortcode() in wp-includes\/media.php *\/\n\t\t<\/style>\n\t\t<div id='gallery-1' class='gallery galleryid-261 gallery-columns-4 gallery-size-thumbnail'><dl class='gallery-item'>\n\t\t\t<dt class='gallery-icon landscape'>\n\t\t\t\t<a href='https:\/\/www.cscp-plongee.com\/wp-content\/uploads\/2013\/11\/souvenirs-souvenirs.jpg' title=\"\" data-rl_title=\"\" class=\"rl-gallery-link\" data-rl_caption=\"\" data-rel=\"lightbox-gallery-1\"><img decoding=\"async\" width=\"150\" height=\"150\" src=\"https:\/\/www.cscp-plongee.com\/wp-content\/uploads\/2013\/11\/souvenirs-souvenirs-150x150.jpg\" class=\"attachment-thumbnail size-thumbnail\" alt=\"\" \/><\/a>\n\t\t\t<\/dt><\/dl><dl class='gallery-item'>\n\t\t\t<dt class='gallery-icon landscape'>\n\t\t\t\t<a href='https:\/\/www.cscp-plongee.com\/wp-content\/uploads\/2013\/11\/souvenirs-les-pionniers.jpg' title=\"\" data-rl_title=\"\" class=\"rl-gallery-link\" data-rl_caption=\"\" data-rel=\"lightbox-gallery-1\"><img decoding=\"async\" width=\"150\" height=\"150\" src=\"https:\/\/www.cscp-plongee.com\/wp-content\/uploads\/2013\/11\/souvenirs-les-pionniers-150x150.jpg\" class=\"attachment-thumbnail size-thumbnail\" alt=\"\" \/><\/a>\n\t\t\t<\/dt><\/dl><dl class='gallery-item'>\n\t\t\t<dt class='gallery-icon landscape'>\n\t\t\t\t<a href='https:\/\/www.cscp-plongee.com\/wp-content\/uploads\/2013\/11\/souvenirs-en-avant-toute.jpg' title=\"\" data-rl_title=\"\" class=\"rl-gallery-link\" data-rl_caption=\"\" data-rel=\"lightbox-gallery-1\"><img decoding=\"async\" width=\"150\" height=\"150\" src=\"https:\/\/www.cscp-plongee.com\/wp-content\/uploads\/2013\/11\/souvenirs-en-avant-toute-150x150.jpg\" class=\"attachment-thumbnail size-thumbnail\" alt=\"\" \/><\/a>\n\t\t\t<\/dt><\/dl><dl class='gallery-item'>\n\t\t\t<dt class='gallery-icon landscape'>\n\t\t\t\t<a href='https:\/\/www.cscp-plongee.com\/wp-content\/uploads\/2013\/11\/souvenirs-el-magnifico.jpg' title=\"\" data-rl_title=\"\" class=\"rl-gallery-link\" data-rl_caption=\"\" data-rel=\"lightbox-gallery-1\"><img loading=\"lazy\" decoding=\"async\" width=\"150\" height=\"150\" src=\"https:\/\/www.cscp-plongee.com\/wp-content\/uploads\/2013\/11\/souvenirs-el-magnifico-150x150.jpg\" class=\"attachment-thumbnail size-thumbnail\" alt=\"\" \/><\/a>\n\t\t\t<\/dt><\/dl><br style=\"clear: both\" \/>\n\t\t<\/div>\n\n<p>Les membres fondateurs sont les\u00a0moniteurs Jacques LEGENDRE et Philippe MILLIOT. L\u2019implantation du club \u00e0 Case-Pilote a \u00e9t\u00e9 d\u00e9cid\u00e9e par la municipalit\u00e9 et les p\u00eacheurs de Case-Pilote. Le club fut d\u2019abord situ\u00e9 sur le port, puis \u00e0 d\u00fb d\u00e9m\u00e9nager lorsque l\u2019entreprise \u00ab\u00a0Poisson Pilote Industrie\u00a0\u00bb s\u2019est implant\u00e9e sur le lieu de l\u2019ancien hangar des p\u00eacheurs.<\/p>\n\n\t\t<style type=\"text\/css\">\n\t\t\t#gallery-2 {\n\t\t\t\tmargin: auto;\n\t\t\t}\n\t\t\t#gallery-2 .gallery-item {\n\t\t\t\tfloat: left;\n\t\t\t\tmargin-top: 10px;\n\t\t\t\ttext-align: center;\n\t\t\t\twidth: 25%;\n\t\t\t}\n\t\t\t#gallery-2 img {\n\t\t\t\tborder: 2px solid #cfcfcf;\n\t\t\t}\n\t\t\t#gallery-2 .gallery-caption {\n\t\t\t\tmargin-left: 0;\n\t\t\t}\n\t\t\t\/* see gallery_shortcode() in wp-includes\/media.php *\/\n\t\t<\/style>\n\t\t<div id='gallery-2' class='gallery galleryid-261 gallery-columns-4 gallery-size-thumbnail'><dl class='gallery-item'>\n\t\t\t<dt class='gallery-icon portrait'>\n\t\t\t\t<a href='https:\/\/www.cscp-plongee.com\/wp-content\/uploads\/2013\/11\/souvenir-decollete.jpg' title=\"\" data-rl_title=\"\" class=\"rl-gallery-link\" data-rl_caption=\"\" data-rel=\"lightbox-gallery-2\"><img loading=\"lazy\" decoding=\"async\" width=\"150\" height=\"150\" src=\"https:\/\/www.cscp-plongee.com\/wp-content\/uploads\/2013\/11\/souvenir-decollete-150x150.jpg\" class=\"attachment-thumbnail size-thumbnail\" alt=\"\" \/><\/a>\n\t\t\t<\/dt><\/dl><dl class='gallery-item'>\n\t\t\t<dt class='gallery-icon landscape'>\n\t\t\t\t<a href='https:\/\/www.cscp-plongee.com\/wp-content\/uploads\/2013\/11\/souvenirs-accostage.jpg' title=\"\" data-rl_title=\"\" class=\"rl-gallery-link\" data-rl_caption=\"\" data-rel=\"lightbox-gallery-2\"><img loading=\"lazy\" decoding=\"async\" width=\"150\" height=\"150\" src=\"https:\/\/www.cscp-plongee.com\/wp-content\/uploads\/2013\/11\/souvenirs-accostage-150x150.jpg\" class=\"attachment-thumbnail size-thumbnail\" alt=\"\" \/><\/a>\n\t\t\t<\/dt><\/dl><dl class='gallery-item'>\n\t\t\t<dt class='gallery-icon landscape'>\n\t\t\t\t<a href='https:\/\/www.cscp-plongee.com\/wp-content\/uploads\/2013\/11\/souvenirs-bateau.jpg' title=\"\" data-rl_title=\"\" class=\"rl-gallery-link\" data-rl_caption=\"\" data-rel=\"lightbox-gallery-2\"><img loading=\"lazy\" decoding=\"async\" width=\"150\" height=\"150\" src=\"https:\/\/www.cscp-plongee.com\/wp-content\/uploads\/2013\/11\/souvenirs-bateau-150x150.jpg\" class=\"attachment-thumbnail size-thumbnail\" alt=\"\" \/><\/a>\n\t\t\t<\/dt><\/dl><dl class='gallery-item'>\n\t\t\t<dt class='gallery-icon landscape'>\n\t\t\t\t<a href='https:\/\/www.cscp-plongee.com\/wp-content\/uploads\/2013\/11\/souvenirs-bonheur.jpg' title=\"\" data-rl_title=\"\" class=\"rl-gallery-link\" data-rl_caption=\"\" data-rel=\"lightbox-gallery-2\"><img loading=\"lazy\" decoding=\"async\" width=\"150\" height=\"150\" src=\"https:\/\/www.cscp-plongee.com\/wp-content\/uploads\/2013\/11\/souvenirs-bonheur-150x150.jpg\" class=\"attachment-thumbnail size-thumbnail\" alt=\"\" \/><\/a>\n\t\t\t<\/dt><\/dl><br style=\"clear: both\" \/>\n\t\t<\/div>\n\n<p>Un zodiac (MK2) a \u00e9t\u00e9 la premi\u00e8re embarcation du club puis un Bombard a compl\u00e9t\u00e9 la flottille. Ensuite une yole en bois (Reinette) a remplac\u00e9 le caoutchouc. Puis une deuxi\u00e8me yole en bois acquise au Robert (Bulle) a rejoint la premi\u00e8re. Des probl\u00e8mes d&rsquo;\u00e9tanch\u00e9it\u00e9 sur cette derni\u00e8re ont amen\u00e9 le comit\u00e9 directeur \u00e0 lancer la construction d&rsquo;une yole en plastique de 7 m\u00e8tres 50 (Pa Koul\u00e9) par un chantier de Rivi\u00e8re-Pilote. Le succ\u00e8s du club d\u00e9cida de l&rsquo;acquisition d&rsquo;un nouveau bateau (Big Dad) qui f\u00eet les beaux jours des plongeurs jusqu&rsquo;en 1997, date d&rsquo;une \u00e9mouvante s\u00e9paration&#8230; Depuis lors, \u00ab\u00a0Pa Koul\u00e9\u00a0\u00bb a repris du service aid\u00e9 d&rsquo;un moteur neuf de 90 ch. Un petit bateau plastique l&rsquo;a rejoint pour assurer la s\u00e9curit\u00e9 des nageurs avec palmes. En 2011, l&rsquo;AG du club a vot\u00e9 l&rsquo;achat d&rsquo;un nouveau bateau \u00e0 grande capacit\u00e9. 2012 a \u00e9t\u00e9 l&rsquo;ann\u00e9e de l&rsquo;achat d&rsquo;un semi-rigide r\u00e9-\u00e9quip\u00e9 d&rsquo;un moteur neuf de 250Cv ainsi qu&rsquo;un rachat d&rsquo;un second compresseur. Le club est \u00e9quip\u00e9 d&rsquo;un BAUER 16m3 et d&rsquo;un COLTRI 30m3 plus silencieux.<\/p>\n\n\t\t<style type=\"text\/css\">\n\t\t\t#gallery-3 {\n\t\t\t\tmargin: auto;\n\t\t\t}\n\t\t\t#gallery-3 .gallery-item {\n\t\t\t\tfloat: left;\n\t\t\t\tmargin-top: 10px;\n\t\t\t\ttext-align: center;\n\t\t\t\twidth: 25%;\n\t\t\t}\n\t\t\t#gallery-3 img {\n\t\t\t\tborder: 2px solid #cfcfcf;\n\t\t\t}\n\t\t\t#gallery-3 .gallery-caption {\n\t\t\t\tmargin-left: 0;\n\t\t\t}\n\t\t\t\/* see gallery_shortcode() in wp-includes\/media.php *\/\n\t\t<\/style>\n\t\t<div id='gallery-3' class='gallery galleryid-261 gallery-columns-4 gallery-size-thumbnail'><dl class='gallery-item'>\n\t\t\t<dt class='gallery-icon landscape'>\n\t\t\t\t<a href='https:\/\/www.cscp-plongee.com\/wp-content\/uploads\/2013\/11\/souvenirs-amour-et-plongee.jpg' title=\"\" data-rl_title=\"\" class=\"rl-gallery-link\" data-rl_caption=\"\" data-rel=\"lightbox-gallery-3\"><img loading=\"lazy\" decoding=\"async\" width=\"150\" height=\"150\" src=\"https:\/\/www.cscp-plongee.com\/wp-content\/uploads\/2013\/11\/souvenirs-amour-et-plongee-150x150.jpg\" class=\"attachment-thumbnail size-thumbnail\" alt=\"\" \/><\/a>\n\t\t\t<\/dt><\/dl><dl class='gallery-item'>\n\t\t\t<dt class='gallery-icon landscape'>\n\t\t\t\t<a href='https:\/\/www.cscp-plongee.com\/wp-content\/uploads\/2013\/11\/souvenirs-copain.jpg' title=\"\" data-rl_title=\"\" class=\"rl-gallery-link\" data-rl_caption=\"\" data-rel=\"lightbox-gallery-3\"><img loading=\"lazy\" decoding=\"async\" width=\"150\" height=\"150\" src=\"https:\/\/www.cscp-plongee.com\/wp-content\/uploads\/2013\/11\/souvenirs-copain-150x150.jpg\" class=\"attachment-thumbnail size-thumbnail\" alt=\"\" \/><\/a>\n\t\t\t<\/dt><\/dl><dl class='gallery-item'>\n\t\t\t<dt class='gallery-icon portrait'>\n\t\t\t\t<a href='https:\/\/www.cscp-plongee.com\/wp-content\/uploads\/2013\/11\/souvenirs-costeau-le-bonbard.jpg' title=\"\" data-rl_title=\"\" class=\"rl-gallery-link\" data-rl_caption=\"\" data-rel=\"lightbox-gallery-3\"><img loading=\"lazy\" decoding=\"async\" width=\"150\" height=\"150\" src=\"https:\/\/www.cscp-plongee.com\/wp-content\/uploads\/2013\/11\/souvenirs-costeau-le-bonbard-150x150.jpg\" class=\"attachment-thumbnail size-thumbnail\" alt=\"\" \/><\/a>\n\t\t\t<\/dt><\/dl><dl class='gallery-item'>\n\t\t\t<dt class='gallery-icon landscape'>\n\t\t\t\t<a href='https:\/\/www.cscp-plongee.com\/wp-content\/uploads\/2013\/11\/souvenirs-et-tags.jpg' title=\"\" data-rl_title=\"\" class=\"rl-gallery-link\" data-rl_caption=\"\" data-rel=\"lightbox-gallery-3\"><img loading=\"lazy\" decoding=\"async\" width=\"150\" height=\"150\" src=\"https:\/\/www.cscp-plongee.com\/wp-content\/uploads\/2013\/11\/souvenirs-et-tags-150x150.jpg\" class=\"attachment-thumbnail size-thumbnail\" alt=\"\" \/><\/a>\n\t\t\t<\/dt><\/dl><br style=\"clear: both\" \/>\n\t\t<\/div>\n\n<p style=\"text-align: justify;\">D&rsquo;entr\u00e9e, le club s&rsquo;est orient\u00e9 vers les formations de plongeurs (Niv I,II,III,IV) et de cadres (initiateurs, MF1). Il s&rsquo;est orient\u00e9 \u00e9galement vers des actions visant \u00e0 promouvoir la plong\u00e9e aupr\u00e9s des jeunes Antillais. Il a offert des stages \u00e0 des enfants et adolescents, en \u00e9tant le support f\u00e9d\u00e9ral de la section sportive du lyc\u00e9e de la Pointe des N\u00e8gres (92-97 et de nouveau depuis 2000) et en menant des actions avec l&rsquo;Instit\u00fbt Universitaire de Formation de Ma\u00eetres. D&rsquo;autres stages on \u00e9t\u00e9 organis\u00e9s pour les p\u00eacheurs de Case-Pilote (88-89) et pour le Parc National R\u00e9gional de la Martinique, dans le cadre de la formation professionnelle des enseignants (1990). Le club a eu l&rsquo;occasion \u00e9galement de proposer des sessions de bapt\u00eames gratuits lors de f\u00eates patronales \u00e0 Case Pilote et \u00e0 Madiana.<\/p>\n<p>Depuis quelques ann\u00e9es, le club a diversifi\u00e9 ses activit\u00e9s en int\u00e9grant l&rsquo;activit\u00e9 Nage avec Palmes (Mer et Piscine), une section Apn\u00e9e en 2011 et une section Rand&rsquo;Eau en 2012.<\/p>\n\n\t\t<style type=\"text\/css\">\n\t\t\t#gallery-4 {\n\t\t\t\tmargin: auto;\n\t\t\t}\n\t\t\t#gallery-4 .gallery-item {\n\t\t\t\tfloat: left;\n\t\t\t\tmargin-top: 10px;\n\t\t\t\ttext-align: center;\n\t\t\t\twidth: 25%;\n\t\t\t}\n\t\t\t#gallery-4 img {\n\t\t\t\tborder: 2px solid #cfcfcf;\n\t\t\t}\n\t\t\t#gallery-4 .gallery-caption {\n\t\t\t\tmargin-left: 0;\n\t\t\t}\n\t\t\t\/* see gallery_shortcode() in wp-includes\/media.php *\/\n\t\t<\/style>\n\t\t<div id='gallery-4' class='gallery galleryid-261 gallery-columns-4 gallery-size-thumbnail'><dl class='gallery-item'>\n\t\t\t<dt class='gallery-icon landscape'>\n\t\t\t\t<a href='https:\/\/www.cscp-plongee.com\/wp-content\/uploads\/2013\/11\/souvenirs-fenzi.jpg' title=\"\" data-rl_title=\"\" class=\"rl-gallery-link\" data-rl_caption=\"\" data-rel=\"lightbox-gallery-4\"><img loading=\"lazy\" decoding=\"async\" width=\"150\" height=\"150\" src=\"https:\/\/www.cscp-plongee.com\/wp-content\/uploads\/2013\/11\/souvenirs-fenzi-150x150.jpg\" class=\"attachment-thumbnail size-thumbnail\" alt=\"\" \/><\/a>\n\t\t\t<\/dt><\/dl><dl class='gallery-item'>\n\t\t\t<dt class='gallery-icon portrait'>\n\t\t\t\t<a href='https:\/\/www.cscp-plongee.com\/wp-content\/uploads\/2013\/11\/souvenirs-pg.jpg' title=\"\" data-rl_title=\"\" class=\"rl-gallery-link\" data-rl_caption=\"\" data-rel=\"lightbox-gallery-4\"><img loading=\"lazy\" decoding=\"async\" width=\"150\" height=\"150\" src=\"https:\/\/www.cscp-plongee.com\/wp-content\/uploads\/2013\/11\/souvenirs-pg-150x150.jpg\" class=\"attachment-thumbnail size-thumbnail\" alt=\"\" \/><\/a>\n\t\t\t<\/dt><\/dl><dl class='gallery-item'>\n\t\t\t<dt class='gallery-icon landscape'>\n\t\t\t\t<a href='https:\/\/www.cscp-plongee.com\/wp-content\/uploads\/2013\/11\/souvenirs-plongee-enfants.jpg' title=\"\" data-rl_title=\"\" class=\"rl-gallery-link\" data-rl_caption=\"\" data-rel=\"lightbox-gallery-4\"><img loading=\"lazy\" decoding=\"async\" width=\"150\" height=\"150\" src=\"https:\/\/www.cscp-plongee.com\/wp-content\/uploads\/2013\/11\/souvenirs-plongee-enfants-150x150.jpg\" class=\"attachment-thumbnail size-thumbnail\" alt=\"\" \/><\/a>\n\t\t\t<\/dt><\/dl><dl class='gallery-item'>\n\t\t\t<dt class='gallery-icon landscape'>\n\t\t\t\t<a href='https:\/\/www.cscp-plongee.com\/wp-content\/uploads\/2013\/11\/souvenir-dave-enfants.jpg' title=\"\" data-rl_title=\"\" class=\"rl-gallery-link\" data-rl_caption=\"\" data-rel=\"lightbox-gallery-4\"><img loading=\"lazy\" decoding=\"async\" width=\"150\" height=\"150\" src=\"https:\/\/www.cscp-plongee.com\/wp-content\/uploads\/2013\/11\/souvenir-dave-enfants-150x150.jpg\" class=\"attachment-thumbnail size-thumbnail\" alt=\"\" \/><\/a>\n\t\t\t<\/dt><\/dl><br style=\"clear: both\" \/>\n\t\t<\/div>\n\n<p>Depuis quelques ann\u00e9es le CSCP est l&rsquo;un des deux premiers clubs associatifs de la Martinique avec un nombre de licences \u00e9voluant entre 145 et 200.<\/p>\n<p>Le club est ouvert \u00e0 toute proposition d&rsquo;action culturelle ou sportive d&rsquo;ordre f\u00e9d\u00e9rale (commission r\u00e9gionale audio-visuelle, biologie, arch\u00e9ologie,&#8230;) ou ext\u00e9rieure (universitaire, scolaire, municipale, sociale,&#8230;).\u00a0<span style=\"color: #800080;\"><a style=\"color: #800080;\" href=\"http:\/\/www.cscp-plongee.com\/?page_id=263\" target=\"page_de garde\" rel=\"noopener noreferrer\">Contactez nous<\/a><\/span>\u00a0ou venez nous rendre visite !<\/p>\n","protected":false},"excerpt":{"rendered":"<p>L\u00e0, il va falloir lire un peu !.. Le club \u00e0 \u00e9t\u00e9 cr\u00e9\u00e9 le 28 ao\u00fbt 1985, date de sa parution au journal officiel. Son affiliation \u00e0 la FFESSM \u00e0 \u00e9t\u00e9 faite sous le num\u00e9ro 0102015. Il est agr\u00e9\u00e9 par le minist\u00e8re de la jeunesse et des sports (N\u00b0 9728793). Les membres fondateurs sont les\u00a0moniteurs &hellip; <\/p>\n<p><a class=\"more-link btn\" href=\"https:\/\/www.cscp-plongee.com\/?page_id=261\">Lire la suite<\/a><\/p>\n","protected":false},"author":2,"featured_media":0,"parent":567,"menu_order":1,"comment_status":"closed","ping_status":"closed","template":"","meta":{"footnotes":""},"class_list":["post-261","page","type-page","status-publish","hentry","nodate","item-wrap"],"_links":{"self":[{"href":"https:\/\/www.cscp-plongee.com\/index.php?rest_route=\/wp\/v2\/pages\/261","targetHints":{"allow":["GET"]}}],"collection":[{"href":"https:\/\/www.cscp-plongee.com\/index.php?rest_route=\/wp\/v2\/pages"}],"about":[{"href":"https:\/\/www.cscp-plongee.com\/index.php?rest_route=\/wp\/v2\/types\/page"}],"author":[{"embeddable":true,"href":"https:\/\/www.cscp-plongee.com\/index.php?rest_route=\/wp\/v2\/users\/2"}],"replies":[{"embeddable":true,"href":"https:\/\/www.cscp-plongee.com\/index.php?rest_route=%2Fwp%2Fv2%2Fcomments&post=261"}],"version-history":[{"count":3,"href":"https:\/\/www.cscp-plongee.com\/index.php?rest_route=\/wp\/v2\/pages\/261\/revisions"}],"predecessor-version":[{"id":3058,"href":"https:\/\/www.cscp-plongee.com\/index.php?rest_route=\/wp\/v2\/pages\/261\/revisions\/3058"}],"up":[{"embeddable":true,"href":"https:\/\/www.cscp-plongee.com\/index.php?rest_route=\/wp\/v2\/pages\/567"}],"wp:attachment":[{"href":"https:\/\/www.cscp-plongee.com\/index.php?rest_route=%2Fwp%2Fv2%2Fmedia&parent=261"}],"curies":[{"name":"wp","href":"https:\/\/api.w.org\/{rel}","templated":true}]}}