{"id":1757,"date":"2014-09-07T23:32:32","date_gmt":"2014-09-07T22:32:32","guid":{"rendered":"http:\/\/maquettecasepilote.wordpress.com\/?page_id=1757"},"modified":"2014-12-15T03:34:03","modified_gmt":"2014-12-15T02:34:03","slug":"les-epaves","status":"publish","type":"page","link":"https:\/\/www.cscp-plongee.com\/?page_id=1757","title":{"rendered":"Les \u00e9paves"},"content":{"rendered":"<h1 style=\"text-align: center;\"><span style=\"font-size: 18pt; font-family: georgia, palatino;\"><strong><em><span style=\"color: #800080;\">Les \u00e9paves de Saint-Pierre<\/span><\/em><\/strong><\/span><\/h1>\n<hr \/>\n<p>&nbsp;<\/p>\n<p align=\"center\"><span style=\"color: #993300;\">Zone d&rsquo;exploration<\/span> : de 5 \u00e0 50 m\u00e8tres<\/p>\n<p align=\"left\"><span style=\"font-family: 'Comic Sans MS';\">Le matin du 8 Mai 1902, la Montagne Pel\u00e9e entra en \u00e9ruption et des dizaines de navires ancr\u00e9s dans la baie de Saint-Pierre ce jour l\u00e0, sombr\u00e8rent. Une douzaine d&rsquo;\u00e9paves offrent aujourd&rsquo;hui aux plongeurs des vestiges \u00e9tonnants que l&rsquo;on peut d\u00e9couvrir dans une eau d&rsquo;une visibilit\u00e9 parfois excellente, m\u00eame \u00e0 de grandes profondeurs&#8230;.<\/span><\/p>\n<p><a id=\"haut\"><\/a><\/p>\n<p>&nbsp;<\/p>\n<p>&nbsp;<\/p>\n<hr \/>\n<p align=\"center\"><span style=\"font-size: 14pt; font-family: 'comic sans ms', sans-serif;\"><a title=\"Les \u00e9paves\" href=\"http:\/\/www.cscp-plongee.com\/?page_id=1757#Yacht_Italien\">Yacht Italien<\/a> <a title=\"Les \u00e9paves\" href=\"http:\/\/www.cscp-plongee.com\/?page_id=1757#Clementina\">La Cl\u00e9mentina<\/a> <a title=\"Les \u00e9paves\" href=\"http:\/\/www.cscp-plongee.com\/?page_id=1757#Biscaye\">Le Biscaye<\/a> <a title=\"Les \u00e9paves\" href=\"http:\/\/www.cscp-plongee.com\/?page_id=1757#Dahlia\">Le Dahlia<\/a> <a title=\"Les \u00e9paves\" href=\"http:\/\/www.cscp-plongee.com\/?page_id=1757#Diamant\">Le Diamant<\/a> <a title=\"Les \u00e9paves\" href=\"http:\/\/www.cscp-plongee.com\/?page_id=1757#barge\">Barge<\/a> <a title=\"Les \u00e9paves\" href=\"http:\/\/www.cscp-plongee.com\/?page_id=1757#roraima\">Roraima<\/a><br \/>\n<a title=\"Les \u00e9paves\" href=\"http:\/\/www.cscp-plongee.com\/?page_id=1757#voilier\">Voilier disloqu\u00e9<\/a> <a title=\"Les \u00e9paves\" href=\"http:\/\/www.cscp-plongee.com\/?page_id=1757#Theresa\">Th\u00e9r\u00e9sa Lo Vigo<\/a> <a title=\"Les \u00e9paves\" href=\"http:\/\/www.cscp-plongee.com\/?page_id=1757#G_voilier\">Grand Voilier<\/a> <a title=\"Les \u00e9paves\" href=\"http:\/\/www.cscp-plongee.com\/?page_id=1757#Amelie\">Am\u00e9lie<\/a> <a title=\"Les \u00e9paves\" href=\"http:\/\/www.cscp-plongee.com\/?page_id=1757#tamaya\">Tamaya<\/a><\/span><\/p>\n<hr \/>\n<p>&nbsp;<\/p>\n<p><a id=\"Yacht_Italien\" name=\"Yacht_Italien\"><\/a><\/p>\n<p>&nbsp;<\/p>\n<p>&nbsp;<\/p>\n<table style=\"height: 233px;\" border=\"0\" width=\"617\" align=\"center\">\n<tbody>\n<tr>\n<td>\n<p align=\"center\"><span style=\"font-family: 'comic sans ms', sans-serif; font-size: 18pt;\"><strong><em>1-\u00a0 Le Yacht Italien<\/em><\/strong><\/span><\/p>\n<p><span style=\"font-family: 'comic sans ms', sans-serif; font-size: 12pt;\">Avant de voilier en bois, doubl\u00e9 de cuivre avec treuil. Bris\u00e9 en trois fragments. Seule une partie du flanc tribord de l&rsquo;avant a \u00e9t\u00e9 conserv\u00e9e sur une longueur d&rsquo;environ 10 m\u00e8tres. Un petit treuil se trouve \u00e0 l&rsquo;avant \u00e0 c\u00f4t\u00e9 d&rsquo;une importante masse de concr\u00e9tion de plus de 2 m de haut.<\/span><\/p>\n<p><span style=\"font-family: 'comic sans ms', sans-serif; font-size: 12pt;\"><span style=\"color: #cc3300;\">Zone d&rsquo;exploration :<\/span><span style=\"color: #000000;\"> Entre 20 et 30 m\u00e8tres de profondeur<\/span><\/span><\/p>\n<p><span style=\"font-family: 'comic sans ms', sans-serif; font-size: 12pt;\"><span style=\"color: #cc3300;\">Niveau minimum requis (FFESSM) :<\/span> Niv. II.<\/span><\/p>\n<p><span style=\"font-family: 'comic sans ms', sans-serif; font-size: 12pt;\"><span style=\"color: #cc3300;\">Remarques utiles :<\/span> Tr\u00e8s d\u00e9grad\u00e9<\/span><\/td>\n<\/tr>\n<\/tbody>\n<\/table>\n<p style=\"text-align: center;\"><a href=\"#haut\">haut de page<\/a><\/p>\n<hr \/>\n<p>&nbsp;<\/p>\n<p><a id=\"Clementina\" name=\"Clementina\"><\/a><\/p>\n<p>&nbsp;<\/p>\n<p>&nbsp;<\/p>\n<table style=\"height: 298px;\" border=\"0\" width=\"622\" align=\"center\">\n<tbody>\n<tr>\n<td width=\"929\">\n<p style=\"text-align: center;\" align=\"center\"><span style=\"font-size: 18pt; font-family: 'comic sans ms', sans-serif;\"><strong><em>2- La Cl\u00e9mentina<\/em><\/strong><\/span><\/p>\n<p><span style=\"font-family: 'comic sans ms', sans-serif; font-size: 12pt;\">Voilier en bois doubl\u00e9 de cuivre. Ce fond de car\u00e8ne d&rsquo;\u00e0-peu-pr\u00e8s 20 m\u00e8tres de long pourrait appartenir \u00e0 un caboteur de construction locale. L&rsquo;\u00e9pave repose en bordure du tombant par 49 m\u00e8tres de fond. L&rsquo;avant se trouve \u00e0 40m\u00e8tres. La longueur totale de car\u00e8ne, sans le safran, est de 20,6 m\u00e8tres, la largeur conserv\u00e9e de 6,80 m\u00e8tres.<\/span><\/p>\n<p><span style=\"font-family: 'comic sans ms', sans-serif; font-size: 12pt;\"><span style=\"color: #cc3300;\">Zone d&rsquo;exploration :<\/span><span style=\"color: #000000;\"> Entre 40 et 50m\u00e8tres de profondeur<\/span><\/span><\/p>\n<p><span style=\"font-family: 'comic sans ms', sans-serif; font-size: 12pt;\"><span style=\"color: #cc3300;\">Niveau minimum requis (FFESSM) :<\/span> Niv. III.<\/span><\/p>\n<p><span style=\"font-family: 'comic sans ms', sans-serif; font-size: 12pt;\"><span style=\"color: #cc3300;\">Remarques utiles :<\/span> Une partie de la fixation du safran est encore mobile sur son axe et porte encore ses rivets de fixation d&rsquo;un diam\u00e8tre de 2 cm.Il ne reste du gouvernail que les armatures m\u00e9talliques.<\/span><\/td>\n<\/tr>\n<\/tbody>\n<\/table>\n<p style=\"text-align: center;\"><a href=\"#haut\">haut de page<\/a><\/p>\n<hr \/>\n<p>&nbsp;<\/p>\n<p><a id=\"Biscaye\" name=\"Biscaye\"><\/a><\/p>\n<p>&nbsp;<\/p>\n<p>&nbsp;<\/p>\n<table style=\"height: 164px;\" border=\"0\" width=\"619\" align=\"center\">\n<tbody>\n<tr>\n<td width=\"930\">\n<p align=\"center\"><span style=\"font-size: 18pt; font-family: 'comic sans ms', sans-serif;\"><em><strong>3- Le Biscaye (ex-Gabrielle)<\/strong><\/em><\/span><\/p>\n<p><span style=\"font-family: 'comic sans ms', sans-serif; font-size: 12pt;\">Trois-m\u00e2ts Go\u00e9lette construit \u00e0 Bilbao en 1878 de 31,66m\u00e8tres de long sur 6,5 m\u00e8tres de large.<\/span><\/p>\n<p><span style=\"font-family: 'comic sans ms', sans-serif; font-size: 12pt;\"><br \/>\n<span style=\"color: #cc3300;\">Zone d&rsquo;exploration :<\/span> Entre 30 et 38 m\u00e8tres de profondeur<\/span><\/p>\n<p><span style=\"font-family: 'comic sans ms', sans-serif; font-size: 12pt;\"><span style=\"color: #cc3300;\">Niveau minimum requis (FFESSM) :<\/span> Niv. II<\/span><\/td>\n<\/tr>\n<\/tbody>\n<\/table>\n<p align=\"center\"><a href=\"#haut\">haut de page<\/a><\/p>\n<hr \/>\n<p><a id=\"Dahlia\" name=\"Dahlia\"><\/a><\/p>\n<p>&nbsp;<\/p>\n<p>&nbsp;<\/p>\n<table style=\"height: 177px;\" border=\"0\" width=\"617\" align=\"center\">\n<tbody>\n<tr>\n<td width=\"929\">\n<p align=\"center\"><span style=\"font-family: 'comic sans ms', sans-serif; font-size: 18pt;\"><em><strong>4- Le Dahlia<\/strong><\/em><\/span><\/p>\n<p><span style=\"font-family: 'comic sans ms', sans-serif; font-size: 12pt;\">D\u00e9mineur am\u00e9ricain ayant explos\u00e9 en 1957 \u00e0 structure m\u00e9tallique. On peut aussi apercevoir l&rsquo;\u00e9pave du Diamant qui repose \u00e0 une cinquantaine de m\u00e8tres d&rsquo;\u00e9cart.<\/span><\/p>\n<p><span style=\"font-family: 'comic sans ms', sans-serif; font-size: 12pt;\"><span style=\"color: #cc3300;\">Zone d&rsquo;exploration <\/span>: entre 18 et 35 m\u00e8tres<br \/>\n<\/span><br \/>\n<span style=\"font-family: 'comic sans ms', sans-serif; font-size: 12pt;\"> <span style=\"color: #cc3300;\">Rencontres :<\/span> Cardinal, sergent-majors&#8230;<br \/>\n<\/span><br \/>\n<span style=\"font-family: 'comic sans ms', sans-serif; font-size: 12pt;\"> <span style=\"color: #cc3300;\">Niveau minimum requis (FFESSM) :<\/span> Niv. I Exp\u00e9riment\u00e9<\/span><\/td>\n<\/tr>\n<\/tbody>\n<\/table>\n<p style=\"text-align: center;\"><a href=\"#haut\">haut de page<\/a><\/p>\n<p>&nbsp;<\/p>\n<hr \/>\n<p>&nbsp;<\/p>\n<p><a id=\"Diamant\" name=\"Diamant\"><\/a><\/p>\n<p>&nbsp;<\/p>\n<p>&nbsp;<\/p>\n<table style=\"height: 133px;\" border=\"0\" width=\"617\" align=\"center\">\n<tbody>\n<tr>\n<td width=\"936\">\n<p align=\"center\"><span style=\"font-family: 'comic sans ms', sans-serif; font-size: 18pt;\"><em><strong>5- Le Diamant<\/strong><\/em><\/span><\/p>\n<p><span style=\"font-family: 'comic sans ms', sans-serif; font-size: 12pt;\">Navette maritime \u00e0 vapeur de 26 m\u00e8tres de long, qui assurait la liaison entre Fort de France et Saint-Pierre. Repose sur un fond de 24 \u00e0 30 m\u00e8tres. A proximit\u00e9 du Dahlia.<\/span><\/p>\n<p><span style=\"font-family: 'comic sans ms', sans-serif; font-size: 12pt;\"><span style=\"color: #cc3300;\">Zone d&rsquo;exploration :<\/span> Entre 24 et 35 m\u00e8tres de profondeur<\/span><\/p>\n<p><span style=\"font-family: 'comic sans ms', sans-serif; font-size: 12pt;\"><span style=\"color: #cc3300;\">Niveau minimum requis (FFESSM) :<\/span> Niv.I exp\u00e9riment\u00e9s<\/span><\/td>\n<\/tr>\n<\/tbody>\n<\/table>\n<p align=\"center\"><a href=\"#haut\">haut de page<\/a><\/p>\n<hr \/>\n<p><a id=\"barge\" name=\"barge\"><\/a><\/p>\n<p>&nbsp;<\/p>\n<p>&nbsp;<\/p>\n<table style=\"height: 110px;\" border=\"0\" width=\"617\" align=\"center\">\n<tbody>\n<tr>\n<td width=\"929\">\n<p align=\"center\"><span style=\"font-family: 'comic sans ms', sans-serif; font-size: 18pt;\"><em><strong>6- Barge de transbordement<\/strong><\/em><\/span><\/p>\n<p align=\"left\"><span style=\"font-family: 'comic sans ms', sans-serif; font-size: 12pt;\">Structure m\u00e9tallique longue de 15 m<\/span><\/p>\n<p><span style=\"font-family: 'comic sans ms', sans-serif; font-size: 12pt;\"><span style=\"color: #cc3300;\">Zone d&rsquo;exploration :<\/span><span style=\"color: #000000;\"> 35 m\u00e8tres de profondeur<\/span><\/span><\/p>\n<p><span style=\"font-family: 'comic sans ms', sans-serif; font-size: 12pt;\"><span style=\"color: #cc3300;\">Niveau minimum requis (FFESSM) :<\/span> Niv. II.<\/span><\/td>\n<\/tr>\n<\/tbody>\n<\/table>\n<p align=\"center\"><a href=\"#haut\">haut de page<\/a><\/p>\n<hr \/>\n<p><a id=\"roraima\" name=\"roraima\"><\/a><\/p>\n<p>&nbsp;<\/p>\n<p>&nbsp;<\/p>\n<table style=\"height: 176px;\" border=\"0\" width=\"617\" align=\"center\">\n<tbody>\n<tr>\n<td width=\"926\">\n<p align=\"center\"><span style=\"font-family: 'comic sans ms', sans-serif; font-size: 18pt;\"><em><strong>7- Le Rora\u00efma<\/strong><\/em><\/span><\/p>\n<p><span style=\"font-family: 'comic sans ms', sans-serif; font-size: 12pt;\">Ce gros cargo \u00e0 vapeur mixte de la \u00ab\u00a0Qu\u00e9bec Line\u00a0\u00ab\u00a0, en acier, long de 120 m a coul\u00e9 apr\u00e8s avoir br\u00fbl\u00e9 pendant plusieurs jours apr\u00e8s l&rsquo;\u00e9ruption de 1902. L&rsquo;\u00e9pave, en trois tron\u00e7ons, repose sur sa quille sur des fonds de 50 m\u00e8tres et reste impressionnante.<\/span><\/p>\n<p><span style=\"font-family: 'comic sans ms', sans-serif; font-size: 12pt;\"><span style=\"color: #cc3300;\">Zone d&rsquo;exploration :<\/span><span style=\"color: #000000;\"> De 40 \u00e0 60m\u00e8tres de profondeur<\/span><\/span><\/p>\n<p><span style=\"font-family: 'comic sans ms', sans-serif; font-size: 12pt;\"><span style=\"color: #cc3300;\">Faune \/ flore :<\/span> Virgulaires, Barracudas, bancs de mombins&#8230;..<\/span><\/p>\n<p><span style=\"font-family: 'comic sans ms', sans-serif; font-size: 12pt;\"><span style=\"color: #cc3300;\">Niveau minimum requis (FFESSM) :<\/span> Niv.III<\/span><\/td>\n<\/tr>\n<\/tbody>\n<\/table>\n<p align=\"center\"><a href=\"#haut\">haut de page<\/a><\/p>\n<hr \/>\n<p><a id=\"voilier\" name=\"voilier\"><\/a><\/p>\n<p>&nbsp;<\/p>\n<p>&nbsp;<\/p>\n<table style=\"height: 108px;\" border=\"0\" width=\"619\" align=\"center\">\n<tbody>\n<tr>\n<td width=\"927\">\n<p align=\"center\"><span style=\"font-family: 'comic sans ms', sans-serif; font-size: 18pt;\"><em><strong>8- Voilier disloqu\u00e9<\/strong><\/em><\/span><\/p>\n<p><span style=\"font-family: 'comic sans ms', sans-serif; font-size: 12pt;\">Trois-m\u00e2ts barque.<\/span><\/p>\n<p><span style=\"font-family: 'comic sans ms', sans-serif; font-size: 12pt;\"><span style=\"color: #cc3300;\">Zone d&rsquo;exploration :<\/span><span style=\"color: #000000;\"> 35 m\u00e8tres de profondeur<\/span><\/span><\/p>\n<p><span style=\"font-family: 'comic sans ms', sans-serif; font-size: 12pt;\"><span style=\"color: #cc3300;\">Niveau minimum requis (FFESSM) :<\/span> Niv. II.<\/span><\/td>\n<\/tr>\n<\/tbody>\n<\/table>\n<p align=\"center\"><a href=\"#haut\">haut de page<\/a><\/p>\n<hr \/>\n<p><a id=\"Theresa\" name=\"Theresa\"><\/a><\/p>\n<p>&nbsp;<\/p>\n<p>&nbsp;<\/p>\n<table style=\"height: 155px;\" border=\"0\" width=\"620\" align=\"center\">\n<tbody>\n<tr>\n<td width=\"930\">\n<p align=\"center\"><span style=\"font-family: 'comic sans ms', sans-serif; font-size: 18pt;\"><em><strong>9- La Th\u00e9r\u00e8sa Lo Vigo<\/strong><\/em><\/span><\/p>\n<p><span style=\"font-family: 'comic sans ms', sans-serif; font-size: 12pt;\">Il s&rsquo;ait d&rsquo;une \u00e9pave d&rsquo;un voilier en bois \u00e0 coque doubl\u00e9e de cuivre, tr\u00e8s envas\u00e9e. <span style=\"color: #000000;\">Malgr\u00e9 son relativement mauvais \u00e9tat de conservation, il s&rsquo;agit d&rsquo;une \u00e9pave pr\u00e9sentant encore toute sa cargaison, dont une importante quantit\u00e9 de poteries. Certaines sont d\u00e9form\u00e9es par la chaleur.<\/span><\/span><\/p>\n<p><span style=\"font-family: 'comic sans ms', sans-serif; font-size: 12pt;\"><span style=\"color: #cc3300;\">Zone d&rsquo;exploration :<\/span><span style=\"color: #000000;\"> 30 \u00e0 40 m\u00e8tres de profondeur<\/span><\/span><\/p>\n<p><span style=\"font-family: 'comic sans ms', sans-serif; font-size: 12pt;\"><span style=\"color: #cc3300;\">Niveau minimum requis (FFESSM) :<\/span> Niv.II.<\/span><\/p>\n<p><span style=\"font-family: 'comic sans ms', sans-serif; font-size: 12pt;\"><span style=\"color: #cc3300;\">Remarques utiles :<\/span> Peut \u00eatre visit\u00e9e au cours de la m\u00eame plong\u00e9e que la n\u00b0 10<\/span><\/td>\n<\/tr>\n<\/tbody>\n<\/table>\n<p align=\"center\"><a href=\"#haut\">haut de page<\/a><\/p>\n<hr \/>\n<p><a id=\"G_voilier\" name=\"G_voilier\"><\/a><\/p>\n<p>&nbsp;<\/p>\n<p>&nbsp;<\/p>\n<table style=\"height: 197px;\" border=\"0\" width=\"618\" align=\"center\">\n<tbody>\n<tr>\n<td width=\"926\">\n<p align=\"center\"><span style=\"font-family: 'comic sans ms', sans-serif; font-size: 18pt;\"><em><strong>10- Grand Voilier (dite Pseudo Th\u00e9r\u00e9sa)<\/strong><\/em><\/span><\/p>\n<p><span style=\"font-family: 'comic sans ms', sans-serif; font-size: 12pt;\">Epave d&rsquo;un voilier trois-m\u00e2ts long de 42m en bois. Cargaison de tonneaux de ciment, carrelages en terre cuite et cordage encore \u00e0 bord.<\/span><\/p>\n<p><span style=\"font-family: 'comic sans ms', sans-serif; font-size: 12pt;\"><span style=\"color: #cc3300;\">Zone d&rsquo;exploration :<\/span><span style=\"color: #000000;\"> 38 m\u00e8tres de profondeur<\/span><\/span><\/p>\n<p><span style=\"font-family: 'comic sans ms', sans-serif; font-size: 12pt;\"><span style=\"color: #cc3300;\">Niveau minimum requis (FFESSM) :<\/span> Niv.II.<\/span><\/p>\n<p><span style=\"font-family: 'comic sans ms', sans-serif; font-size: 12pt;\"><span style=\"color: #cc3300;\">Remarques utiles :<\/span> Lieu dit : Face quartier du mouillage. Peut \u00eatre visit\u00e9e au cours de la m\u00eame plong\u00e9e que la n\u00b09.<\/span><\/td>\n<\/tr>\n<\/tbody>\n<\/table>\n<p align=\"center\"><a href=\"#haut\">haut de page<\/a><\/p>\n<hr \/>\n<p><a id=\"Amelie\" name=\"Amelie\"><\/a><\/p>\n<p>&nbsp;<\/p>\n<p>&nbsp;<\/p>\n<table style=\"height: 155px;\" border=\"0\" width=\"621\" align=\"center\">\n<tbody>\n<tr>\n<td width=\"927\">\n<p align=\"center\"><span style=\"font-size: 18pt; font-family: 'comic sans ms', sans-serif;\"><em><strong>11- L\u2019Am\u00e9lie (ex-R\u00e9sinier)<\/strong><\/em><\/span><\/p>\n<p><span style=\"font-family: 'comic sans ms', sans-serif; font-size: 12pt;\">Voilier trois-m\u00e2ts victime d&rsquo;une voie d&rsquo;eau dans la rade de saint-Pierre, que l&rsquo;\u00e9quipage a combattu pendant deux jours. A \u00e9t\u00e9 remorqu\u00e9 jusqu&rsquo;\u00e0 l&rsquo;anse Turin o\u00f9 il a \u00e9t\u00e9 \u00e9chou\u00e9.<\/span><\/p>\n<p><span style=\"font-size: 12pt; font-family: 'comic sans ms', sans-serif;\"><span style=\"color: #cc3300;\">Zone d&rsquo;exploration :<\/span><span style=\"color: #000000;\"> Entre 5 et 12 m\u00e8tres de profondeur<\/span><\/span><\/p>\n<p><span style=\"font-size: 12pt; font-family: 'comic sans ms', sans-serif;\"><span style=\"color: #cc3300;\">Niveau minimum requis (FFESSM) :<\/span> Tous niveaux.<\/span><\/p>\n<p><span style=\"font-size: 12pt; font-family: 'comic sans ms', sans-serif;\"><span style=\"color: #cc3300;\">Remarques utiles :<\/span> Epave fragment\u00e9e. Faune et flore vari\u00e9e \u00e0 faible profondeur.<\/span><\/td>\n<\/tr>\n<\/tbody>\n<\/table>\n<p align=\"center\"><a href=\"#haut\">haut de page<\/a><\/p>\n<hr \/>\n<p>&nbsp;<\/p>\n<p><a id=\"tamaya\" name=\"tamaya\"><\/a><\/p>\n<p>&nbsp;<\/p>\n<p>&nbsp;<\/p>\n<table style=\"height: 160px;\" border=\"0\" width=\"618\" align=\"center\">\n<tbody>\n<tr>\n<td width=\"927\">\n<p align=\"center\"><span style=\"font-family: 'comic sans ms', sans-serif; font-size: 18pt;\"><em><strong>12- Le Tamaya<\/strong><\/em><\/span><\/p>\n<p><span style=\"font-family: 'comic sans ms', sans-serif; font-size: 12pt;\">L&rsquo;\u00e9pave du navire a \u00e9t\u00e9 d\u00e9couverte par le navire oc\u00e9anographique de la marine <em>D&rsquo;Entrecastaux<\/em> au cours de la mission oc\u00e9anographique de 1984. Voilier \u00e0 coque m\u00e9tallique. Une des rares \u00e9paves de la Rade identifi\u00e9es puisque une cloche, portant l&rsquo;inscription \u00ab\u00a0<em>Tamaya<\/em> 1862&Prime;, en a \u00e9t\u00e9 remont\u00e9e en 1984. Cette cloche a \u00e9t\u00e9 remise au Mus\u00e9e volcanologique de la Ville de Saint-Pierre.<\/span><\/p>\n<p><span style=\"font-family: 'comic sans ms', sans-serif; font-size: 12pt;\"><span style=\"color: #cc3300;\">Niveau minimum requis (FFESSM) :<\/span> De par sa profondeur on ne peut plonger \u00e0 l&rsquo;air sur cette \u00e9pave conform\u00e9mment \u00e0 l&rsquo;arr\u00eat\u00e9 du 28 F\u00e9vrier 2008 relatif aux dispositions r\u00e9glementaires du Code du Sport.<\/span><\/p>\n<p><span style=\"font-family: 'comic sans ms', sans-serif; font-size: 12pt;\"><span style=\"color: #cc3300;\">Remarques utiles :<\/span> le haut de l&rsquo;\u00e9pave est \u00e0 78 m\u00e8tres et la profondeur maximale est \u00e0 85.<\/span><\/td>\n<\/tr>\n<\/tbody>\n<\/table>\n<p align=\"center\"><a href=\"#haut\">haut de page<\/a><\/p>\n","protected":false},"excerpt":{"rendered":"<p>Les \u00e9paves de Saint-Pierre &nbsp; Zone d&rsquo;exploration : de 5 \u00e0 50 m\u00e8tres Le matin du 8 Mai 1902, la Montagne Pel\u00e9e entra en \u00e9ruption et des dizaines de navires ancr\u00e9s dans la baie de Saint-Pierre ce jour l\u00e0, sombr\u00e8rent. Une douzaine d&rsquo;\u00e9paves offrent aujourd&rsquo;hui aux plongeurs des vestiges \u00e9tonnants que l&rsquo;on peut d\u00e9couvrir dans &hellip; <\/p>\n<p><a class=\"more-link btn\" href=\"https:\/\/www.cscp-plongee.com\/?page_id=1757\">Lire la suite<\/a><\/p>\n","protected":false},"author":2,"featured_media":0,"parent":680,"menu_order":0,"comment_status":"closed","ping_status":"closed","template":"","meta":{"footnotes":""},"class_list":["post-1757","page","type-page","status-publish","hentry","nodate","item-wrap"],"_links":{"self":[{"href":"https:\/\/www.cscp-plongee.com\/index.php?rest_route=\/wp\/v2\/pages\/1757","targetHints":{"allow":["GET"]}}],"collection":[{"href":"https:\/\/www.cscp-plongee.com\/index.php?rest_route=\/wp\/v2\/pages"}],"about":[{"href":"https:\/\/www.cscp-plongee.com\/index.php?rest_route=\/wp\/v2\/types\/page"}],"author":[{"embeddable":true,"href":"https:\/\/www.cscp-plongee.com\/index.php?rest_route=\/wp\/v2\/users\/2"}],"replies":[{"embeddable":true,"href":"https:\/\/www.cscp-plongee.com\/index.php?rest_route=%2Fwp%2Fv2%2Fcomments&post=1757"}],"version-history":[{"count":21,"href":"https:\/\/www.cscp-plongee.com\/index.php?rest_route=\/wp\/v2\/pages\/1757\/revisions"}],"predecessor-version":[{"id":2032,"href":"https:\/\/www.cscp-plongee.com\/index.php?rest_route=\/wp\/v2\/pages\/1757\/revisions\/2032"}],"up":[{"embeddable":true,"href":"https:\/\/www.cscp-plongee.com\/index.php?rest_route=\/wp\/v2\/pages\/680"}],"wp:attachment":[{"href":"https:\/\/www.cscp-plongee.com\/index.php?rest_route=%2Fwp%2Fv2%2Fmedia&parent=1757"}],"curies":[{"name":"wp","href":"https:\/\/api.w.org\/{rel}","templated":true}]}}