{"id":1274,"date":"2014-06-01T19:31:37","date_gmt":"2014-06-01T18:31:37","guid":{"rendered":"http:\/\/localhost\/CSCP\/?page_id=1274"},"modified":"2025-09-15T02:53:35","modified_gmt":"2025-09-15T01:53:35","slug":"accueil-2","status":"publish","type":"page","link":"https:\/\/www.cscp-plongee.com\/","title":{"rendered":"Accueil"},"content":{"rendered":"\t\t<div data-elementor-type=\"wp-page\" data-elementor-id=\"1274\" class=\"elementor elementor-1274\">\n\t\t\t\t\t\t<section class=\"elementor-section elementor-top-section elementor-element elementor-element-57e2d32d elementor-section-boxed elementor-section-height-default elementor-section-height-default\" data-id=\"57e2d32d\" data-element_type=\"section\" data-e-type=\"section\">\n\t\t\t\t\t\t<div class=\"elementor-container elementor-column-gap-default\">\n\t\t\t\t\t<div class=\"elementor-column elementor-col-100 elementor-top-column elementor-element elementor-element-158af5e2\" data-id=\"158af5e2\" data-element_type=\"column\" data-e-type=\"column\">\n\t\t\t<div class=\"elementor-widget-wrap elementor-element-populated\">\n\t\t\t\t\t\t<div class=\"elementor-element elementor-element-7f01eeb elementor-widget elementor-widget-text-editor\" data-id=\"7f01eeb\" data-element_type=\"widget\" data-e-type=\"widget\" data-widget_type=\"text-editor.default\">\n\t\t\t\t<div class=\"elementor-widget-container\">\n\t\t\t\t\t\t\t\t\t<blockquote class=\"wp-block-quote\">\n<p><\/p>\n<p class=\"has-text-align-center\"><span style=\"font-family: 'book antiqua', palatino; font-size: 18pt; color: #003300;\"><em><strong>Bienvenue sur notre site<br \/><span style=\"font-size: 14pt; color: #99cc00;\">(Club associatif loi de 1901)<\/span><\/strong><\/em><span style=\"color: #4a474b; font-family: Lato, sans-serif; font-size: 24px;\">\u00a0<\/span><em><strong><span style=\"font-size: 12pt; color: #99cc00;\"><br \/><\/span><\/strong><\/em><\/span><\/p>\n<p><\/p>\n<p><div class=\"wp-block-image\"><\/p>\n<figure class=\"aligncenter\"><a href=\"https:\/\/www.cscp-plongee.com\/wp-content\/uploads\/2023\/05\/CSCP31.png\" data-rel=\"lightbox-image-0\" data-rl_title=\"\" data-rl_caption=\"\" title=\"\"><img decoding=\"async\" width=\"300\" height=\"138\" class=\"wp-image-3421\" src=\"https:\/\/www.cscp-plongee.com\/wp-content\/uploads\/2023\/05\/CSCP31-300x138.png\" alt=\"\" srcset=\"https:\/\/www.cscp-plongee.com\/wp-content\/uploads\/2023\/05\/CSCP31-300x138.png 300w, https:\/\/www.cscp-plongee.com\/wp-content\/uploads\/2023\/05\/CSCP31-1024x473.png 1024w, https:\/\/www.cscp-plongee.com\/wp-content\/uploads\/2023\/05\/CSCP31-768x354.png 768w, https:\/\/www.cscp-plongee.com\/wp-content\/uploads\/2023\/05\/CSCP31-1536x709.png 1536w, https:\/\/www.cscp-plongee.com\/wp-content\/uploads\/2023\/05\/CSCP31-2048x945.png 2048w, https:\/\/www.cscp-plongee.com\/wp-content\/uploads\/2023\/05\/CSCP31-750x346.png 750w\" sizes=\"(max-width: 300px) 100vw, 300px\" \/><\/a><\/figure>\n<p><\/div><\/p>\n<p><\/p>\n<p><\/p>\n<\/blockquote>\n<p><!-- \/wp:quote --><\/p>\n<p><!-- wp:table {\"className\":\" aligncenter\"} --><\/p>\n<figure class=\"wp-block-table aligncenter\">\n<table class=\"has-fixed-layout\">\n<tbody>\n<tr>\n<td><em><strong><span style=\"font-family: 'book antiqua', palatino; font-size: 14pt;\">Le Club<\/span><\/strong><\/em><\/td>\n<td><em><strong><span style=\"font-family: 'book antiqua', palatino; font-size: 14pt;\">Les\u00a0Tarifs<\/span><\/strong><\/em><\/td>\n<td><span style=\"font-family: 'book antiqua', palatino; font-size: 14pt;\">Les Sites<\/span><\/td>\n<td><span style=\"font-family: 'book antiqua', palatino; font-size: 14pt;\">Inscriptions aux plong\u00e9es<\/span><span style=\"font-family: 'book antiqua', palatino; font-size: 10pt;\">\u00a0<\/span><\/td>\n<\/tr>\n<tr>\n<td>\n<p>\u00a0<\/p>\n<figure><a href=\"http:\/\/www.cscp-plongee.com\/wp-content\/uploads\/2014\/09\/case_pilote_vue.jpg\" data-rel=\"lightbox-image-1\" data-rl_title=\"\" data-rl_caption=\"\" title=\"\"><img fetchpriority=\"high\" decoding=\"async\" class=\"alignnone wp-image-1626 size-medium\" src=\"http:\/\/www.cscp-plongee.com\/wp-content\/uploads\/2014\/09\/case_pilote_vue-300x225.jpg\" alt=\"\" width=\"300\" height=\"225\" srcset=\"https:\/\/www.cscp-plongee.com\/wp-content\/uploads\/2014\/09\/case_pilote_vue-300x225.jpg 300w, https:\/\/www.cscp-plongee.com\/wp-content\/uploads\/2014\/09\/case_pilote_vue.jpg 800w\" sizes=\"(max-width: 300px) 100vw, 300px\" \/><\/a><\/figure>\n<p><span style=\"font-family: 'book antiqua', palatino; font-size: 10pt;\">C<\/span><span style=\"font-family: 'book antiqua', palatino; font-size: 10pt;\">r\u00e9\u00e9 depuis 1985, le Club situ\u00e9 \u00e0 l&rsquo;entr\u00e9e du port de Case Pilote, rayonne sur la c\u00f4te ouest cara\u00efbe de la Martinique.<\/span><span style=\"font-family: 'book antiqua', palatino; font-size: 10pt;\"><em><strong>\u00a0<\/strong><\/em><\/span><\/p>\n<figure><a title=\"Historique\" href=\"https:\/\/www.cscp-plongee.com\/?page_id=261\"><img decoding=\"async\" class=\"alignnone wp-image-1625 size-full\" src=\"https:\/\/www.cscp-plongee.com\/wp-content\/uploads\/2014\/09\/en-savoir.jpg\" alt=\"\" width=\"128\" height=\"32\" \/><\/a><\/figure>\n<\/td>\n<td>\n<p>\u00a0<\/p>\n<figure><a href=\"http:\/\/www.cscp-plongee.com\/wp-content\/uploads\/2014\/09\/tarif.png\" data-rel=\"lightbox-image-2\" data-rl_title=\"\" data-rl_caption=\"\" title=\"\"><img loading=\"lazy\" decoding=\"async\" class=\"alignnone wp-image-1627 size-full\" src=\"http:\/\/www.cscp-plongee.com\/wp-content\/uploads\/2014\/09\/tarif.png\" alt=\"\" width=\"120\" height=\"114\" \/><\/a><\/figure>\n<p>Du bapt\u00eame \u00e0 la plong\u00e9e exploration en passant par nos formations, nos tarifs sont \u00e0 votre disposition.<span style=\"font-family: 'book antiqua', palatino; font-size: 10pt;\">Ces tarifs sont susceptibles de mise \u00e0 jour.<\/span><\/p>\n<figure><a title=\"Tarifs\" href=\"https:\/\/www.cscp-plongee.com\/?page_id=3195\"><img loading=\"lazy\" decoding=\"async\" class=\"alignnone wp-image-1625 size-full\" src=\"http:\/\/www.cscp-plongee.com\/wp-content\/uploads\/2014\/09\/en-savoir.jpg\" alt=\"\" width=\"128\" height=\"32\" \/><\/a><\/figure>\n<p>\u00a0\u00a0<\/p>\n<\/td>\n<td>\n<figure><a href=\"http:\/\/www.cscp-plongee.com\/wp-content\/uploads\/2014\/09\/tortue4.png\" data-rel=\"lightbox-image-3\" data-rl_title=\"\" data-rl_caption=\"\" title=\"\"><img loading=\"lazy\" decoding=\"async\" class=\"alignnone wp-image-1656 size-medium\" src=\"http:\/\/www.cscp-plongee.com\/wp-content\/uploads\/2014\/09\/tortue4-300x225.png\" alt=\"\" width=\"300\" height=\"225\" srcset=\"https:\/\/www.cscp-plongee.com\/wp-content\/uploads\/2014\/09\/tortue4-300x225.png 300w, https:\/\/www.cscp-plongee.com\/wp-content\/uploads\/2014\/09\/tortue4.png 960w\" sizes=\"(max-width: 300px) 100vw, 300px\" \/><\/a><\/figure>\n<p style=\"text-align: center;\">\u00a0<\/p>\n<p style=\"text-align: center;\"><span style=\"font-family: 'book antiqua', palatino; font-size: 10pt;\">\u00a0Nous organisons des plong\u00e9es sur toute la c\u00f4te cara\u00efbe et des sorties sp\u00e9ciales dans le Sud de l&rsquo;\u00eele.<\/span><\/p>\n<figure><a title=\"Les sites\" href=\"https:\/\/www.cscp-plongee.com\/?page_id=640\"><img loading=\"lazy\" decoding=\"async\" class=\"alignnone wp-image-1625 size-full\" src=\"http:\/\/www.cscp-plongee.com\/wp-content\/uploads\/2014\/09\/en-savoir.jpg\" alt=\"\" width=\"128\" height=\"32\" \/><\/a><\/figure>\n<p style=\"text-align: center;\">\u00a0<\/p>\n<p style=\"text-align: center;\">\u00a0<\/p>\n<\/td>\n<td>\n<p>\u00a0<\/p>\n<figure><a href=\"http:\/\/www.cscp-plongee.com\/wp-content\/uploads\/2014\/09\/inscriptions1.jpg\" data-rel=\"lightbox-image-4\" data-rl_title=\"\" data-rl_caption=\"\" title=\"\"><img loading=\"lazy\" decoding=\"async\" class=\"alignnone wp-image-1636 size-medium\" src=\"http:\/\/www.cscp-plongee.com\/wp-content\/uploads\/2014\/09\/inscriptions1-300x240.jpg\" alt=\"\" width=\"300\" height=\"240\" srcset=\"https:\/\/www.cscp-plongee.com\/wp-content\/uploads\/2014\/09\/inscriptions1-300x240.jpg 300w, https:\/\/www.cscp-plongee.com\/wp-content\/uploads\/2014\/09\/inscriptions1.jpg 360w\" sizes=\"(max-width: 300px) 100vw, 300px\" \/><\/a><\/figure>\n<p><span style=\"font-family: 'book antiqua', palatino; font-size: 10pt;\">Vous devrez vous inscrire via le site.<br \/><\/span><span style=\"font-family: 'book antiqua', palatino; font-size: 10pt;\">Les inscriptions se font par heure de d\u00e9part du bateau.<\/span><\/p>\n<figure><a title=\"Inscriptions aux plong\u00e9es\" href=\"https:\/\/public.zuurit.com\/cscp-plongee\/login\"><img decoding=\"async\" class=\"alignnone wp-image-1625 size-full\" src=\"https:\/\/www.cscp-plongee.com\/wp-content\/uploads\/2014\/09\/en-savoir.jpg\" alt=\"\" width=\"128\" height=\"32\" \/><\/a><\/figure>\n<p>\u00a0<\/p>\n<\/td>\n<\/tr>\n<\/tbody>\n<\/table>\n<\/figure>\n<p><!-- \/wp:table --><\/p>\n<p><!-- wp:paragraph {\"align\":\"center\"} --><\/p>\n<p class=\"has-text-align-center\"><span style=\"color: #003300;\"><strong><em><span style=\"font-family: 'book antiqua', palatino; font-size: 14pt;\">Bonne visite<\/span><\/em><\/strong><\/span><\/p>\n<p><!-- \/wp:paragraph --><\/p>\n<p><!-- wp:paragraph --><\/p>\n<p><!-- \/wp:paragraph --><\/p>\t\t\t\t\t\t\t\t<\/div>\n\t\t\t\t<\/div>\n\t\t\t\t\t<\/div>\n\t\t<\/div>\n\t\t\t\t\t<\/div>\n\t\t<\/section>\n\t\t\t\t<\/div>\n\t\t","protected":false},"excerpt":{"rendered":"<p>Bienvenue sur notre site(Club associatif loi de 1901)\u00a0 Le Club Les\u00a0Tarifs Les Sites Inscriptions aux plong\u00e9es\u00a0 \u00a0 Cr\u00e9\u00e9 depuis 1985, le Club situ\u00e9 \u00e0 l&rsquo;entr\u00e9e du port de Case Pilote, rayonne sur la c\u00f4te ouest cara\u00efbe de la Martinique.\u00a0 \u00a0 Du bapt\u00eame \u00e0 la plong\u00e9e exploration en passant par nos formations, nos tarifs sont \u00e0 &hellip; <\/p>\n<p><a class=\"more-link btn\" href=\"https:\/\/www.cscp-plongee.com\/\">Lire la suite<\/a><\/p>\n","protected":false},"author":2,"featured_media":0,"parent":0,"menu_order":1,"comment_status":"closed","ping_status":"closed","template":"","meta":{"footnotes":""},"class_list":["post-1274","page","type-page","status-publish","hentry","nodate","item-wrap"],"_links":{"self":[{"href":"https:\/\/www.cscp-plongee.com\/index.php?rest_route=\/wp\/v2\/pages\/1274","targetHints":{"allow":["GET"]}}],"collection":[{"href":"https:\/\/www.cscp-plongee.com\/index.php?rest_route=\/wp\/v2\/pages"}],"about":[{"href":"https:\/\/www.cscp-plongee.com\/index.php?rest_route=\/wp\/v2\/types\/page"}],"author":[{"embeddable":true,"href":"https:\/\/www.cscp-plongee.com\/index.php?rest_route=\/wp\/v2\/users\/2"}],"replies":[{"embeddable":true,"href":"https:\/\/www.cscp-plongee.com\/index.php?rest_route=%2Fwp%2Fv2%2Fcomments&post=1274"}],"version-history":[{"count":33,"href":"https:\/\/www.cscp-plongee.com\/index.php?rest_route=\/wp\/v2\/pages\/1274\/revisions"}],"predecessor-version":[{"id":3697,"href":"https:\/\/www.cscp-plongee.com\/index.php?rest_route=\/wp\/v2\/pages\/1274\/revisions\/3697"}],"wp:attachment":[{"href":"https:\/\/www.cscp-plongee.com\/index.php?rest_route=%2Fwp%2Fv2%2Fmedia&parent=1274"}],"curies":[{"name":"wp","href":"https:\/\/api.w.org\/{rel}","templated":true}]}}